{"id":111977,"date":"2025-07-31T00:00:00","date_gmt":"2025-07-30T22:00:00","guid":{"rendered":"http:\/\/gpl-love.com\/fr\/produit\/simple-link-directory-pro-wordpress-plugin\/"},"modified":"2026-04-10T18:39:41","modified_gmt":"2026-04-10T16:39:41","slug":"simple-link-directory-pro-wordpress-plugin","status":"publish","type":"product","link":"https:\/\/gpl-love.com\/fr\/produit\/simple-link-directory-pro-wordpress-plugin\/","title":{"rendered":"Simple Link Directory Pro Wordpress Plugin 14.8.4"},"content":{"rendered":"<h3>Simple Link Directory Pro Wordpress Plugin Traits<\/h3>\n<p>Le plugin simple r\u00e9pertoire des liens Pro WordPress, r\u00e9put\u00e9 pour ses capacit\u00e9s puissantes, offre aux propri\u00e9taires de sites Web la possibilit\u00e9 d&rsquo;\u00e9tablir des r\u00e9pertoires de liens globaux sur leurs sites Web respectifs. En fournissant la capacit\u00e9 d&rsquo;incorporer plusieurs cat\u00e9gories, de personnaliser les champs et m\u00eame de modifier les styles CSS, ce plugin remarquable simplifie la t\u00e2che d&rsquo;organiser et de montrer des liens d&rsquo;une mani\u00e8re qui d\u00e9gage le professionnalisme et l&rsquo;attrait visuel. De plus, le d\u00e9passement du fonctionnement du r\u00e9pertoire de liens rudimentaires, le plugin Pro Simple Link Directory Pro pr\u00e9sente \u00e9galement des attributs suppl\u00e9mentaires tels que le suivi des liens, l&rsquo;optimisation des moteurs de recherche et la validation des liens, ce qui en fait un atout inestimable pour tout propri\u00e9taire de site Web cherchant \u00e0 am\u00e9liorer leurs efforts de gestion des liens et \u00e0 augmenter et augmenter La cr\u00e9dibilit\u00e9 de leur site Web. Que vous vous identifiiez en tant que blogueur, marketing ou propri\u00e9taire d&rsquo;entreprise, l&rsquo;indispensabilit\u00e9 du plugin de liaison simple Pro WordPress ne peut pas \u00eatre surestim\u00e9e, car il s&rsquo;agit d&rsquo;un outil indispensable pour optimiser la valeur de liaison de votre site Web.<\/p>\n<ul>\n<li>Un plugin WordPress facile \u00e0 utiliser qui vous permet de cr\u00e9er et de g\u00e9rer les r\u00e9pertoires de liens sur votre site Web<\/li>\n<li>Mod\u00e8les et styles personnalisables pour correspondre \u00e0 l&rsquo;apparence et \u00e0 la sensation de votre site Web<\/li>\n<li>Permet les soumissions et la mod\u00e9ration des utilisateurs, vous donnant un contr\u00f4le sur les liens affich\u00e9s sur votre site<\/li>\n<li>Support multicangue, ce qui le rend accessible aux utilisateurs du monde<\/li>\n<li>Fonctionnalit\u00e9s conviviales, y compris les m\u00e9ta-titres et descriptions personnalis\u00e9s pour vos liens et cat\u00e9gories<\/li>\n<li>Statistiques et suivi int\u00e9gr\u00e9s pour mesurer les performances de votre r\u00e9pertoire de lien<\/li>\n<li>S&rsquo;int\u00e8gre aux th\u00e8mes WordPress populaires et aux autres plugins pour les fonctionnalit\u00e9s transparentes<\/li>\n<li>Mises \u00e0 jour r\u00e9guli\u00e8res et support client pour s&rsquo;assurer que le plugin fonctionne en douceur et r\u00e9pond \u00e0 vos besoins.<\/li>\n<\/ul>\n","protected":false},"excerpt":{"rendered":"<p>Simple Link Directory Pro, un plugin WordPress tr\u00e8s robuste et tr\u00e8s riche en fonctionnalit\u00e9s, offre aux propri\u00e9taires de sites une solution transparente et sans effort pour la cr\u00e9ation et la gestion des r\u00e9pertoires de liens. En vertu de son interface conviviale et intuitive, les individus peuvent sans effort int\u00e9grer et organiser une vaste gamme de liens, \u00e9tablir et configurer des cat\u00e9gories et des balises, ainsi que personnaliser l&rsquo;apparence globale et l&rsquo;ambiance de leur r\u00e9pertoire pour s&rsquo;aligner impeccablement avec leur marque unique. Que l&rsquo;on s&rsquo;efforce de construire un vaste r\u00e9f\u00e9rentiel de ressources pr\u00e9cieuses, de g\u00e9rer une liste approfondie de produits ou de services recommand\u00e9s ou de mettre en \u0153uvre un assortiment de liens pertinents au profit de leur public cibl\u00e9, Simple Link Directory Pro repr\u00e9sente comme l&rsquo;outil de choix in\u00e9gal\u00e9 pour Celles-ci d\u00e9sirant d&rsquo;infuser leur site Web avec un air de plus grand professionnalisme.<\/p>\n","protected":false},"featured_media":145253,"comment_status":"open","ping_status":"open","template":"","meta":[],"product_brand":[2435],"product_cat":[1189,1181,1186],"product_tag":[1231],"class_list":{"0":"post-111977","1":"product","2":"type-product","3":"status-publish","4":"has-post-thumbnail","6":"product_brand-codecanyon","7":"product_cat-personnalisation","8":"product_cat-plugins","9":"product_cat-wordpress-plugins","10":"product_tag-codecanyon","11":"member-discount","12":"discount-restricted","14":"first","15":"instock","16":"sale","17":"downloadable","18":"virtual","19":"sold-individually","20":"purchasable","21":"product-type-simple"},"_links":{"self":[{"href":"https:\/\/gpl-love.com\/fr\/wp-json\/wp\/v2\/product\/111977","targetHints":{"allow":["GET"]}}],"collection":[{"href":"https:\/\/gpl-love.com\/fr\/wp-json\/wp\/v2\/product"}],"about":[{"href":"https:\/\/gpl-love.com\/fr\/wp-json\/wp\/v2\/types\/product"}],"replies":[{"embeddable":true,"href":"https:\/\/gpl-love.com\/fr\/wp-json\/wp\/v2\/comments?post=111977"}],"wp:featuredmedia":[{"embeddable":true,"href":"https:\/\/gpl-love.com\/fr\/wp-json\/wp\/v2\/media\/145253"}],"wp:attachment":[{"href":"https:\/\/gpl-love.com\/fr\/wp-json\/wp\/v2\/media?parent=111977"}],"wp:term":[{"taxonomy":"product_brand","embeddable":true,"href":"https:\/\/gpl-love.com\/fr\/wp-json\/wp\/v2\/product_brand?post=111977"},{"taxonomy":"product_cat","embeddable":true,"href":"https:\/\/gpl-love.com\/fr\/wp-json\/wp\/v2\/product_cat?post=111977"},{"taxonomy":"product_tag","embeddable":true,"href":"https:\/\/gpl-love.com\/fr\/wp-json\/wp\/v2\/product_tag?post=111977"}],"curies":[{"name":"wp","href":"https:\/\/api.w.org\/{rel}","templated":true}]}}