{"id":111973,"date":"2025-12-04T00:00:00","date_gmt":"2025-12-03T23:00:00","guid":{"rendered":"http:\/\/gpl-love.com\/fr\/produit\/fooevents-for-woocommerce-and-addons\/"},"modified":"2026-03-20T23:06:18","modified_gmt":"2026-03-20T22:06:18","slug":"fooevents-for-woocommerce-and-addons","status":"publish","type":"product","link":"https:\/\/gpl-love.com\/fr\/produit\/fooevents-for-woocommerce-and-addons\/","title":{"rendered":"FooEvents pour WooCommerce 1.20.21"},"content":{"rendered":"<h3>FooEvents pour WooCommerce Traits<\/h3>\n<p>FOOEVENTS FOR WOOCOMMERCE est un plugin incroyablement robuste et riche en fonctionnalit\u00e9s qui offre une large gamme de fonctionnalit\u00e9s pour g\u00e9rer sans effort la gestion et la vente de billets d&rsquo;\u00e9v\u00e9nements via votre magasin WooCommerce. Cet outil exceptionnel vous permet de cr\u00e9er et de personnaliser sans effort les \u00e9v\u00e9nements en fonction de vos exigences sp\u00e9cifiques, tout en vous accordant un contr\u00f4le total sur les options de tarification et divers types de billets. De plus, il permet une gestion et une organisation efficaces des donn\u00e9es des participants, garantissant une exp\u00e9rience rationalis\u00e9e et sans tracas. En outre, sa capacit\u00e9 \u00e0 suivre efficacement les ventes et la fr\u00e9quentation fournit des informations inestimables aux organisateurs d&rsquo;\u00e9v\u00e9nements. Non seulement cela, mais il offre \u00e9galement la commodit\u00e9 de mettre en place des rappels et des notifications, gardant ainsi les participants bien inform\u00e9s et activement engag\u00e9s tout au long de l&rsquo;\u00e9v\u00e9nement. Essentiellement, FoOevents for WooCommerce se pr\u00e9sente comme une solution exceptionnelle et indispensable pour les entreprises, les organisations et les personnes cherchant \u00e0 h\u00e9berger et \u00e0 vendre sans effort des billets pour des \u00e9v\u00e9nements en ligne. Sa nature conviviale, combin\u00e9e \u00e0 sa flexibilit\u00e9 in\u00e9gal\u00e9e, garantit une exp\u00e9rience transparente et gratifiante pour les organisateurs d&rsquo;\u00e9v\u00e9nements et les participants.<\/p>\n<ul>\n<li>Int\u00e9gration transparente avec WooCommerce<\/li>\n<li>Pages d&rsquo;\u00e9v\u00e9nements personnalisables et types de billets<\/li>\n<li>Capacit\u00e9 \u00e0 vendre des billets et des r\u00e9servations \u00e0 l&rsquo;avance<\/li>\n<li>Plusieurs options de paiement pour les clients<\/li>\n<li>Num\u00e9risation des billets de code-barres et de code QR<\/li>\n<li>Enregistrement et suivi de la fr\u00e9quentation<\/li>\n<li>Rappels par e-mail et notifications des clients<\/li>\n<li>Rapports avanc\u00e9s et analyses<\/li>\n<li>Prise en charge des \u00e9v\u00e9nements virtuels et en personne<\/li>\n<li>\u00c9quipe de support client r\u00e9actif.<\/li>\n<\/ul>\n","protected":false},"excerpt":{"rendered":"<p>FooEvents pour WooCommerce est une extension performante et robuste qui vous permet de g\u00e9rer et de vendre facilement des billets pour une multitude d&rsquo;\u00e9v\u00e9nements directement depuis votre boutique en ligne WooCommerce. Gr\u00e2ce \u00e0 ses nombreuses fonctionnalit\u00e9s, telles que la personnalisation des types de billets selon vos besoins, la g\u00e9n\u00e9ration de rapports d\u00e9taill\u00e9s sur les ventes, l&rsquo;utilisation de codes de r\u00e9duction pour encourager les achats et l&rsquo;envoi de rappels d&rsquo;\u00e9v\u00e9nements, FooEvents simplifie la cr\u00e9ation et la gestion d&rsquo;\u00e9v\u00e9nements de toute envergure. Que vous organisiez un atelier intimiste ou un grand festival de musique, FooEvents pour WooCommerce est l&rsquo;outil id\u00e9al pour optimiser la billetterie et booster vos ventes.<\/p>\n","protected":false},"featured_media":143899,"comment_status":"open","ping_status":"open","template":"","meta":[],"product_brand":[2554],"product_cat":[1182,1223,1181],"product_tag":[2253],"class_list":{"0":"post-111973","1":"product","2":"type-product","3":"status-publish","4":"has-post-thumbnail","6":"product_brand-fooevents","7":"product_cat-commerce-electronique-plugins","8":"product_cat-personnalisation-commerce-electronique-plugins","9":"product_cat-plugins","10":"product_tag-fooevents","11":"member-discount","12":"discount-restricted","14":"first","15":"instock","16":"sale","17":"downloadable","18":"virtual","19":"sold-individually","20":"purchasable","21":"product-type-simple"},"_links":{"self":[{"href":"https:\/\/gpl-love.com\/fr\/wp-json\/wp\/v2\/product\/111973","targetHints":{"allow":["GET"]}}],"collection":[{"href":"https:\/\/gpl-love.com\/fr\/wp-json\/wp\/v2\/product"}],"about":[{"href":"https:\/\/gpl-love.com\/fr\/wp-json\/wp\/v2\/types\/product"}],"replies":[{"embeddable":true,"href":"https:\/\/gpl-love.com\/fr\/wp-json\/wp\/v2\/comments?post=111973"}],"wp:featuredmedia":[{"embeddable":true,"href":"https:\/\/gpl-love.com\/fr\/wp-json\/wp\/v2\/media\/143899"}],"wp:attachment":[{"href":"https:\/\/gpl-love.com\/fr\/wp-json\/wp\/v2\/media?parent=111973"}],"wp:term":[{"taxonomy":"product_brand","embeddable":true,"href":"https:\/\/gpl-love.com\/fr\/wp-json\/wp\/v2\/product_brand?post=111973"},{"taxonomy":"product_cat","embeddable":true,"href":"https:\/\/gpl-love.com\/fr\/wp-json\/wp\/v2\/product_cat?post=111973"},{"taxonomy":"product_tag","embeddable":true,"href":"https:\/\/gpl-love.com\/fr\/wp-json\/wp\/v2\/product_tag?post=111973"}],"curies":[{"name":"wp","href":"https:\/\/api.w.org\/{rel}","templated":true}]}}