{"id":111970,"date":"2026-01-24T00:00:00","date_gmt":"2026-01-23T23:00:00","guid":{"rendered":"http:\/\/gpl-love.com\/fr\/produit\/novashare-wordpress-social-sharing-plugin\/"},"modified":"2026-04-10T18:34:52","modified_gmt":"2026-04-10T16:34:52","slug":"novashare-wordpress-social-sharing-plugin","status":"publish","type":"product","link":"https:\/\/gpl-love.com\/fr\/produit\/novashare-wordpress-social-sharing-plugin\/","title":{"rendered":"Novashare WordPress Social Sharing Plugin 1.6.5"},"content":{"rendered":"<h3>Novashare WordPress Social Sharing Plugin Traits<\/h3>\n<p>Novashare, un plugin de partage social incroyablement robuste, a \u00e9t\u00e9 con\u00e7u de mani\u00e8re complexe sp\u00e9cifiquement pour les sites Web WordPress. Son interface de pointe et conviviale permet aux propri\u00e9taires de sites Web de promouvoir sans effort leur contenu pr\u00e9cieux sur de nombreuses plateformes de m\u00e9dias sociaux. Ce plugin fournit une vaste gamme de fonctionnalit\u00e9s personnalisables, ce qui permet aux utilisateurs de personnaliser l&rsquo;apparence de leurs boutons de partage social conform\u00e9ment \u00e0 leurs pr\u00e9f\u00e9rences. En tirant parti de la puissance de Novashare, les propri\u00e9taires de sites Web acqui\u00e8rent la possibilit\u00e9 de surveiller et d&rsquo;analyser les partages de m\u00e9dias sociaux et les taux de clics, obtenant ainsi des informations inestimables sur la r\u00e9ception de leur contenu par leur public cible. Que vous soyez un blogueur passionn\u00e9, un ambitieux propri\u00e9taire d&rsquo;une petite entreprise ou un commercial chevronn\u00e9 de niveau d&rsquo;entreprise, Novashare sert sans \u00e9quivoque un outil indispensable pour amplifier vos efforts de marketing sur les r\u00e9seaux sociaux.<\/p>\n<ul>\n<li>Plugin facile \u00e0 utiliser pour partager le contenu WordPress sur les plateformes de m\u00e9dias sociaux<\/li>\n<li>Fournit des boutons de partage social personnalisables pour diverses plateformes comme Facebook, Twitter, LinkedIn, Pinterest, et plus<\/li>\n<li>A une conception r\u00e9active qui fonctionne sur tous les appareils et tailles d&rsquo;\u00e9cran<\/li>\n<li>Permet aux utilisateurs de suivre les mesures de partage social comme les partages, les clics et les taux de conversion<\/li>\n<li>Offre plusieurs options d&rsquo;affichage, y compris des boutons de barre lat\u00e9rale flottants ou des boutons en ligne pour les messages et pages individuels<\/li>\n<li>S&rsquo;int\u00e8gre aux outils de marketing par e-mail populaires pour aider \u00e0 d\u00e9velopper les abonn\u00e9s de la liste des e-mails<\/li>\n<li>Prend en charge plusieurs traductions linguistiques pour le public mondial<\/li>\n<li>Fournit des mises \u00e0 jour en cours et un support client de l&rsquo;\u00e9quipe des d\u00e9veloppeurs.<\/li>\n<\/ul>\n","protected":false},"excerpt":{"rendered":"<p>Novashare, un plugin de partage social incroyablement puissant et convivial, a \u00e9t\u00e9 exclusivement con\u00e7u pour les sites Web WordPress. Vous permettant de ses fonctionnalit\u00e9s remarquables, ce plugin int\u00e8gre sans effort les boutons de partage social sur votre site Web, accordant \u00e0 vos visiteurs la possibilit\u00e9 de diffuser votre contenu sur leurs plateformes de m\u00e9dias sociaux pr\u00e9f\u00e9r\u00e9es. En cons\u00e9quence, votre pr\u00e9sence en ligne et votre visibilit\u00e9 sont consid\u00e9rablement \u00e9lev\u00e9es. En outre, Novashare propose une multitude d&rsquo;options de personnalisation, qui englobent la conception, le placement et la s\u00e9lection des r\u00e9seaux sociaux. Cette polyvalence vous permet d&rsquo;adapter efficacement vos pr\u00e9f\u00e9rences de partage conform\u00e9ment \u00e0 votre public distinct. B\u00e9n\u00e9ficiant de temps de chargement rapide et d&rsquo;une conception r\u00e9active mobile, Novashare est sans \u00e9quivoque comme le plugin de partage social ultime pour tout site Web WordPress. Ses capacit\u00e9s remarquables sont garanties pour amplifier votre port\u00e9e, renforcer l&rsquo;engagement et finalement g\u00e9n\u00e9rer une augmentation substantielle du trafic de site Web.<\/p>\n","protected":false},"featured_media":144830,"comment_status":"open","ping_status":"open","template":"","meta":[],"product_brand":[2607],"product_cat":[1207,1181,1186],"product_tag":[1623],"class_list":{"0":"post-111970","1":"product","2":"type-product","3":"status-publish","4":"has-post-thumbnail","6":"product_brand-novashare","7":"product_cat-commercialisation-wordpress-plugins","8":"product_cat-plugins","9":"product_cat-wordpress-plugins","10":"product_tag-novashare","11":"member-discount","12":"discount-restricted","14":"first","15":"instock","16":"sale","17":"downloadable","18":"virtual","19":"sold-individually","20":"purchasable","21":"product-type-simple"},"_links":{"self":[{"href":"https:\/\/gpl-love.com\/fr\/wp-json\/wp\/v2\/product\/111970","targetHints":{"allow":["GET"]}}],"collection":[{"href":"https:\/\/gpl-love.com\/fr\/wp-json\/wp\/v2\/product"}],"about":[{"href":"https:\/\/gpl-love.com\/fr\/wp-json\/wp\/v2\/types\/product"}],"replies":[{"embeddable":true,"href":"https:\/\/gpl-love.com\/fr\/wp-json\/wp\/v2\/comments?post=111970"}],"wp:featuredmedia":[{"embeddable":true,"href":"https:\/\/gpl-love.com\/fr\/wp-json\/wp\/v2\/media\/144830"}],"wp:attachment":[{"href":"https:\/\/gpl-love.com\/fr\/wp-json\/wp\/v2\/media?parent=111970"}],"wp:term":[{"taxonomy":"product_brand","embeddable":true,"href":"https:\/\/gpl-love.com\/fr\/wp-json\/wp\/v2\/product_brand?post=111970"},{"taxonomy":"product_cat","embeddable":true,"href":"https:\/\/gpl-love.com\/fr\/wp-json\/wp\/v2\/product_cat?post=111970"},{"taxonomy":"product_tag","embeddable":true,"href":"https:\/\/gpl-love.com\/fr\/wp-json\/wp\/v2\/product_tag?post=111970"}],"curies":[{"name":"wp","href":"https:\/\/api.w.org\/{rel}","templated":true}]}}