{"id":111968,"date":"2026-03-08T00:00:00","date_gmt":"2026-03-07T23:00:00","guid":{"rendered":"http:\/\/gpl-love.com\/fr\/produit\/edubin-education-lms-wordpress-theme\/"},"modified":"2026-03-30T18:30:16","modified_gmt":"2026-03-30T16:30:16","slug":"edubin-education-lms-wordpress-theme","status":"publish","type":"product","link":"https:\/\/gpl-love.com\/fr\/produit\/edubin-education-lms-wordpress-theme\/","title":{"rendered":"Edubin Education LMS WordPress Theme 9.5.11"},"content":{"rendered":"<h3>Edubin Education LMS WordPress Theme Traits<\/h3>\n<p>Le th\u00e8me WordPress Edubin Education LMS, r\u00e9put\u00e9 pour ses capacit\u00e9s compl\u00e8tes, sert de solution int\u00e9gr\u00e9e et inclusive pour les \u00e9tablissements d&rsquo;enseignement ainsi que les plateformes d&rsquo;apprentissage en ligne. Ses fonctionnalit\u00e9s profondes englobent un syst\u00e8me de gestion de l&rsquo;apprentissage robuste (LMS) qui rationalise le processus complexe de d\u00e9veloppement et de supervision des cours virtuels. Ce th\u00e8me pr\u00e9sente une vaste gamme d&rsquo;options personnalisables, passant de la cr\u00e9ation de cours \u00e0 la gestion et \u00e0 la surveillance des progr\u00e8s. De plus, Edubin poss\u00e8de une r\u00e9activit\u00e9 compl\u00e8te et une optimisation m\u00e9ticuleuse pour divers appareils mobiles, garantissant ainsi l&rsquo;accessibilit\u00e9 sans effort au mat\u00e9riel \u00e9ducatif pour les \u00e9tudiants, quelle que soit leur emplacement. De plus, il englobe une myriade de pages et de dispositions pr\u00e9-con\u00e7ues, facilitant une initiation transparente de votre plate-forme d&rsquo;apprentissage en ligne. Avec Edubin \u00e0 votre disposition, vous avez le pouvoir de cr\u00e9er une rencontre \u00e9ducative en ligne sophistiqu\u00e9e et captivante, adapt\u00e9e aux besoins de vos \u00e9tudiants estim\u00e9s.<\/p>\n<ul>\n<li>Conception professionnelle et moderne pour les plateformes d&rsquo;\u00e9ducation en ligne<\/li>\n<li>Construit sur WordPress pour faciliter l&rsquo;utilisation et la flexibilit\u00e9<\/li>\n<li>Syst\u00e8me int\u00e9gr\u00e9 de gestion de l&rsquo;apprentissage (LMS) pour l&rsquo;organisation et la disposition du mat\u00e9riel de cours<\/li>\n<li>Pages de cours personnalisables avec diff\u00e9rentes mises en page, plans de cours et support multim\u00e9dia<\/li>\n<li>Quiz et \u00e9valuations pour suivre les progr\u00e8s et l&rsquo;engagement des \u00e9tudiants<\/li>\n<li>Int\u00e9gration WooCommerce pour la vente de cours et la gestion des paiements<\/li>\n<li>Tableau de bord convivial pour les instructeurs et les \u00e9tudiants pour suivre les progr\u00e8s et la communication<\/li>\n<li>Conception r\u00e9active et conviviale pour l&rsquo;acc\u00e8s sur n&rsquo;importe quel appareil<\/li>\n<li>Support linguistique multiple pour la port\u00e9e mondiale et l&rsquo;accessibilit\u00e9<\/li>\n<li>Installation et configuration faciles avec une documentation d\u00e9taill\u00e9e et un support du d\u00e9veloppeur.<\/li>\n<\/ul>\n","protected":false},"excerpt":{"rendered":"<p>Le th\u00e8me WordPress Edubin Education LMS est un cadre extr\u00eamement adaptable et convivial qui facilite la construction de sites Web \u00e9ducatifs. Ce th\u00e8me offre une pl\u00e9thore de capacit\u00e9s remarquables, y compris la gestion des cours, les profils d&rsquo;instructeurs, les quiz en ligne et le suivi des progr\u00e8s des \u00e9tudiants, le rendant absolument parfait pour les \u00e9tablissements d&rsquo;enseignement, les universit\u00e9s et les plateformes d&rsquo;apprentissage en ligne. De plus, il englobe un large \u00e9ventail d&rsquo;options de personnalisation, simplifiant ainsi le processus d&rsquo;adaptation de votre site Web pour r\u00e9pondre \u00e0 vos exigences et \u00e0 votre marque distinctes. Que votre objectif soit d&rsquo;\u00e9tablir une initiative d&rsquo;apprentissage en ligne compl\u00e8te ou de promouvoir simplement le contenu \u00e9ducatif, le th\u00e8me WordPress LMS EDUBIN Education comprend tous les composants essentiels n\u00e9cessaires \u00e0 votre r\u00e9alisation triomphante du succ\u00e8s.<\/p>\n","protected":false},"featured_media":143672,"comment_status":"open","ping_status":"open","template":"","meta":[],"product_brand":[2433],"product_cat":[1516,1212,1213],"product_tag":[1366],"class_list":{"0":"post-111968","1":"product","2":"type-product","3":"status-publish","4":"has-post-thumbnail","6":"product_brand-themeforest","7":"product_cat-entreprise","8":"product_cat-themes","9":"product_cat-wordpress-themes","10":"product_tag-themeforest","11":"member-discount","12":"discount-restricted","14":"first","15":"instock","16":"sale","17":"downloadable","18":"virtual","19":"sold-individually","20":"purchasable","21":"product-type-simple"},"_links":{"self":[{"href":"https:\/\/gpl-love.com\/fr\/wp-json\/wp\/v2\/product\/111968","targetHints":{"allow":["GET"]}}],"collection":[{"href":"https:\/\/gpl-love.com\/fr\/wp-json\/wp\/v2\/product"}],"about":[{"href":"https:\/\/gpl-love.com\/fr\/wp-json\/wp\/v2\/types\/product"}],"replies":[{"embeddable":true,"href":"https:\/\/gpl-love.com\/fr\/wp-json\/wp\/v2\/comments?post=111968"}],"wp:featuredmedia":[{"embeddable":true,"href":"https:\/\/gpl-love.com\/fr\/wp-json\/wp\/v2\/media\/143672"}],"wp:attachment":[{"href":"https:\/\/gpl-love.com\/fr\/wp-json\/wp\/v2\/media?parent=111968"}],"wp:term":[{"taxonomy":"product_brand","embeddable":true,"href":"https:\/\/gpl-love.com\/fr\/wp-json\/wp\/v2\/product_brand?post=111968"},{"taxonomy":"product_cat","embeddable":true,"href":"https:\/\/gpl-love.com\/fr\/wp-json\/wp\/v2\/product_cat?post=111968"},{"taxonomy":"product_tag","embeddable":true,"href":"https:\/\/gpl-love.com\/fr\/wp-json\/wp\/v2\/product_tag?post=111968"}],"curies":[{"name":"wp","href":"https:\/\/api.w.org\/{rel}","templated":true}]}}