{"id":111964,"date":"2022-06-11T00:00:00","date_gmt":"2022-06-10T22:00:00","guid":{"rendered":"http:\/\/gpl-love.com\/fr\/produit\/careerfy-job-board-wordpress-theme\/"},"modified":"2026-03-20T22:58:02","modified_gmt":"2026-03-20T21:58:02","slug":"careerfy-job-board-wordpress-theme","status":"publish","type":"product","link":"https:\/\/gpl-love.com\/fr\/produit\/careerfy-job-board-wordpress-theme\/","title":{"rendered":"Careerfy Job Board WordPress Theme 9.1.6"},"content":{"rendered":"<h3>Careerfy Job Board WordPress Theme Traits<\/h3>\n<p>Le th\u00e8me WordPress du Board Board Careerfy est un th\u00e8me exceptionnellement polyvalent et convivial qui est sp\u00e9cialement con\u00e7u pour r\u00e9pondre aux besoins des listes d&#8217;emplois et des agences de recrutement. Ce th\u00e8me complet offre un processus de recherche et de demande d&#8217;emploi transparent pour les demandeurs d&#8217;emploi et les employeurs, tout en offrant une gamme d&rsquo;options personnalisables pour les propri\u00e9taires de sites Web. Avec sa vaste gamme de fonctionnalit\u00e9s, y compris un constructeur de CV de premier ordre, des alertes de travail pratiques et une int\u00e9gration de paiement transparent, le th\u00e8me garantit que la recherche et la publication de travaux devient une exp\u00e9rience sans effort et sans tracas. Sans oublier, le th\u00e8me est m\u00e9ticuleusement optimis\u00e9 pour les moteurs de recherche, am\u00e9liorant ainsi la visibilit\u00e9 et la d\u00e9couvre des demandeurs d&#8217;emploi et des employeurs. En r\u00e9sum\u00e9, si vous cherchez \u00e0 d\u00e9velopper un portail d&#8217;emploi tr\u00e8s efficace et professionnel ou un site Web du conseil d&#8217;emploi, le th\u00e8me WordPress du conseil d&#8217;emploi Careerfy est incontestablement la solution id\u00e9ale.<\/p>\n<ul>\n<li>Conception professionnelle et moderne pour un site Web du conseil d&#8217;emploi<\/li>\n<li>Chargement enti\u00e8rement r\u00e9actif et super rapide<\/li>\n<li>Interface facile \u00e0 personnaliser et conviviale<\/li>\n<li>Options avanc\u00e9es de recherche et de filtrage pour les demandeurs d&#8217;emploi<\/li>\n<li>Les employeurs et les recruteurs peuvent facilement publier et g\u00e9rer les listes d&#8217;emplois<\/li>\n<li>Int\u00e9gration avec des passerelles de paiement populaires pour facturer les listes d&#8217;emplois<\/li>\n<li>Syst\u00e8me de gestion de CV puissant pour les gestionnaires d&#8217;embauche<\/li>\n<li>Int\u00e9gration transparente avec des plugins tiers populaires comme WooCommerce et WPML<\/li>\n<li>Syst\u00e8me de suivi des candidats int\u00e9gr\u00e9s pour un recrutement efficace<\/li>\n<li>Compatible avec tous les principaux navigateurs et appareils<\/li>\n<li>Support client d\u00e9di\u00e9 et mises \u00e0 jour r\u00e9guli\u00e8res pour les corrections de bogues et les nouvelles fonctionnalit\u00e9s.<\/li>\n<\/ul>\n","protected":false},"excerpt":{"rendered":"<p>Le th\u00e8me WordPress du Board Board Careerfy est une plate-forme imbattable pour tous ceux qui cherchent \u00e0 cr\u00e9er un portail d&#8217;emploi professionnel et convivial. Ce th\u00e8me est con\u00e7u pour s&rsquo;int\u00e9grer de mani\u00e8re transparente \u00e0 WordPress, ce qui facilite le lancement d&rsquo;une carte de travail. CareerFy propose une multitude de fonctionnalit\u00e9s qui am\u00e9lioreront l&rsquo;exp\u00e9rience de recherche d&#8217;emploi \u00e0 vos utilisateurs. Il est livr\u00e9 avec une fonction de recherche d&#8217;emploi compl\u00e8te qui peut \u00eatre personnalis\u00e9e en fonction de divers types d&#8217;emplois, sp\u00e9cialit\u00e9s et r\u00e9gions. De plus, il arbore un tableau de bord convivial pour les employeurs afin de g\u00e9rer les affectations d&#8217;emploi et de suivre les applications. Le th\u00e8me comprend \u00e9galement les fonctionnalit\u00e9s d&rsquo;alerte par e-mail, garantissant que les demandeurs d&#8217;emploi sont toujours mis \u00e0 jour avec les derni\u00e8res opportunit\u00e9s. De plus, le th\u00e8me WordPress du Board Board Careerfy est pleinement r\u00e9actif, ce qui signifie qu&rsquo;il ressemblera et fonctionnera parfaitement sur n&rsquo;importe quel appareil. Que vous soyez une agence de recrutement, une grande entreprise ou un conseil d&#8217;emploi naissant, CareerFy fournit une solution professionnelle, facile \u00e0 utiliser et riche en fonctionnalit\u00e9s.<\/p>\n","protected":false},"featured_media":143357,"comment_status":"open","ping_status":"open","template":"","meta":[],"product_brand":[2433],"product_cat":[1516,1212,1213],"product_tag":[1366],"class_list":{"0":"post-111964","1":"product","2":"type-product","3":"status-publish","4":"has-post-thumbnail","6":"product_brand-themeforest","7":"product_cat-entreprise","8":"product_cat-themes","9":"product_cat-wordpress-themes","10":"product_tag-themeforest","11":"member-discount","12":"discount-restricted","14":"first","15":"instock","16":"sale","17":"downloadable","18":"virtual","19":"sold-individually","20":"purchasable","21":"product-type-simple"},"_links":{"self":[{"href":"https:\/\/gpl-love.com\/fr\/wp-json\/wp\/v2\/product\/111964","targetHints":{"allow":["GET"]}}],"collection":[{"href":"https:\/\/gpl-love.com\/fr\/wp-json\/wp\/v2\/product"}],"about":[{"href":"https:\/\/gpl-love.com\/fr\/wp-json\/wp\/v2\/types\/product"}],"replies":[{"embeddable":true,"href":"https:\/\/gpl-love.com\/fr\/wp-json\/wp\/v2\/comments?post=111964"}],"wp:featuredmedia":[{"embeddable":true,"href":"https:\/\/gpl-love.com\/fr\/wp-json\/wp\/v2\/media\/143357"}],"wp:attachment":[{"href":"https:\/\/gpl-love.com\/fr\/wp-json\/wp\/v2\/media?parent=111964"}],"wp:term":[{"taxonomy":"product_brand","embeddable":true,"href":"https:\/\/gpl-love.com\/fr\/wp-json\/wp\/v2\/product_brand?post=111964"},{"taxonomy":"product_cat","embeddable":true,"href":"https:\/\/gpl-love.com\/fr\/wp-json\/wp\/v2\/product_cat?post=111964"},{"taxonomy":"product_tag","embeddable":true,"href":"https:\/\/gpl-love.com\/fr\/wp-json\/wp\/v2\/product_tag?post=111964"}],"curies":[{"name":"wp","href":"https:\/\/api.w.org\/{rel}","templated":true}]}}