{"id":111962,"date":"2021-02-17T00:00:00","date_gmt":"2021-02-16T23:00:00","guid":{"rendered":"http:\/\/gpl-love.com\/fr\/produit\/premium-cryptocurrency-widgets-wordpress-crypto-plugin\/"},"modified":"2026-04-10T18:36:54","modified_gmt":"2026-04-10T16:36:54","slug":"premium-cryptocurrency-widgets-wordpress-crypto-plugin","status":"publish","type":"product","link":"https:\/\/gpl-love.com\/fr\/produit\/premium-cryptocurrency-widgets-wordpress-crypto-plugin\/","title":{"rendered":"Premium Cryptocurrency Widgets WordPress Crypto Plugin 2.17.0"},"content":{"rendered":"<h3>Premium Cryptocurrency Widgets WordPress Crypto Plugin Traits<\/h3>\n<p>Le plugin Crypto Crypto Crypto-monnaie de crypto-monnaie premium est un outil extr\u00eamement robuste et dynamique qui est exceptionnellement bien adapt\u00e9 aux propri\u00e9taires de sites Web cherchant \u00e0 incorporer de mani\u00e8re transparente des donn\u00e9es de crypto-monnaie compl\u00e8tes et \u00e0 jour dans leurs plateformes en ligne. Ce plugin propose g\u00e9n\u00e9reusement une vaste gamme de widgets personnalisables qui peuvent \u00eatre m\u00e9ticuleusement adapt\u00e9s pour r\u00e9pondre sp\u00e9cifiquement \u00e0 vos exigences uniques et individualis\u00e9es, englobant un assortiment de fonctionnalit\u00e9s indispensables telles que les tickers de prix \u00e9claircissants, les convertisseurs de devises de pointe, de ressources suppl\u00e9mentaires inestimables. De plus, ce plugin remarquable pr\u00e9sente sa polyvalence et son adaptabilit\u00e9 in\u00e9gal\u00e9es en prenant en charge et en soutenant un spectre impressionnant de plus de 1 500 crypto-monnaies, soulignant ainsi son engagement in\u00e9branlable envers l&rsquo;inclusivit\u00e9 et la compr\u00e9hension globale. En outre, son interface conviviale le rend accessible parfaitement et navigable sans effort pour les amateurs de crypto-monnaie naissants et assaisonn\u00e9s. De plus, les d\u00e9veloppeurs de ce plugin exceptionnel se sont tenus avec diligence \u00e0 optimiser ses fonctionnalit\u00e9s en la concevant m\u00e9ticuleusement pour \u00eatre admirablement l\u00e9g\u00e8re et supr\u00eamement rationalis\u00e9e, en veillant \u00e0 ce qu&rsquo;elle fonctionne avec une alacrit\u00e9 in\u00e9gal\u00e9e et une r\u00e9activit\u00e9 inlassable, m\u00eame confront\u00e9e \u00e0 l&rsquo;inclusion de widgets. Dans l&rsquo;ensemble, les widgets de crypto-monnaie premium WordPress Plugin crypto se dressent sans \u00e9quivoque la t\u00eate et les \u00e9paules au-dessus de la concurrence, garantissant son indispensabilit\u00e9 \u00e0 toute personne d\u00e9termin\u00e9e \u00e0 rester \u00e0 l&rsquo;avant-garde du domaine de la crypto-monnaie en constante \u00e9volution et en constante \u00e9volution.<\/p>\n<ul>\n<li>Le plugin Crypto WordPress de crypto-monnaie premium est l&rsquo;outil ultime pour les amateurs et les commer\u00e7ants des crypto-monnaies.<\/li>\n<li>Ce plugin propose une collection compl\u00e8te d&rsquo;analyses de march\u00e9 et d&rsquo;outils de donn\u00e9es pour une grande vari\u00e9t\u00e9 de crypto-monnaies, notamment Bitcoin, Ethereum et bien d&rsquo;autres.<\/li>\n<li>Avec des widgets personnalisables et faciles \u00e0 utiliser, les utilisateurs peuvent facilement afficher les prix de cryptographie, les graphiques et les flux d&rsquo;actualit\u00e9s en temps r\u00e9el sur leur site WordPress.<\/li>\n<li>Les widgets de crypto-monnaie premium WordPress Crypto Plugin sont des flux de donn\u00e9es tr\u00e8s pr\u00e9cis \u00e0 partir des \u00e9changes sup\u00e9rieurs, garantissant aux utilisateurs les informations de march\u00e9 les plus r\u00e9centes.<\/li>\n<li>Les utilisateurs peuvent s\u00e9lectionner dans plusieurs styles et conceptions de widgets, personnaliser les couleurs et les polices, et ajouter ou supprimer facilement les widgets.<\/li>\n<li>Ce plugin offre \u00e9galement une prise en charge des centaines de crypto-monnaies, ce qui en fait un outil polyvalent et puissant pour les amateurs de crypto et les professionnels.<\/li>\n<li>Con\u00e7ue pour les d\u00e9butants et les utilisateurs avanc\u00e9s, le plugin Crypto WordPress Crypto de crypto-monnaie premium propose une gamme d&rsquo;outils et de fonctionnalit\u00e9s pour aider les utilisateurs \u00e0 mieux comprendre les tendances du march\u00e9 et \u00e0 prendre des d\u00e9cisions de n\u00e9gociation \u00e9clair\u00e9es.<\/li>\n<li>Le plugin est facile \u00e0 installer et \u00e0 configurer, avec une documentation d\u00e9taill\u00e9e et une prise en charge disponibles pour aider les utilisateurs \u00e0 d\u00e9marrer.<\/li>\n<\/ul>\n","protected":false},"excerpt":{"rendered":"<p>Le plugin Crypto WordPress crypto-monnaie Premium CryptoCurrence est un outil num\u00e9rique indispensable pour les personnes qui poss\u00e8dent une profonde passion et des connaissances pour les crypto-monnaies. Ce plugin remarquable accorde \u00e0 ses utilisateurs la possibilit\u00e9 de pr\u00e9senter une gamme de widgets de crypto-monnaie, allant des tickers dynamiques de prix en direct aux taux de change complets, tout en int\u00e9grant un convertisseur de devises num\u00e9riques capable de g\u00e9rer plus de 1100 crypto-monnaies. En outre, ce plugin est fortifi\u00e9 avec une multitude de fonctionnalit\u00e9s robustes, telles que des donn\u00e9es de march\u00e9 en temps r\u00e9el, des widgets personnalisables et une conception r\u00e9active adaptable de mani\u00e8re transparente, garantissant ainsi une exp\u00e9rience utilisateur \u00e9lev\u00e9e et in\u00e9gal\u00e9e. N&rsquo;h\u00e9sitez plus; Saisissez l&rsquo;opportunit\u00e9 d&rsquo;acqu\u00e9rir ce plugin aujourd&rsquo;hui et pr\u00e9sentent sans effort des informations de crypto-monnaie sur votre site Web WordPress d&rsquo;une mani\u00e8re qui refl\u00e8te vraiment votre expertise et votre professionnalisme!<\/p>\n","protected":false},"featured_media":145011,"comment_status":"open","ping_status":"open","template":"","meta":[],"product_brand":[2435],"product_cat":[1253,1181,1186],"product_tag":[1231],"class_list":{"0":"post-111962","1":"product","2":"type-product","3":"status-publish","4":"has-post-thumbnail","6":"product_brand-codecanyon","7":"product_cat-paiement","8":"product_cat-plugins","9":"product_cat-wordpress-plugins","10":"product_tag-codecanyon","11":"member-discount","12":"discount-restricted","14":"first","15":"instock","16":"sale","17":"downloadable","18":"virtual","19":"sold-individually","20":"purchasable","21":"product-type-simple"},"_links":{"self":[{"href":"https:\/\/gpl-love.com\/fr\/wp-json\/wp\/v2\/product\/111962","targetHints":{"allow":["GET"]}}],"collection":[{"href":"https:\/\/gpl-love.com\/fr\/wp-json\/wp\/v2\/product"}],"about":[{"href":"https:\/\/gpl-love.com\/fr\/wp-json\/wp\/v2\/types\/product"}],"replies":[{"embeddable":true,"href":"https:\/\/gpl-love.com\/fr\/wp-json\/wp\/v2\/comments?post=111962"}],"wp:featuredmedia":[{"embeddable":true,"href":"https:\/\/gpl-love.com\/fr\/wp-json\/wp\/v2\/media\/145011"}],"wp:attachment":[{"href":"https:\/\/gpl-love.com\/fr\/wp-json\/wp\/v2\/media?parent=111962"}],"wp:term":[{"taxonomy":"product_brand","embeddable":true,"href":"https:\/\/gpl-love.com\/fr\/wp-json\/wp\/v2\/product_brand?post=111962"},{"taxonomy":"product_cat","embeddable":true,"href":"https:\/\/gpl-love.com\/fr\/wp-json\/wp\/v2\/product_cat?post=111962"},{"taxonomy":"product_tag","embeddable":true,"href":"https:\/\/gpl-love.com\/fr\/wp-json\/wp\/v2\/product_tag?post=111962"}],"curies":[{"name":"wp","href":"https:\/\/api.w.org\/{rel}","templated":true}]}}