{"id":111960,"date":"2021-04-15T00:00:00","date_gmt":"2021-04-14T22:00:00","guid":{"rendered":"http:\/\/gpl-love.com\/fr\/produit\/woowbot-chatbot-for-woocommerce\/"},"modified":"2026-03-20T23:48:56","modified_gmt":"2026-03-20T22:48:56","slug":"woowbot-chatbot-for-woocommerce","status":"publish","type":"product","link":"https:\/\/gpl-love.com\/fr\/produit\/woowbot-chatbot-for-woocommerce\/","title":{"rendered":"WoowBot ChatBot pour WooCommerce 12.4.0"},"content":{"rendered":"<h3>WoowBot ChatBot pour WooCommerce Traits<\/h3>\n<p>Le chatbot WOOWBOT pour WooCommerce est un plugin incroyablement puissant qui offre la commodit\u00e9 suppl\u00e9mentaire du service client automatis\u00e9 pour votre boutique en ligne. Ce chatbot remarquable est sp\u00e9cialement con\u00e7u pour s&rsquo;int\u00e9grer de mani\u00e8re transparente \u00e0 votre site Web WooCommerce, en veillant \u00e0 ce que vos clients re\u00e7oivent une exp\u00e9rience d&rsquo;achat efficace et personnalis\u00e9e. En mettant en \u0153uvre WOOWBOT, vous avez la possibilit\u00e9 d&rsquo;automatiser un large \u00e9ventail d&rsquo;interactions clients courantes, y compris les demandes de produits, le suivi des commandes et les mises \u00e0 jour des stocks. Ce qui distingue ce chatbot, ce sont ses capacit\u00e9s avanc\u00e9es de traitement du langage naturel, qui lui permettent de comprendre et de r\u00e9pondre aux requ\u00eates des clients d&rsquo;une mani\u00e8re vraiment humaine. Comme avantage suppl\u00e9mentaire, WOOWBOT comprend un constructeur de chatbot facile \u00e0 utiliser, vous permettant de cr\u00e9er des flux de discussion personnalis\u00e9s qui refl\u00e8tent avec pr\u00e9cision la personnalit\u00e9 et la voix de votre marque. Dans l&rsquo;ensemble, le chatbot WOOWBOT pour WooCommerce est un outil exceptionnel qui non seulement rationalise votre service client, mais augmente \u00e9galement consid\u00e9rablement les ventes et am\u00e9liore la satisfaction globale des clients.<\/p>\n<ul>\n<li>Augmente l&rsquo;engagement des clients sur votre boutique WooCommerce en offrant une assistance personnalis\u00e9e 24 heures sur 24.<\/li>\n<li>R\u00e9duit la charge de travail et permet \u00e0 votre \u00e9quipe de se concentrer sur d&rsquo;autres t\u00e2ches commerciales importantes.<\/li>\n<li>Aide les clients \u00e0 trouver ce qu&rsquo;ils recherchent en quelques secondes en comprenant leurs besoins gr\u00e2ce \u00e0 un traitement du langage naturel.<\/li>\n<li>Permet aux clients de passer des commandes ou de faire des demandes via plusieurs canaux, notamment Facebook Messenger, WhatsApp et Skype.<\/li>\n<li>Livr\u00e9 avec des mod\u00e8les pr\u00e9d\u00e9finis et une interface conviviale, ce qui facilite la configuration et la personnalisation.<\/li>\n<li>Fournit des analyses d\u00e9taill\u00e9es sur les interactions et le comportement des clients pour des strat\u00e9gies de marketing efficaces.<\/li>\n<li>Offre une gamme de plans de prix abordables pour r\u00e9pondre aux diff\u00e9rents besoins commerciaux.<\/li>\n<\/ul>\n","protected":false},"excerpt":{"rendered":"<p>Woowbot Chatbot pour WooCommerce, un plugin Chatbot extraordinairement robuste et navigable sans effort, a \u00e9t\u00e9 m\u00e9ticuleusement con\u00e7u pour am\u00e9liorer l&rsquo;exp\u00e9rience client et agrandir les ventes pour les propri\u00e9taires de magasins en ligne. Ce chatbot exploite la puissance de l&rsquo;intelligence artificielle et du traitement du langage naturel pour initier des conversations en temps r\u00e9el avec les clients, offrant ainsi des recommandations de produits inestimables, fournissant des r\u00e9ponses aux demandes de renseignements et ex\u00e9cutant de mani\u00e8re transparente les commandes. En adoptant les capacit\u00e9s in\u00e9gal\u00e9es de Woowbot Chatbot, on peut interagir efficacement avec les clients \u00e0 toutes les heures de la journ\u00e9e, chaque jour, en fin de compte, un service client exceptionnel sans toute intervention humaine. Que vos objectifs englobent des revenus d&rsquo;augmentation, de la r\u00e9duction de l&rsquo;abandon de la chariot ou de l&rsquo;am\u00e9lioration du support client, le chatbot woowbot pour WooCommerce constitue la r\u00e9solution par excellence pour toute boutique en ligne.<\/p>\n","protected":false},"featured_media":146098,"comment_status":"open","ping_status":"open","template":"","meta":[],"product_brand":[2435],"product_cat":[1200,1182,1181],"product_tag":[1231],"class_list":{"0":"post-111960","1":"product","2":"type-product","3":"status-publish","4":"has-post-thumbnail","6":"product_brand-codecanyon","7":"product_cat-commercialisation","8":"product_cat-commerce-electronique-plugins","9":"product_cat-plugins","10":"product_tag-codecanyon","11":"member-discount","12":"discount-restricted","14":"first","15":"instock","16":"sale","17":"downloadable","18":"virtual","19":"sold-individually","20":"purchasable","21":"product-type-simple"},"_links":{"self":[{"href":"https:\/\/gpl-love.com\/fr\/wp-json\/wp\/v2\/product\/111960","targetHints":{"allow":["GET"]}}],"collection":[{"href":"https:\/\/gpl-love.com\/fr\/wp-json\/wp\/v2\/product"}],"about":[{"href":"https:\/\/gpl-love.com\/fr\/wp-json\/wp\/v2\/types\/product"}],"replies":[{"embeddable":true,"href":"https:\/\/gpl-love.com\/fr\/wp-json\/wp\/v2\/comments?post=111960"}],"wp:featuredmedia":[{"embeddable":true,"href":"https:\/\/gpl-love.com\/fr\/wp-json\/wp\/v2\/media\/146098"}],"wp:attachment":[{"href":"https:\/\/gpl-love.com\/fr\/wp-json\/wp\/v2\/media?parent=111960"}],"wp:term":[{"taxonomy":"product_brand","embeddable":true,"href":"https:\/\/gpl-love.com\/fr\/wp-json\/wp\/v2\/product_brand?post=111960"},{"taxonomy":"product_cat","embeddable":true,"href":"https:\/\/gpl-love.com\/fr\/wp-json\/wp\/v2\/product_cat?post=111960"},{"taxonomy":"product_tag","embeddable":true,"href":"https:\/\/gpl-love.com\/fr\/wp-json\/wp\/v2\/product_tag?post=111960"}],"curies":[{"name":"wp","href":"https:\/\/api.w.org\/{rel}","templated":true}]}}