{"id":111956,"date":"2022-02-24T00:00:00","date_gmt":"2022-02-23T23:00:00","guid":{"rendered":"http:\/\/gpl-love.com\/fr\/produit\/woocommerce-product-table\/"},"modified":"2026-04-10T18:48:13","modified_gmt":"2026-04-10T16:48:13","slug":"woocommerce-product-table","status":"publish","type":"product","link":"https:\/\/gpl-love.com\/fr\/produit\/woocommerce-product-table\/","title":{"rendered":"WooCommerce Product Table 2.6.0"},"content":{"rendered":"<h3>WooCommerce Product Table Traits<\/h3>\n<p>La table de produits WooCommerce est une solution incroyablement efficace et efficace pour pr\u00e9senter toute votre gamme de produits dans un format de table hautement organis\u00e9 et visuellement attrayant. En offrant une gamme de colonnes et de filtres personnalisables, cet outil inestimable vous permet de pr\u00e9senter sans effort votre marchandise d&rsquo;une mani\u00e8re adapt\u00e9e aux pr\u00e9f\u00e9rences et aux besoins uniques de votre client\u00e8le exigeante. De plus, ce tableau remarquable est enti\u00e8rement r\u00e9actif, ce qui signifie qu&rsquo;il s&rsquo;adapte et s&rsquo;adapte de mani\u00e8re transparente pour s&rsquo;adapter parfaitement aux \u00e9crans de toute taille, garantissant ainsi une exp\u00e9rience de visualisation constamment optimale pour tous les visiteurs. De plus, sa fonctionnalit\u00e9 de recherche ing\u00e9nieuse conf\u00e8re \u00e0 votre client\u00e8le la commodit\u00e9 in\u00e9gal\u00e9e de localiser rapidement et facilement les \u00e9l\u00e9ments souhait\u00e9s. Comme si cela ne suffisait pas, ce plugin exceptionnel poss\u00e8de \u00e9galement une impressionnante gamme de fonctionnalit\u00e9s avanc\u00e9es qui r\u00e9pondent aux exigences tr\u00e8s sp\u00e9cifiques de la commande en vrac, permettant efficacement \u00e0 votre pr\u00e9cieux client\u00e8le d&rsquo;ajouter sans effort plusieurs produits \u00e0 leurs paniers d&rsquo;achat virtuels \u00e0 la fois. Dans l&rsquo;ensemble, le tableau des produits WooCommerce est incontestablement un atout indispensable pour tout d\u00e9taillant en ligne exigeant visant \u00e0 \u00e9lever leur affichage de produit et, par cons\u00e9quent, \u00e0 am\u00e9liorer la satisfaction globale et la satisfaction de leur client\u00e8le estim\u00e9e.<\/p>\n<ul>\n<li>Affiche les produits WooCommerce dans une grille ou un format de table pour une visualisation et une comparaison faciles<\/li>\n<li>Permet aux clients de filtrer rapidement et de trier les produits en fonction de divers crit\u00e8res<\/li>\n<li>Options de mise en page et de conception personnalisables pour correspondre \u00e0 la marque et au style de votre site Web<\/li>\n<li>Conception r\u00e9active mobile pour la navigation transparente sur tous les appareils<\/li>\n<li>Prend en charge les fonctionnalit\u00e9s de recherche avanc\u00e9es pour trouver rapidement des produits sp\u00e9cifiques<\/li>\n<li>S&rsquo;int\u00e8gre aux variations et attributs de produits de WooCommerce pour des options de produits compl\u00e8tes<\/li>\n<li>Options de vente crois\u00e9e et de vense pour augmenter les ventes et les revenus<\/li>\n<li>Option pour masquer les articles hors de l&rsquo;aspect ou afficher des produits \u00e0 guichets ferm\u00e9s avec un \u00e9tiquetage diff\u00e9rent<\/li>\n<li>Compatible avec une vari\u00e9t\u00e9 d&rsquo;extensions de woocomence et d&rsquo;addons pour des fonctionnalit\u00e9s suppl\u00e9mentaires<\/li>\n<\/ul>\n","protected":false},"excerpt":{"rendered":"<p>La table de produits WooCommerce poss\u00e8de un ensemble formidable de fonctionnalit\u00e9s et de fonctionnalit\u00e9s, ce qui le rend un plugin exceptionnellement puissant et polyvalent qui offre un m\u00e9canisme remarquablement convivial pour pr\u00e9senter votre gamme diversifi\u00e9e de produits dans un format tabulaire compr\u00e9hensible sans effort. Cet outil remarquablement avantageux vous permet de pr\u00e9senter sans effort et efficacement tous vos produits et leurs informations associ\u00e9es de mani\u00e8re succincte, rationalis\u00e9e et m\u00e9ticuleusement organis\u00e9e. Le niveau de personnalisation in\u00e9gal\u00e9 que ce plugin offre est vraiment impressionnant, vous permettant de s&rsquo;adapter m\u00e9ticuleusement et de l&rsquo;adapter pour s&rsquo;aligner impeccablement avec vos exigences et sp\u00e9cifications individualis\u00e9s. En tirant parti de la table de produits WooCommerce, vous avez acc\u00e8s \u00e0 une vaste gamme de fonctionnalit\u00e9s tr\u00e8s pratiques et inestimables, telles que la capacit\u00e9 transparente \u00e0 filtrer et \u00e0 rechercher sans effort des produits sp\u00e9cifiques, \u00e0 impr\u00e9gner des colonnes avec la capacit\u00e9 d&rsquo;\u00eatre tri\u00e9e, d&rsquo;int\u00e9grer de mani\u00e8re transparente des champs personnalis\u00e9s et tellement plus. Sans l&rsquo;ombre d&rsquo;un doute, cela repr\u00e9sente irr\u00e9futablement la solution d\u00e9finitive pour tous les magasins en ligne qui cherchent \u00e0 optimiser et \u00e0 rationaliser leurs affichages de produits, tout en am\u00e9liorant simultan\u00e9ment l&rsquo;exp\u00e9rience utilisateur globale de mani\u00e8re sans pr\u00e9c\u00e9dent.<\/p>\n","protected":false},"featured_media":145996,"comment_status":"open","ping_status":"open","template":"","meta":[],"product_brand":[2435],"product_cat":[1182,1223,1181],"product_tag":[1231],"class_list":{"0":"post-111956","1":"product","2":"type-product","3":"status-publish","4":"has-post-thumbnail","6":"product_brand-codecanyon","7":"product_cat-commerce-electronique-plugins","8":"product_cat-personnalisation-commerce-electronique-plugins","9":"product_cat-plugins","10":"product_tag-codecanyon","11":"member-discount","12":"discount-restricted","14":"first","15":"instock","16":"sale","17":"downloadable","18":"virtual","19":"sold-individually","20":"purchasable","21":"product-type-simple"},"_links":{"self":[{"href":"https:\/\/gpl-love.com\/fr\/wp-json\/wp\/v2\/product\/111956","targetHints":{"allow":["GET"]}}],"collection":[{"href":"https:\/\/gpl-love.com\/fr\/wp-json\/wp\/v2\/product"}],"about":[{"href":"https:\/\/gpl-love.com\/fr\/wp-json\/wp\/v2\/types\/product"}],"replies":[{"embeddable":true,"href":"https:\/\/gpl-love.com\/fr\/wp-json\/wp\/v2\/comments?post=111956"}],"wp:featuredmedia":[{"embeddable":true,"href":"https:\/\/gpl-love.com\/fr\/wp-json\/wp\/v2\/media\/145996"}],"wp:attachment":[{"href":"https:\/\/gpl-love.com\/fr\/wp-json\/wp\/v2\/media?parent=111956"}],"wp:term":[{"taxonomy":"product_brand","embeddable":true,"href":"https:\/\/gpl-love.com\/fr\/wp-json\/wp\/v2\/product_brand?post=111956"},{"taxonomy":"product_cat","embeddable":true,"href":"https:\/\/gpl-love.com\/fr\/wp-json\/wp\/v2\/product_cat?post=111956"},{"taxonomy":"product_tag","embeddable":true,"href":"https:\/\/gpl-love.com\/fr\/wp-json\/wp\/v2\/product_tag?post=111956"}],"curies":[{"name":"wp","href":"https:\/\/api.w.org\/{rel}","templated":true}]}}