{"id":111954,"date":"2021-09-14T00:00:00","date_gmt":"2021-09-13T22:00:00","guid":{"rendered":"http:\/\/gpl-love.com\/fr\/produit\/gloreya-restaurant-fast-food-delivery-woocommerce-theme\/"},"modified":"2026-03-20T23:17:10","modified_gmt":"2026-03-20T22:17:10","slug":"gloreya-restaurant-fast-food-delivery-woocommerce-theme","status":"publish","type":"product","link":"https:\/\/gpl-love.com\/fr\/produit\/gloreya-restaurant-fast-food-delivery-woocommerce-theme\/","title":{"rendered":"Gloreya Restaurant Fast Food et Delivery WooCommerce Theme 2.0.5"},"content":{"rendered":"<h3>Gloreya Restaurant Fast Food et Delivery WooCommerce Theme Traits<\/h3>\n<p>Le th\u00e8me WooCommerce du restaurant Gloreya Restaurant Fast Food and Delivery se pr\u00e9sente comme une solution exceptionnelle sp\u00e9cialement con\u00e7ue pour les entreprises alimentaires qui ont un besoin urgent d&rsquo;une plate-forme de commerce \u00e9lectronique compl\u00e8te, conviviale et puissante. B\u00e9n\u00e9ficiant d&rsquo;une gamme de fonctionnalit\u00e9s et de fonctionnalit\u00e9s de haute qualit\u00e9, ce th\u00e8me parvient \u00e0 fusionner de mani\u00e8re transparente une interface facile \u00e0 utiliser avec la possibilit\u00e9 de cr\u00e9er des pr\u00e9sences en ligne visuellement attrayantes pour les propri\u00e9taires de restaurants qui cherchent \u00e0 \u00e9lever leurs entreprises vers de nouveaux sommets. En outre, il fournit \u00e9galement les outils n\u00e9cessaires pour g\u00e9rer sans effort les magasins en ligne et les services de livraison, garantissant une op\u00e9ration fluide et efficace. Avec sa vaste gamme d&rsquo;options de menu alimentaires, de dispositions attrayantes et de mod\u00e8les personnalisables, ce th\u00e8me s&rsquo;adresse \u00e0 toutes les entreprises alimentaires. De plus, il va au-del\u00e0 en offrant plusieurs options de paiement, des outils de gestion des commandes et une conception r\u00e9active, qui contribuent toutes grandement \u00e0 une exp\u00e9rience utilisateur accrue pour les clients. Ne perdez pas de temps et vous lancez dans votre voyage vers le succ\u00e8s en exploitant la puissance du th\u00e8me WooCommerce de Fast Food and Delivery WooCommerce du restaurant Gloreya!<\/p>\n<ul>\n<li>Design \u00e9l\u00e9gant et moderne parfait pour les restaurants de restauration rapide et de livraison<\/li>\n<li>Enti\u00e8rement personnalisable avec des constructeurs de page de glisser-d\u00e9poser intuitifs<\/li>\n<li>Syst\u00e8me de commande en ligne int\u00e9gr\u00e9 pour une livraison facile et des commandes \u00e0 emporter<\/li>\n<li>Prend en charge plusieurs passerelles de paiement pour des transactions pratiques<\/li>\n<li>Conception r\u00e9active mobile pour un acc\u00e8s facile sur n&rsquo;importe quel appareil<\/li>\n<li>Importation en un clic de contenu de d\u00e9monstration pour une configuration rapide et facile<\/li>\n<li>SEO optimis\u00e9 pour une visibilit\u00e9 plus \u00e9lev\u00e9e dans les moteurs de recherche<\/li>\n<li>Int\u00e9gration facile avec des plugins populaires comme WooCommerce et WPML<\/li>\n<li>Support client d\u00e9di\u00e9 disponible pour aider \u00e0 toute question ou probl\u00e8me<\/li>\n<\/ul>\n","protected":false},"excerpt":{"rendered":"<p>Am\u00e9liorez et r\u00e9volutionnez la pr\u00e9sence num\u00e9rique de votre restaurant en adoptant le th\u00e8me WooCommerce du restaurant Gloreya de pointe. Ce th\u00e8me sophistiqu\u00e9 et contemporain a \u00e9t\u00e9 complexe pour optimiser impeccablement votre syst\u00e8me de commande en ligne, offrant une pl\u00e9thore de fonctionnalit\u00e9s remarquables, notamment la personnalisation sans effort, les temps de chargement rapides et rapides et l&rsquo;int\u00e9gration sans faille avec la plate-forme WooCommerce hautement acclam\u00e9e. Avec un \u00e9ventail de mod\u00e8les pr\u00e9-con\u00e7us divers \u00e0 votre disposition et une vaste gamme d&rsquo;options de personnalisation, vous \u00eates habilit\u00e9 \u00e0 adapter m\u00e9ticuleusement votre site Web pour refl\u00e9ter et incarner impeccablement l&rsquo;essence distinctive de votre marque. Que vous vous sp\u00e9cialisiez dans la restauration rapide ou que vous proposiez un service de livraison complet, le th\u00e8me remarquable de Gloreya est la solution par excellence pour tout restaurant aspirant \u00e0 augmenter leurs chiffres de vente en ligne et rationaliser leur processus de commande complexe \u00e0 des niveaux d&rsquo;efficacit\u00e9 sans pr\u00e9c\u00e9dent.<\/p>\n","protected":false},"featured_media":144028,"comment_status":"open","ping_status":"open","template":"","meta":[],"product_brand":[2433],"product_cat":[1606,1212,1213],"product_tag":[1366],"class_list":{"0":"post-111954","1":"product","2":"type-product","3":"status-publish","4":"has-post-thumbnail","6":"product_brand-themeforest","7":"product_cat-restauration-et-restaurant","8":"product_cat-themes","9":"product_cat-wordpress-themes","10":"product_tag-themeforest","11":"member-discount","12":"discount-restricted","14":"first","15":"instock","16":"sale","17":"downloadable","18":"virtual","19":"sold-individually","20":"purchasable","21":"product-type-simple"},"_links":{"self":[{"href":"https:\/\/gpl-love.com\/fr\/wp-json\/wp\/v2\/product\/111954","targetHints":{"allow":["GET"]}}],"collection":[{"href":"https:\/\/gpl-love.com\/fr\/wp-json\/wp\/v2\/product"}],"about":[{"href":"https:\/\/gpl-love.com\/fr\/wp-json\/wp\/v2\/types\/product"}],"replies":[{"embeddable":true,"href":"https:\/\/gpl-love.com\/fr\/wp-json\/wp\/v2\/comments?post=111954"}],"wp:featuredmedia":[{"embeddable":true,"href":"https:\/\/gpl-love.com\/fr\/wp-json\/wp\/v2\/media\/144028"}],"wp:attachment":[{"href":"https:\/\/gpl-love.com\/fr\/wp-json\/wp\/v2\/media?parent=111954"}],"wp:term":[{"taxonomy":"product_brand","embeddable":true,"href":"https:\/\/gpl-love.com\/fr\/wp-json\/wp\/v2\/product_brand?post=111954"},{"taxonomy":"product_cat","embeddable":true,"href":"https:\/\/gpl-love.com\/fr\/wp-json\/wp\/v2\/product_cat?post=111954"},{"taxonomy":"product_tag","embeddable":true,"href":"https:\/\/gpl-love.com\/fr\/wp-json\/wp\/v2\/product_tag?post=111954"}],"curies":[{"name":"wp","href":"https:\/\/api.w.org\/{rel}","templated":true}]}}