{"id":111952,"date":"2025-06-10T00:00:00","date_gmt":"2025-06-09T22:00:00","guid":{"rendered":"http:\/\/gpl-love.com\/fr\/produit\/homey-booking-and-rentals-wordpress-theme\/"},"modified":"2026-03-20T23:19:38","modified_gmt":"2026-03-20T22:19:38","slug":"homey-booking-and-rentals-wordpress-theme","status":"publish","type":"product","link":"https:\/\/gpl-love.com\/fr\/produit\/homey-booking-and-rentals-wordpress-theme\/","title":{"rendered":"Homey Booking et Rentals WordPress Theme 2.4.6"},"content":{"rendered":"<h3>Homey Booking et Rentals WordPress Theme Traits<\/h3>\n<p>Le th\u00e8me WordPress de r\u00e9servation et de location intime est un instrument extr\u00eamement puissant et \u00e0 multiples facettes qui vous permet de fa\u00e7onner sans effort un site Web dans le but de r\u00e9server et de louer diverses propri\u00e9t\u00e9s. En vous profitant d&rsquo;un vaste \u00e9ventail de possibilit\u00e9s de personnalisation et d&rsquo;attributs, vous avez la possibilit\u00e9 d&rsquo;adapter votre site \u00e0 r\u00e9pondre avec pr\u00e9cision aux exigences particuli\u00e8res de votre entreprise. Le th\u00e8me int\u00e8gre des alternatives de paiement int\u00e9gr\u00e9es, des fonctionnalit\u00e9s de recherche avanc\u00e9es et des interfaces conviviales pour les propri\u00e9taires et les locataires. Peu importe que vous supervisiez une location de vacances solitaire ou un \u00e9tablissement de gestion immobili\u00e8re globale, le th\u00e8me Homey vous fournit les outils requis pour rationaliser vos activit\u00e9s op\u00e9rationnelles et amplifier votre pr\u00e9sence en ligne.<\/p>\n<ul>\n<li>Un th\u00e8me WordPress moderne et \u00e9l\u00e9gant sp\u00e9cialement con\u00e7u pour les entreprises de r\u00e9servation et de location.<\/li>\n<li>Enti\u00e8rement personnalisable avec plusieurs options de disposition, sch\u00e9mas de couleurs et choix de polices.<\/li>\n<li>Livr\u00e9 avec un puissant syst\u00e8me de r\u00e9servation qui permet aux clients de faire des r\u00e9servations et des paiements directement sur votre site Web.<\/li>\n<li>Calendrier de disponibilit\u00e9 int\u00e9gr\u00e9 pour montrer aux clients quelles dates sont disponibles pour la r\u00e9servation.<\/li>\n<li>Outils de gestion immobili\u00e8re int\u00e9gr\u00e9s pour vous aider \u00e0 g\u00e9rer vos locations et \u00e0 suivre les r\u00e9servations.<\/li>\n<li>La conception sensible aux mobiles garantit que votre site Web est superbe et fonctionne correctement sur tous les appareils.<\/li>\n<li>Structure adapt\u00e9e au r\u00e9f\u00e9rencement pour vous aider \u00e0 am\u00e9liorer le classement et la visibilit\u00e9 des moteurs de recherche de votre site Web.<\/li>\n<li>Options d&rsquo;int\u00e9gration de la passerelle de paiement multiples, y compris PayPal et Stripe.<\/li>\n<li>Interface facile \u00e0 utiliser qui permet m\u00eame aux personnes ayant des connaissances techniques limit\u00e9es pour g\u00e9rer leur site Web et leurs r\u00e9servations elles-m\u00eames.<\/li>\n<li>Comprend une gamme d&rsquo;autres fonctionnalit\u00e9s, telles que les formulaires de contact, l&rsquo;int\u00e9gration des m\u00e9dias sociaux et les widgets personnalisables.<\/li>\n<\/ul>\n","protected":false},"excerpt":{"rendered":"<p>Le th\u00e8me WordPress de r\u00e9servation et de location maison, connu pour ses fonctionnalit\u00e9s impressionnantes et son interface conviviale, a \u00e9t\u00e9 m\u00e9ticuleusement con\u00e7ue pour r\u00e9pondre aux besoins des propri\u00e9taires de location qui cherchent \u00e0 rationaliser leur processus de r\u00e9servation. B\u00e9n\u00e9ficiant d&rsquo;un design de pointe et contemporain, ce th\u00e8me remarquable pr\u00e9sente une vaste gamme d&rsquo;options personnalisables qui vous permettent de pr\u00e9senter efficacement vos listes de propri\u00e9t\u00e9s, de g\u00e9rer sans effort vos r\u00e9servations et d&rsquo;int\u00e9grer de mani\u00e8re transparente les passerelles de paiement. Peu importe que vous supervisiez une location de vacances, un complexe d&rsquo;appartements ou toute autre forme d&rsquo;h\u00e9bergement, vous pouvez \u00eatre assur\u00e9 que le th\u00e8me intime servira de solution ultime pour attirer et retenir les clients. Avec une pl\u00e9thore de fonctionnalit\u00e9s faciles \u00e0 naviguer \u00e0 votre disposition et un processus de configuration rapide et sans tracas, la transformation de votre liste de location en une entreprise florissante n&rsquo;a jamais \u00e9t\u00e9 aussi simple et sans effort.<\/p>\n","protected":false},"featured_media":144185,"comment_status":"open","ping_status":"open","template":"","meta":[],"product_brand":[2433],"product_cat":[1516,1212,1213],"product_tag":[1366],"class_list":{"0":"post-111952","1":"product","2":"type-product","3":"status-publish","4":"has-post-thumbnail","6":"product_brand-themeforest","7":"product_cat-entreprise","8":"product_cat-themes","9":"product_cat-wordpress-themes","10":"product_tag-themeforest","11":"member-discount","12":"discount-restricted","14":"first","15":"instock","16":"sale","17":"downloadable","18":"virtual","19":"sold-individually","20":"purchasable","21":"product-type-simple"},"_links":{"self":[{"href":"https:\/\/gpl-love.com\/fr\/wp-json\/wp\/v2\/product\/111952","targetHints":{"allow":["GET"]}}],"collection":[{"href":"https:\/\/gpl-love.com\/fr\/wp-json\/wp\/v2\/product"}],"about":[{"href":"https:\/\/gpl-love.com\/fr\/wp-json\/wp\/v2\/types\/product"}],"replies":[{"embeddable":true,"href":"https:\/\/gpl-love.com\/fr\/wp-json\/wp\/v2\/comments?post=111952"}],"wp:featuredmedia":[{"embeddable":true,"href":"https:\/\/gpl-love.com\/fr\/wp-json\/wp\/v2\/media\/144185"}],"wp:attachment":[{"href":"https:\/\/gpl-love.com\/fr\/wp-json\/wp\/v2\/media?parent=111952"}],"wp:term":[{"taxonomy":"product_brand","embeddable":true,"href":"https:\/\/gpl-love.com\/fr\/wp-json\/wp\/v2\/product_brand?post=111952"},{"taxonomy":"product_cat","embeddable":true,"href":"https:\/\/gpl-love.com\/fr\/wp-json\/wp\/v2\/product_cat?post=111952"},{"taxonomy":"product_tag","embeddable":true,"href":"https:\/\/gpl-love.com\/fr\/wp-json\/wp\/v2\/product_tag?post=111952"}],"curies":[{"name":"wp","href":"https:\/\/api.w.org\/{rel}","templated":true}]}}