{"id":111950,"date":"2024-06-03T00:00:00","date_gmt":"2024-06-02T22:00:00","guid":{"rendered":"http:\/\/gpl-love.com\/fr\/produit\/jannah-newspaper-magazine-news-buddypress-amp\/"},"modified":"2026-03-20T23:20:40","modified_gmt":"2026-03-20T22:20:40","slug":"jannah-newspaper-magazine-news-buddypress-amp","status":"publish","type":"product","link":"https:\/\/gpl-love.com\/fr\/produit\/jannah-newspaper-magazine-news-buddypress-amp\/","title":{"rendered":"Jannah Newspaper Magazine News BuddyPress AMP 7.2.0"},"content":{"rendered":"<h3>Jannah Newspaper Magazine News BuddyPress AMP Traits<\/h3>\n<p>Jannah Newspaper Magazine News BuddyPress AMP est un outil exceptionnellement robuste et multiforme, offrant aux utilisateurs une solution compl\u00e8te et globale pour la publication et la diffusion d&rsquo;articles de presse. Il poss\u00e8de la capacit\u00e9 remarquable de s&rsquo;int\u00e9grer de mani\u00e8re transparente avec BuddyPress et AMP (Pages mobiles acc\u00e9l\u00e9r\u00e9es), garantissant ainsi le partage sans effort et la lecture sans effort sur divers appareils. Ce logiciel change de jeu absolu pour les organisations de presse et les blogueurs, car il leur permet d&rsquo;\u00e9tablir une pr\u00e9sence en ligne de pointe et captivante. Avec son interface intuitivement con\u00e7ue et sa richesse de fonctionnalit\u00e9s avanc\u00e9es, l&rsquo;ampli Buddypress de Newspaper News Jannah Newspaper News est un atout indispensable pour tous ceux qui cherchent \u00e0 construire une plate-forme d&rsquo;information en ligne prosp\u00e8re et prosp\u00e8re.<\/p>\n<ul>\n<li>Jannah Newspaper Magazine News est un th\u00e8me WordPress r\u00e9actif et personnalisable qui a \u00e9t\u00e9 sp\u00e9cialement con\u00e7u pour les sites Web de magazines, de journaux et de journaux en ligne.<\/li>\n<li>Avec son design propre et moderne, le th\u00e8me Jannah est enti\u00e8rement \u00e9quip\u00e9 pour offrir une exp\u00e9rience attrayante et immersive \u00e0 vos lecteurs.<\/li>\n<li>Le th\u00e8me est livr\u00e9 avec une gamme de fonctionnalit\u00e9s puissantes, notamment l&rsquo;int\u00e9gration de BuddyPress, le support AMP int\u00e9gr\u00e9, etc., pour vous aider \u00e0 construire une communaut\u00e9 prosp\u00e8re et \u00e0 attirer plus de trafic sur votre site.<\/li>\n<li>Le th\u00e8me Jannah comprend \u00e9galement une gamme d&rsquo;options de personnalisation, vous permettant de personnaliser votre site comme vous le souhaitez.<\/li>\n<li>Que vous cherchiez \u00e0 cr\u00e9er un blog simple ou un portail d&rsquo;actualit\u00e9s complet, le th\u00e8me Jannah est le choix parfait pour vous.<\/li>\n<li>Le th\u00e8me de Jannah a \u00e9t\u00e9 d\u00e9velopp\u00e9 avec les meilleures pratiques de r\u00e9f\u00e9rencement \u00e0 l&rsquo;esprit, garantissant que votre site se classe haut dans les moteurs de recherche et attire un large public.<\/li>\n<li>Le th\u00e8me est \u00e9galement optimis\u00e9 pour la vitesse, garantissant que votre site se charge rapidement et en douceur pour une meilleure exp\u00e9rience utilisateur.<\/li>\n<\/ul>\n","protected":false},"excerpt":{"rendered":"<p>Embarquez dans un voyage remarquable \u00e0 travers le domaine du journalisme num\u00e9rique alors que vous vous immergez dans l&rsquo;excellence in\u00e9gal\u00e9e de Jannah Newspaper Magazine News Buddypress Amp! Cette plate-forme r\u00e9volutionnaire offre une compilation compl\u00e8te des articles de presse les plus de pointe et des tendances \u00e9mergentes de tous les coins du globe, le tout dans une interface de mani\u00e8re transparente qui est non seulement esth\u00e9tiquement attrayante mais aussi m\u00e9ticuleusement con\u00e7ue pour une rapidit\u00e9 et une efficacit\u00e9 optimales. En int\u00e9grant parfaitement des fonctionnalit\u00e9s avanc\u00e9es telles que Buddypress et AMP, vous pouvez faire des connexions sans effort avec des aficionados de nouvelles aux vues similaires et acc\u00e9der sans effort \u00e0 une abondance d&rsquo;informations \u00e9clairantes pendant le d\u00e9placement. Immergez-vous dans l&rsquo;\u00e9clat in\u00e9gal\u00e9 de Jannah aujourd&rsquo;hui et r\u00e9volutionnez votre exp\u00e9rience de navigation de nouvelles comme jamais auparavant.<\/p>\n","protected":false},"featured_media":144255,"comment_status":"open","ping_status":"open","template":"","meta":[],"product_brand":[2433],"product_cat":[1220,1212,1213],"product_tag":[1366],"class_list":{"0":"post-111950","1":"product","2":"type-product","3":"status-publish","4":"has-post-thumbnail","6":"product_brand-themeforest","7":"product_cat-blog-magazine","8":"product_cat-themes","9":"product_cat-wordpress-themes","10":"product_tag-themeforest","11":"member-discount","12":"discount-restricted","14":"first","15":"instock","16":"sale","17":"downloadable","18":"virtual","19":"sold-individually","20":"purchasable","21":"product-type-simple"},"_links":{"self":[{"href":"https:\/\/gpl-love.com\/fr\/wp-json\/wp\/v2\/product\/111950","targetHints":{"allow":["GET"]}}],"collection":[{"href":"https:\/\/gpl-love.com\/fr\/wp-json\/wp\/v2\/product"}],"about":[{"href":"https:\/\/gpl-love.com\/fr\/wp-json\/wp\/v2\/types\/product"}],"replies":[{"embeddable":true,"href":"https:\/\/gpl-love.com\/fr\/wp-json\/wp\/v2\/comments?post=111950"}],"wp:featuredmedia":[{"embeddable":true,"href":"https:\/\/gpl-love.com\/fr\/wp-json\/wp\/v2\/media\/144255"}],"wp:attachment":[{"href":"https:\/\/gpl-love.com\/fr\/wp-json\/wp\/v2\/media?parent=111950"}],"wp:term":[{"taxonomy":"product_brand","embeddable":true,"href":"https:\/\/gpl-love.com\/fr\/wp-json\/wp\/v2\/product_brand?post=111950"},{"taxonomy":"product_cat","embeddable":true,"href":"https:\/\/gpl-love.com\/fr\/wp-json\/wp\/v2\/product_cat?post=111950"},{"taxonomy":"product_tag","embeddable":true,"href":"https:\/\/gpl-love.com\/fr\/wp-json\/wp\/v2\/product_tag?post=111950"}],"curies":[{"name":"wp","href":"https:\/\/api.w.org\/{rel}","templated":true}]}}