{"id":111948,"date":"2026-02-26T00:00:00","date_gmt":"2026-02-25T23:00:00","guid":{"rendered":"http:\/\/gpl-love.com\/fr\/produit\/media-cleaner-pro-cleans-media-library-and-uploads-directory\/"},"modified":"2026-03-28T23:30:45","modified_gmt":"2026-03-28T22:30:45","slug":"media-cleaner-pro-cleans-media-library-and-uploads-directory","status":"publish","type":"product","link":"https:\/\/gpl-love.com\/fr\/produit\/media-cleaner-pro-cleans-media-library-and-uploads-directory\/","title":{"rendered":"Media Cleaner Pro 7.0.6"},"content":{"rendered":"<h3>Media Cleaner Pro Traits<\/h3>\n<p>Media Cleaner Pro, un outil sophistiqu\u00e9 et robuste, a \u00e9t\u00e9 m\u00e9ticuleusement con\u00e7u pour nettoyer et d\u00e9sencombrer efficacement votre biblioth\u00e8que de m\u00e9dias et t\u00e9l\u00e9charger le r\u00e9pertoire. Tirant parti de ses algorithmes avanc\u00e9s, ce logiciel remarquable poss\u00e8de la capacit\u00e9 extraordinaire d&rsquo;identifier et d&rsquo;\u00e9liminer sans effort tout fichier multim\u00e9dia redondant ou inutilis\u00e9, lib\u00e9rant et r\u00e9cup\u00e9rant ainsi un espace de stockage pr\u00e9cieux sur votre serveur. En examinant avec diligence votre site WordPress, Media Cleaner Pro analyse et discerne avec diligence les fichiers multim\u00e9dias qui sont malheureusement tomb\u00e9s dans la cat\u00e9gorie des pages, des publications ou des galeries, et proc\u00e8de consciencieusement \u00e0 les \u00e9radiquer en toute s\u00e9curit\u00e9. Cela sert non seulement \u00e0 optimiser et \u00e0 am\u00e9liorer les performances globales de votre site Web estim\u00e9, mais cela vous accorde \u00e9galement la commodit\u00e9 de g\u00e9rer efficacement votre biblioth\u00e8que de m\u00e9dias avec une facilit\u00e9 consomm\u00e9e. De plus, un attribut s\u00e9duisant et tr\u00e8s avantageux de Media Cleaner Pro est sa capacit\u00e9 inn\u00e9e \u00e0 t\u00e9l\u00e9charger automatiquement les fichiers multim\u00e9dias dans un r\u00e9pertoire soigneusement d\u00e9sign\u00e9. En cons\u00e9quence directe de cette fonctionnalit\u00e9 inestimable, vous \u00eates accord\u00e9 avec le d\u00e9licieux don d&rsquo;\u00e9conomies de temps et \u00e9pargn\u00e9 des efforts ardus g\u00e9n\u00e9ralement investis dans cette t\u00e2che laborieuse, vous permettant ainsi de concentrer d\u00e9vou\u00e9 vos \u00e9nergies sur d&rsquo;autres aspects pivots et pressants de votre site Web . Il suffit de dire qu&rsquo;avec le soutien indomptable et in\u00e9branlable de Media Cleaner Pro, vous pouvez vous d\u00e9lecter avec confiance de l&rsquo;exp\u00e9rience heureuse d&rsquo;une biblioth\u00e8que de m\u00e9dias et de t\u00e9l\u00e9chargement de mani\u00e8re impatient organis\u00e9e, exp\u00e9di\u00e9e et int\u00e9gr\u00e9e.<\/p>\n<ul>\n<li>Nettoyez efficacement le r\u00e9pertoire de votre biblioth\u00e8que de m\u00e9dias et t\u00e9l\u00e9charge<\/li>\n<li>Supprime les fichiers multim\u00e9dias inutilis\u00e9s et obsol\u00e8tes, lib\u00e9rant de l&rsquo;espace sur votre site Web<\/li>\n<li>D\u00e9tecte et nettoie automatiquement les liens cass\u00e9s et les fichiers manquants<\/li>\n<li>Scans et d\u00e9tecte des fichiers multim\u00e9dias en double, vous permettant de sauvegarder uniquement les besoins n\u00e9cessaires<\/li>\n<li>Organise votre biblioth\u00e8que de m\u00e9dias en dossiers bien structur\u00e9s pour un acc\u00e8s et une gestion faciles<\/li>\n<li>Gave du temps et des efforts pour g\u00e9rer les actifs m\u00e9diatiques de votre site Web<\/li>\n<li>Prend en charge plusieurs formats de fichiers, garantissant que tous les types de fichiers multim\u00e9dias sont nettoy\u00e9s et organis\u00e9s<\/li>\n<\/ul>\n","protected":false},"excerpt":{"rendered":"<p>Media Cleaner Pro est un outil exceptionnellement robuste et formidable qui a \u00e9t\u00e9 m\u00e9ticuleusement con\u00e7u et con\u00e7u pour nettoyer et purifier efficacement et la purification de votre r\u00e9pertoire de biblioth\u00e8que de m\u00e9dias et de t\u00e9l\u00e9chargement. Ce logiciel exemplaire poss\u00e8de la capacit\u00e9 remarquable de l&rsquo;identification sans effort et avec pr\u00e9cision et d&rsquo;\u00e9liminer par la suite tout fichier multim\u00e9dia inutilis\u00e9, cass\u00e9 ou dupliqu\u00e9 qui peut entraver le fonctionnement et la fonctionnalit\u00e9 lisses de votre syst\u00e8me. En utilisant ce programme sans \u00e9gal, vous \u00eates non seulement en mesure d&rsquo;\u00e9conomiser d&rsquo;innombrables heures d&rsquo;efforts de nettoyage manuels laborieux et ardu, mais vous \u00eates \u00e9galement en mesure de lib\u00e9rer et de lib\u00e9rer un espace de stockage de serveurs pr\u00e9cieux et pr\u00e9cieux. En outre, ce logiciel exemplaire fournit \u00e9galement aux utilisateurs des rapports d\u00e9taill\u00e9s et exhaustifs, garantissant ainsi que les fichiers multim\u00e9dias superflus et \u00e9trangers sont \u00e9radiqu\u00e9s et supprim\u00e9s. En outre, il est important de noter que Media Cleaner Pro poss\u00e8de \u00e9galement la caract\u00e9ristique remarquable d&rsquo;\u00eatre capable de transf\u00e9rer et de t\u00e9l\u00e9charger automatiquement les fichiers nettoy\u00e9s et filtr\u00e9s vers un service de stockage externe ou un stockage cloud, ce qui le rend un tout compris et complet de gestion compl\u00e8te de la biblioth\u00e8que de biblioth\u00e8que de biblioth\u00e8que Cela r\u00e9pond sans effort \u00e0 tous vos besoins et exigences. Pascez le temps et ne saisissez pas l&rsquo;occasion d&rsquo;acqu\u00e9rir des m\u00e9dias Cleaner Pro aujourd&rsquo;hui, et en quelques minutes, optimisez et am\u00e9liorez votre biblioth\u00e8que de m\u00e9dias et t\u00e9l\u00e9charge le r\u00e9pertoire \u00e0 des niveaux de perfection et d&rsquo;efficacit\u00e9 in\u00e9gal\u00e9s!<\/p>\n","protected":false},"featured_media":144479,"comment_status":"open","ping_status":"open","template":"","meta":[],"product_brand":[2583],"product_cat":[1187,1181,1186],"product_tag":[1617],"class_list":{"0":"post-111948","1":"product","2":"type-product","3":"status-publish","4":"has-post-thumbnail","6":"product_brand-meow-apps","7":"product_cat-administration-wordpress-plugins","8":"product_cat-plugins","9":"product_cat-wordpress-plugins","10":"product_tag-meow-apps","11":"member-discount","12":"discount-restricted","14":"first","15":"instock","16":"sale","17":"downloadable","18":"virtual","19":"sold-individually","20":"purchasable","21":"product-type-simple"},"_links":{"self":[{"href":"https:\/\/gpl-love.com\/fr\/wp-json\/wp\/v2\/product\/111948","targetHints":{"allow":["GET"]}}],"collection":[{"href":"https:\/\/gpl-love.com\/fr\/wp-json\/wp\/v2\/product"}],"about":[{"href":"https:\/\/gpl-love.com\/fr\/wp-json\/wp\/v2\/types\/product"}],"replies":[{"embeddable":true,"href":"https:\/\/gpl-love.com\/fr\/wp-json\/wp\/v2\/comments?post=111948"}],"wp:featuredmedia":[{"embeddable":true,"href":"https:\/\/gpl-love.com\/fr\/wp-json\/wp\/v2\/media\/144479"}],"wp:attachment":[{"href":"https:\/\/gpl-love.com\/fr\/wp-json\/wp\/v2\/media?parent=111948"}],"wp:term":[{"taxonomy":"product_brand","embeddable":true,"href":"https:\/\/gpl-love.com\/fr\/wp-json\/wp\/v2\/product_brand?post=111948"},{"taxonomy":"product_cat","embeddable":true,"href":"https:\/\/gpl-love.com\/fr\/wp-json\/wp\/v2\/product_cat?post=111948"},{"taxonomy":"product_tag","embeddable":true,"href":"https:\/\/gpl-love.com\/fr\/wp-json\/wp\/v2\/product_tag?post=111948"}],"curies":[{"name":"wp","href":"https:\/\/api.w.org\/{rel}","templated":true}]}}