{"id":111946,"date":"2022-04-15T00:00:00","date_gmt":"2022-04-14T22:00:00","guid":{"rendered":"http:\/\/gpl-love.com\/fr\/produit\/turitor-lms-education-wordpress-theme\/"},"modified":"2026-04-10T18:43:57","modified_gmt":"2026-04-10T16:43:57","slug":"turitor-lms-education-wordpress-theme","status":"publish","type":"product","link":"https:\/\/gpl-love.com\/fr\/produit\/turitor-lms-education-wordpress-theme\/","title":{"rendered":"Turitor LMS et Education WordPress Theme 1.4.1"},"content":{"rendered":"<h3>Turitor LMS et Education WordPress Theme Traits<\/h3>\n<p>TURITOR LMS et Education WordPress Le th\u00e8me est un syst\u00e8me de gestion de l&rsquo;apprentissage tr\u00e8s fonctionnel et polyvalent qui offre aux \u00e9ducateurs et aux formateurs la gestion sans effort des cours, des quiz et des le\u00e7ons en ligne. Il poss\u00e8de un design contemporain et convivial qui s&rsquo;adapte parfaitement \u00e0 divers appareils et tailles d&rsquo;\u00e9cran. Avec l&rsquo;aide de Turitor, les utilisateurs peuvent cr\u00e9er et commercialiser sans effort les cours, \u00e9tablir des examens en ligne, surveiller les progr\u00e8s des \u00e9tudiants, g\u00e9rer les examens de cours et bien plus encore. En outre, ce th\u00e8me offre un \u00e9ventail d&rsquo;options de personnalisation, y compris divers conceptions de page d&rsquo;accueil, des choix de typographie et des sch\u00e9mas de couleurs. En cons\u00e9quence, les \u00e9ducateurs et les formateurs utilisant Turitor peuvent construire des exp\u00e9riences d&rsquo;apprentissage captivantes et interactives qui sont commod\u00e9ment accessibles aux \u00e9tudiants de tous les coins du monde.<\/p>\n<ul>\n<li>TURITOR LMS and Education WordPress Le th\u00e8me est un th\u00e8me professionnel et \u00e9l\u00e9gant qui est id\u00e9al pour les sites Web bas\u00e9s sur l&rsquo;\u00e9ducation tels que les universit\u00e9s, les \u00e9coles et les \u00e9tablissements d&rsquo;enseignement.<\/li>\n<li>Le th\u00e8me offre des fonctionnalit\u00e9s \u00e9tendues pour cr\u00e9er des cours intuitifs et engageants, des le\u00e7ons, des quiz, des critiques et bien plus encore.<\/li>\n<li>Compatible avec les plugins LMS populaires tels que LearnDash, WooCommerce et Tutor LMS, ce qui en fait une option flexible pour diff\u00e9rents types de plateformes d&rsquo;apprentissage en ligne.<\/li>\n<li>La conception r\u00e9active permet au th\u00e8me de para\u00eetre superbe sur n&rsquo;importe quel appareil, assurant une exp\u00e9rience utilisateur optimale pour les apprenants et les instructeurs.<\/li>\n<li>Des fonctionnalit\u00e9s avanc\u00e9es telles que le suivi des progr\u00e8s du cours, l&rsquo;aper\u00e7u du cours, les dispositions de le\u00e7on flexibles, les profils d&rsquo;utilisateurs et une multitude d&rsquo;options de personnalisation font ressortir les autres th\u00e8mes de l&rsquo;\u00e9ducation.<\/li>\n<li>Le th\u00e8me est optimis\u00e9 pour la vitesse, les performances, le r\u00e9f\u00e9rencement et le code de haute qualit\u00e9 garantissant que votre site se chargera rapidement et se classera dans les r\u00e9sultats des moteurs de recherche.<\/li>\n<li>Le g\u00e9n\u00e9rateur de pages glisser-d\u00e9poser (Elementor) et l&rsquo;importation de d\u00e9monstration en un clic font que la configuration de votre site est un jeu d&rsquo;enfant, assurant une prise en charge maximale et une personnalisation facile.<\/li>\n<li>Le th\u00e8me est livr\u00e9 avec une section de documentation compl\u00e8te et un support client d\u00e9di\u00e9, garantissant que les questions ou probl\u00e8mes que vous pourriez avoir seront r\u00e9solus rapidement.<\/li>\n<\/ul>\n","protected":false},"excerpt":{"rendered":"<p>TURITOR LMS et Education WordPress Theme se pr\u00e9sente comme un th\u00e8me de site Web tr\u00e8s \u00e9labor\u00e9 et fluide qui a \u00e9t\u00e9 m\u00e9ticuleusement con\u00e7u pour r\u00e9pondre aux besoins uniques des \u00e9tablissements d&rsquo;enseignement et des plateformes d&rsquo;apprentissage en ligne. Il poss\u00e8de un vaste \u00e9ventail de fonctionnalit\u00e9s, y compris, mais sans s&rsquo;y limiter, la possibilit\u00e9 de cr\u00e9er des cours personnalis\u00e9s, d&rsquo;administrer des quiz en ligne, de favoriser des forums de discussion interactifs et d&rsquo;utiliser divers outils pour g\u00e9rer les affaires \u00e9tudiantes. L&rsquo;interface conviviale et la conception r\u00e9active de ce th\u00e8me facilitent parfaitement le processus d&rsquo;apprentissage et d&rsquo;enseignement en ligne. De plus, il offre un assortiment diversifi\u00e9 de mod\u00e8les et de dispositions pr\u00e9-con\u00e7us, offrant aux utilisateurs la possibilit\u00e9 de construire rapidement et sans effort sans effort des sites Web impeccablement professionnels.<\/p>\n","protected":false},"featured_media":145620,"comment_status":"open","ping_status":"open","template":"","meta":[],"product_brand":[2433],"product_cat":[1516,1212,1213],"product_tag":[1366],"class_list":{"0":"post-111946","1":"product","2":"type-product","3":"status-publish","4":"has-post-thumbnail","6":"product_brand-themeforest","7":"product_cat-entreprise","8":"product_cat-themes","9":"product_cat-wordpress-themes","10":"product_tag-themeforest","11":"member-discount","12":"discount-restricted","14":"first","15":"instock","16":"sale","17":"downloadable","18":"virtual","19":"sold-individually","20":"purchasable","21":"product-type-simple"},"_links":{"self":[{"href":"https:\/\/gpl-love.com\/fr\/wp-json\/wp\/v2\/product\/111946","targetHints":{"allow":["GET"]}}],"collection":[{"href":"https:\/\/gpl-love.com\/fr\/wp-json\/wp\/v2\/product"}],"about":[{"href":"https:\/\/gpl-love.com\/fr\/wp-json\/wp\/v2\/types\/product"}],"replies":[{"embeddable":true,"href":"https:\/\/gpl-love.com\/fr\/wp-json\/wp\/v2\/comments?post=111946"}],"wp:featuredmedia":[{"embeddable":true,"href":"https:\/\/gpl-love.com\/fr\/wp-json\/wp\/v2\/media\/145620"}],"wp:attachment":[{"href":"https:\/\/gpl-love.com\/fr\/wp-json\/wp\/v2\/media?parent=111946"}],"wp:term":[{"taxonomy":"product_brand","embeddable":true,"href":"https:\/\/gpl-love.com\/fr\/wp-json\/wp\/v2\/product_brand?post=111946"},{"taxonomy":"product_cat","embeddable":true,"href":"https:\/\/gpl-love.com\/fr\/wp-json\/wp\/v2\/product_cat?post=111946"},{"taxonomy":"product_tag","embeddable":true,"href":"https:\/\/gpl-love.com\/fr\/wp-json\/wp\/v2\/product_tag?post=111946"}],"curies":[{"name":"wp","href":"https:\/\/api.w.org\/{rel}","templated":true}]}}