{"id":111944,"date":"2022-06-11T00:00:00","date_gmt":"2022-06-10T22:00:00","guid":{"rendered":"http:\/\/gpl-love.com\/fr\/produit\/jevelin-multi-purpose-responsive-wordpress-amp-theme\/"},"modified":"2026-03-20T23:21:04","modified_gmt":"2026-03-20T22:21:04","slug":"jevelin-multi-purpose-responsive-wordpress-amp-theme","status":"publish","type":"product","link":"https:\/\/gpl-love.com\/fr\/produit\/jevelin-multi-purpose-responsive-wordpress-amp-theme\/","title":{"rendered":"Jevelin Multi-Purpose Responsive WordPress AMP Theme 5.3.1"},"content":{"rendered":"<h3>Jevelin Multi-Purpose Responsive WordPress AMP Theme Traits<\/h3>\n<p>Le th\u00e8me de l&rsquo;ampli WordPress r\u00e9actif \u00e0 plusieurs usines Jevelin est un th\u00e8me extr\u00eamement polyvalent et extr\u00eamement rempli de fonctionnalit\u00e9s, permettant aux utilisateurs de cr\u00e9er sans effort des sites Web qui sont vraiment \u00e9tonnants. Avec sa conception r\u00e9active exceptionnelle et sa compatibilit\u00e9 AMP impeccable, ce th\u00e8me garantit que les sites Web seront non seulement optimis\u00e9s pour tous les appareils, mais se chargeront \u00e9galement rapidement. De plus, il poss\u00e8de une vaste s\u00e9lection de mod\u00e8les pr\u00e9d\u00e9finis et de contenu de d\u00e9monstration, qui peuvent tous \u00eatre personnalis\u00e9s sans effort \u00e0 l&rsquo;aide du constructeur de pages incroyablement intuitif. En outre, Jevelin propose gracieusement une gamme de fonctionnalit\u00e9s indispensables, y compris l&rsquo;int\u00e9gration de woocommerce transparente, une optimisation SEO impeccable, une multitude de styles d&rsquo;en-t\u00eate et bien plus encore. En substance, c&rsquo;est un th\u00e8me absolument exemplaire qui r\u00e9pond aux besoins et aux d\u00e9sirs des entreprises, des blogueurs et des cr\u00e9atifs, qui cherchent tous \u00e0 \u00e9tablir une pr\u00e9sence en ligne professionnelle et v\u00e9ritablement impressionnante.<\/p>\n<ul>\n<li>Conception enti\u00e8rement personnalisable et flexible pour tout type de site Web<\/li>\n<li>Vitesse de chargement rapide gr\u00e2ce \u00e0 sa technologie AMP<\/li>\n<li>Conception conviviale et r\u00e9active pour une excellente exp\u00e9rience utilisateur<\/li>\n<li>Int\u00e9gration int\u00e9gr\u00e9e avec des plugins populaires tels que WooCommerce, Contact Form 7 et Slider Revolution<\/li>\n<li>Mod\u00e8les et blocs de page pr\u00e9d\u00e9finis pour une cr\u00e9ation de site Web facile et efficace<\/li>\n<li>Excellent support client et mises \u00e0 jour r\u00e9guli\u00e8res pour une optimisation continue<\/li>\n<li>Comprend un puissant constructeur de page de glisser-d\u00e9poser pour une personnalisation de conception facile<\/li>\n<li>SEO optimis\u00e9 pour une visibilit\u00e9 accrue et am\u00e9lior\u00e9 le classement des moteurs de recherche<\/li>\n<li>Options de style en-t\u00eate et de pied de page multiples pour une touche personnalis\u00e9e<\/li>\n<li>Compatibilit\u00e9 entre les navigateurs pour des performances coh\u00e9rentes sur tous les appareils et navigateurs Web.<\/li>\n<\/ul>\n","protected":false},"excerpt":{"rendered":"<p>Le th\u00e8me AMP WordPress r\u00e9actif \u00e0 plusieurs usines Jevelin est un th\u00e8me extr\u00eamement configurable et adaptable qui r\u00e9pond aux exigences des sites Web WordPress. Ce th\u00e8me est construit en utilisant des pages mobiles acc\u00e9l\u00e9r\u00e9es (AMP), qui assure des temps de chargement rapides sur les appareils mobiles, offrant ainsi une exp\u00e9rience utilisateur remarquable. L&rsquo;intensit\u00e9 d&rsquo;assortiment de dispositions pr\u00e9-con\u00e7ues et d&rsquo;alternatives de conception rend sans effort pour fa\u00e7onner rapidement un site Web expertement con\u00e7u et visuellement attrayant. Ce th\u00e8me est un choix id\u00e9al pour les entreprises, les individus cr\u00e9atifs ou toute personne \u00e0 la recherche d&rsquo;une conception de site Web contemporaine et polyvalente. Que l&rsquo;objectif soit d&rsquo;\u00e9tablir un portefeuille notable, une boutique de commerce \u00e9lectronique ou un blog convaincant, le th\u00e8me AMP WordPress r\u00e9actif Jevelin est sans aucun doute la solution ultime.<\/p>\n","protected":false},"featured_media":144283,"comment_status":"open","ping_status":"open","template":"","meta":[],"product_brand":[2433],"product_cat":[1214,1212,1213],"product_tag":[1366],"class_list":{"0":"post-111944","1":"product","2":"type-product","3":"status-publish","4":"has-post-thumbnail","6":"product_brand-themeforest","7":"product_cat-polyvalent","8":"product_cat-themes","9":"product_cat-wordpress-themes","10":"product_tag-themeforest","11":"member-discount","12":"discount-restricted","14":"first","15":"instock","16":"sale","17":"downloadable","18":"virtual","19":"sold-individually","20":"purchasable","21":"product-type-simple"},"_links":{"self":[{"href":"https:\/\/gpl-love.com\/fr\/wp-json\/wp\/v2\/product\/111944","targetHints":{"allow":["GET"]}}],"collection":[{"href":"https:\/\/gpl-love.com\/fr\/wp-json\/wp\/v2\/product"}],"about":[{"href":"https:\/\/gpl-love.com\/fr\/wp-json\/wp\/v2\/types\/product"}],"replies":[{"embeddable":true,"href":"https:\/\/gpl-love.com\/fr\/wp-json\/wp\/v2\/comments?post=111944"}],"wp:featuredmedia":[{"embeddable":true,"href":"https:\/\/gpl-love.com\/fr\/wp-json\/wp\/v2\/media\/144283"}],"wp:attachment":[{"href":"https:\/\/gpl-love.com\/fr\/wp-json\/wp\/v2\/media?parent=111944"}],"wp:term":[{"taxonomy":"product_brand","embeddable":true,"href":"https:\/\/gpl-love.com\/fr\/wp-json\/wp\/v2\/product_brand?post=111944"},{"taxonomy":"product_cat","embeddable":true,"href":"https:\/\/gpl-love.com\/fr\/wp-json\/wp\/v2\/product_cat?post=111944"},{"taxonomy":"product_tag","embeddable":true,"href":"https:\/\/gpl-love.com\/fr\/wp-json\/wp\/v2\/product_tag?post=111944"}],"curies":[{"name":"wp","href":"https:\/\/api.w.org\/{rel}","templated":true}]}}