{"id":111942,"date":"2026-04-22T00:00:00","date_gmt":"2026-04-21T22:00:00","guid":{"rendered":"http:\/\/gpl-love.com\/fr\/produit\/advanced-custom-fields-multilingual\/"},"modified":"2026-04-23T00:30:21","modified_gmt":"2026-04-22T22:30:21","slug":"advanced-custom-fields-multilingual","status":"publish","type":"product","link":"https:\/\/gpl-love.com\/fr\/produit\/advanced-custom-fields-multilingual\/","title":{"rendered":"WPML Advanced Custom Fields Multilingual 2.2.4"},"content":{"rendered":"<h3>WPML Advanced Custom Fields Multilingual Traits<\/h3>\n<p>Les champs personnalis\u00e9s Advanced WPML Mulilingual sont un outil extr\u00eamement robuste et formidable, qui offre aux utilisateurs la possibilit\u00e9 de g\u00e9n\u00e9rer des champs personnalis\u00e9s pour leur site Web WordPress, par la suite capable d&rsquo;\u00eatre traduit dans un \u00e9ventail de langues diverses. Ce plugin particulier, avec ses fonctionnalit\u00e9s et fonctionnalit\u00e9s exceptionnels, rend la t\u00e2che de g\u00e9rer des champs personnalis\u00e9s pour un site Web multilingue remarquablement sans effort pour les propri\u00e9taires de sites Web, facilitant ainsi consid\u00e9rablement l&rsquo;acc\u00e8s de leurs utilisateurs \u00e0 l&rsquo;information dans leur langue pr\u00e9f\u00e9r\u00e9e. De plus, le plugin multilingue des champs personnalis\u00e9s WPML Advanced \u00e9tend sa polyvalence pour englober la traduction des champs personnalis\u00e9s complexes, y compris les r\u00e9p\u00e9teurs, le contenu flexible et les champs de galerie. Par cons\u00e9quent, ce plugin sert de solution id\u00e9ale pour les personnes qui cherchent \u00e0 cr\u00e9er un site Web multilingue vraiment complet, avec des champs personnalis\u00e9s qui sont tous deux simples \u00e0 superviser et \u00e0 traduire sans effort.<\/p>\n<ul>\n<li>Traduire de mani\u00e8re transparente les champs personnalis\u00e9s cr\u00e9\u00e9s avec le plugin WordPress populaire, Field personnalis\u00e9 avanc\u00e9<\/li>\n<li>D\u00e9veloppez les capacit\u00e9s de traduction de votre site Web au-del\u00e0 de simples publications et pages<\/li>\n<li>Profitez d&rsquo;une interface utilisateur intuitive qui facilite la gestion des champs personnalis\u00e9s multilingues<\/li>\n<li>Choisissez les champs personnalis\u00e9s \u00e0 traduire et ceux \u00e0 laisser non traduit pour une flexibilit\u00e9 maximale<\/li>\n<li>Am\u00e9liorez l&rsquo;exp\u00e9rience utilisateur de votre public mondial en fournissant un contenu pertinent et coh\u00e9rent dans sa langue<\/li>\n<li>\u00c9conomisez du temps et des ressources en utilisant un seul plugin pour g\u00e9rer les traductions des champs standard et personnalis\u00e9s<\/li>\n<li>Profitez d&rsquo;une compatibilit\u00e9 am\u00e9lior\u00e9e avec d&rsquo;autres modules compl\u00e9mentaires et extensions WPML, assurant un flux de travail de traduction en douceur<\/li>\n<li>Acc\u00e9dez \u00e0 un support fiable et comp\u00e9tent des \u00e9quipes WPML et de champs personnalis\u00e9s avanc\u00e9s.<\/li>\n<\/ul>\n","protected":false},"excerpt":{"rendered":"<p>Le plugin multilingue personnalis\u00e9 WPML Advanced Fields est un outil WordPress robuste pour les traductions multilingues. Il s&rsquo;agit d&rsquo;une solution tr\u00e8s efficace qui permet aux utilisateurs de traduire des champs personnalis\u00e9s avanc\u00e9s en plusieurs langues avec facilit\u00e9 et pr\u00e9cision. Ce plugin WordPress pour les champs personnalis\u00e9s multilingues s&rsquo;int\u00e8gre de mani\u00e8re transparente au syst\u00e8me de gestion de la traduction WPML, am\u00e9liorant ses capacit\u00e9s pour une gestion efficace des traductions multilingues.<\/p>\n<p>Avec WPML Advanced Custom Fields multilingue, vous pouvez traduire les champs personnalis\u00e9s et les types de publication sans effort, ainsi que traduire avec pr\u00e9cision les widgets personnalis\u00e9s. Ce plugin puissant vous permet de maintenir le contr\u00f4le du contenu du site Web multilingue, garantissant la bonne pr\u00e9sentation dans diverses langues.<\/p>\n<p>Dites adieu aux d\u00e9fis de la gestion des sites Web multilingues. Avec ce plugin, vous pouvez cr\u00e9er sans effort un contenu multilingue avec WPML, offrant une facilit\u00e9 am\u00e9lior\u00e9e de gestion des sites Web multilingues. Le plugin multilingue personnalis\u00e9 WPML Advanced Fields vous apporte la capacit\u00e9 exceptionnelle de g\u00e9rer et de contr\u00f4ler vos traductions multilingues avec facilit\u00e9 et efficacit\u00e9.<\/p>\n","protected":false},"featured_media":143060,"comment_status":"open","ping_status":"open","template":"","meta":[],"product_brand":[2449],"product_cat":[1195,1181,1186],"product_tag":[1426],"class_list":{"0":"post-111942","1":"product","2":"type-product","3":"status-publish","4":"has-post-thumbnail","6":"product_brand-wpml","7":"product_cat-multilangue","8":"product_cat-plugins","9":"product_cat-wordpress-plugins","10":"product_tag-wpml","11":"member-discount","12":"discount-restricted","14":"first","15":"instock","16":"sale","17":"downloadable","18":"virtual","19":"sold-individually","20":"purchasable","21":"product-type-simple"},"_links":{"self":[{"href":"https:\/\/gpl-love.com\/fr\/wp-json\/wp\/v2\/product\/111942","targetHints":{"allow":["GET"]}}],"collection":[{"href":"https:\/\/gpl-love.com\/fr\/wp-json\/wp\/v2\/product"}],"about":[{"href":"https:\/\/gpl-love.com\/fr\/wp-json\/wp\/v2\/types\/product"}],"replies":[{"embeddable":true,"href":"https:\/\/gpl-love.com\/fr\/wp-json\/wp\/v2\/comments?post=111942"}],"wp:featuredmedia":[{"embeddable":true,"href":"https:\/\/gpl-love.com\/fr\/wp-json\/wp\/v2\/media\/143060"}],"wp:attachment":[{"href":"https:\/\/gpl-love.com\/fr\/wp-json\/wp\/v2\/media?parent=111942"}],"wp:term":[{"taxonomy":"product_brand","embeddable":true,"href":"https:\/\/gpl-love.com\/fr\/wp-json\/wp\/v2\/product_brand?post=111942"},{"taxonomy":"product_cat","embeddable":true,"href":"https:\/\/gpl-love.com\/fr\/wp-json\/wp\/v2\/product_cat?post=111942"},{"taxonomy":"product_tag","embeddable":true,"href":"https:\/\/gpl-love.com\/fr\/wp-json\/wp\/v2\/product_tag?post=111942"}],"curies":[{"name":"wp","href":"https:\/\/api.w.org\/{rel}","templated":true}]}}