{"id":111940,"date":"2025-08-12T00:00:00","date_gmt":"2025-08-11T22:00:00","guid":{"rendered":"http:\/\/gpl-love.com\/fr\/produit\/master-slider-touch-layer-slider-wordpress-plugin\/"},"modified":"2026-03-20T23:23:52","modified_gmt":"2026-03-20T22:23:52","slug":"master-slider-touch-layer-slider-wordpress-plugin","status":"publish","type":"product","link":"https:\/\/gpl-love.com\/fr\/produit\/master-slider-touch-layer-slider-wordpress-plugin\/","title":{"rendered":"Master Slider Touch Layer Slider WordPress Plugin 8.2.0"},"content":{"rendered":"<h3>Master Slider Touch Layer Slider WordPress Plugin Traits<\/h3>\n<p>Le plugin WordPress Slider WordPress Master Slider Touch Slider est un outil incroyablement puissant qui a \u00e9t\u00e9 sp\u00e9cialement con\u00e7u pour am\u00e9liorer l&rsquo;attrait visuel de votre site Web. Son interface conviviale le rend extr\u00eamement facile \u00e0 utiliser, vous permettant de cr\u00e9er sans effort des curseurs qui sont non seulement visuellement \u00e9tonnants, mais incluent \u00e9galement des couches \u00e0 toucher qui ajoutent une couche suppl\u00e9mentaire d&rsquo;interactivit\u00e9 \u00e0 votre contenu. Cela garantit que votre site Web est en mesure de fournir une exp\u00e9rience utilisateur dynamique et engageante.<\/p>\n<p>L&rsquo;une des fonctionnalit\u00e9s remarquables de ce plugin est la large gamme d&rsquo;effets de transition qui vous sont disponibles. Ces effets peuvent \u00eatre enti\u00e8rement personnalis\u00e9s, vous permettant de cr\u00e9er des curseurs qui correspondent parfaitement au style et \u00e0 la marque de votre site Web. De plus, le plugin propose une vari\u00e9t\u00e9 de mod\u00e8les de curseur parmi lesquels vous pouvez choisir, ce qui facilite la cr\u00e9ation d&rsquo;un curseur qui correspond \u00e0 vos besoins sp\u00e9cifiques.<\/p>\n<p>Un autre aspect important de ce plugin est sa pleine r\u00e9activit\u00e9. Cela signifie que vos curseurs auront fi\u00e8re allure et fonctionneront parfaitement sur n&rsquo;importe quel appareil, qu&rsquo;il s&rsquo;agisse d&rsquo;un ordinateur de bureau, d&rsquo;une tablette ou d&rsquo;un t\u00e9l\u00e9phone mobile. Ceci est absolument crucial dans le paysage num\u00e9rique d&rsquo;aujourd&rsquo;hui, o\u00f9 de plus en plus de gens acc\u00e8dent \u00e0 des sites Web \u00e0 partir de leurs appareils mobiles.<\/p>\n<p>Le plugin WordPress Slider Slider Master Slider Touche est un outil inestimable pour tout propri\u00e9taire de site Web qui souhaite pr\u00e9senter ses produits, mettre en \u00e9vidence ses services ou simplement ajouter des \u00e9l\u00e9ments agr\u00e9ables esth\u00e9tiques \u00e0 leur site Web. Ses fonctionnalit\u00e9s puissantes et l&rsquo;interface conviviale en font un incontournable pour quiconque cherche \u00e0 cr\u00e9er une exp\u00e9rience utilisateur engageante.<\/p>\n<ul>\n<li>Plugin de curseur de couche tactile hautement personnalisable pour les sites Web WordPress<\/li>\n<li>Interface intuitive de glisser-d\u00e9poser pour une cr\u00e9ation et une personnalisation de curseurs faciles<\/li>\n<li>Compatible avec tous les principaux navigateurs et appareils mobiles pour une visualisation transparente sur n&rsquo;importe quelle plate-forme<\/li>\n<li>Comprend une biblioth\u00e8que de mod\u00e8les de curseur pr\u00e9-con\u00e7us et d&rsquo;animations pour une personnalisation rapide et facile<\/li>\n<li>Prend en charge des images et des vid\u00e9os de haute r\u00e9solution pour un impact visuel \u00e9tonnant sur votre site Web<\/li>\n<li>Comprend des fonctionnalit\u00e9s avanc\u00e9es comme les effets de parallaxe, les arri\u00e8re-plans vid\u00e9o et les transitions de diapositives dynamiques<\/li>\n<li>La conception adapt\u00e9e au r\u00e9f\u00e9rencement aide \u00e0 am\u00e9liorer la visibilit\u00e9 de votre site Web dans le classement des moteurs de recherche<\/li>\n<li>Les mises \u00e0 jour r\u00e9guli\u00e8res et le soutien de la communaut\u00e9 des d\u00e9veloppeurs garantissent une am\u00e9lioration et une maintenance continue du plugin.<\/li>\n<\/ul>\n","protected":false},"excerpt":{"rendered":"<p>Le plugin WordPress Slider Slider Master Slider Touche propose une solution globale pour la cr\u00e9ation de curseurs visuellement impressionnants et engageants sur votre site Web. Son interface hautement intuitive coupl\u00e9e \u00e0 son tableau robuste de fonctionnalit\u00e9s permet la cr\u00e9ation sans effort de curseurs r\u00e9actifs contenant plusieurs couches, animations et effets. De plus, ce plugin offre la possibilit\u00e9 d&rsquo;incorporer des gestes tactiles et des fonctionnalit\u00e9s adapt\u00e9es aux mobiles, optimisant ainsi les curseurs pour divers appareils. Quel que soit votre niveau d&rsquo;expertise, que vous soyez un professionnel chevronn\u00e9 ou un novice, le plugin WordPress curseur de couche Master Slider Touch est un outil inestimable qui \u00e9l\u00e8vera l&rsquo;attrait visuel et l&rsquo;exp\u00e9rience utilisateur de votre site Web.<\/p>\n","protected":false},"featured_media":144465,"comment_status":"open","ping_status":"open","template":"","meta":[],"product_brand":[2435],"product_cat":[1189,1181,1186],"product_tag":[1231],"class_list":{"0":"post-111940","1":"product","2":"type-product","3":"status-publish","4":"has-post-thumbnail","6":"product_brand-codecanyon","7":"product_cat-personnalisation","8":"product_cat-plugins","9":"product_cat-wordpress-plugins","10":"product_tag-codecanyon","11":"member-discount","12":"discount-restricted","14":"first","15":"instock","16":"sale","17":"downloadable","18":"virtual","19":"sold-individually","20":"purchasable","21":"product-type-simple"},"_links":{"self":[{"href":"https:\/\/gpl-love.com\/fr\/wp-json\/wp\/v2\/product\/111940","targetHints":{"allow":["GET"]}}],"collection":[{"href":"https:\/\/gpl-love.com\/fr\/wp-json\/wp\/v2\/product"}],"about":[{"href":"https:\/\/gpl-love.com\/fr\/wp-json\/wp\/v2\/types\/product"}],"replies":[{"embeddable":true,"href":"https:\/\/gpl-love.com\/fr\/wp-json\/wp\/v2\/comments?post=111940"}],"wp:featuredmedia":[{"embeddable":true,"href":"https:\/\/gpl-love.com\/fr\/wp-json\/wp\/v2\/media\/144465"}],"wp:attachment":[{"href":"https:\/\/gpl-love.com\/fr\/wp-json\/wp\/v2\/media?parent=111940"}],"wp:term":[{"taxonomy":"product_brand","embeddable":true,"href":"https:\/\/gpl-love.com\/fr\/wp-json\/wp\/v2\/product_brand?post=111940"},{"taxonomy":"product_cat","embeddable":true,"href":"https:\/\/gpl-love.com\/fr\/wp-json\/wp\/v2\/product_cat?post=111940"},{"taxonomy":"product_tag","embeddable":true,"href":"https:\/\/gpl-love.com\/fr\/wp-json\/wp\/v2\/product_tag?post=111940"}],"curies":[{"name":"wp","href":"https:\/\/api.w.org\/{rel}","templated":true}]}}