{"id":111938,"date":"2025-08-31T00:00:00","date_gmt":"2025-08-30T22:00:00","guid":{"rendered":"http:\/\/gpl-love.com\/fr\/produit\/nex-forms-the-ultimate-wordpress-form-builder\/"},"modified":"2026-04-10T18:33:54","modified_gmt":"2026-04-10T16:33:54","slug":"nex-forms-the-ultimate-wordpress-form-builder","status":"publish","type":"product","link":"https:\/\/gpl-love.com\/fr\/produit\/nex-forms-the-ultimate-wordpress-form-builder\/","title":{"rendered":"NEX Forms Ultimate WordPress Form Builder et Add-ons 9.2"},"content":{"rendered":"<h3>NEX Forms Ultimate WordPress Form Builder et Add-ons Traits<\/h3>\n<p>NEX Forms Ultimate WordPress Form Builder and Add-ons est un outil incroyablement robuste et tr\u00e8s efficace qui a \u00e9t\u00e9 sp\u00e9cialement con\u00e7u pour rationaliser l&rsquo;ensemble du processus de cr\u00e9ation et de gestion des formulaires sur les sites Web WordPress. Cet outil remarquable permet aux utilisateurs la possibilit\u00e9 de cr\u00e9er sans effort des formes personnalis\u00e9es en tirant parti des fonctionnalit\u00e9s de glisser-d\u00e9poser intuitives, tout en b\u00e9n\u00e9ficiant d&rsquo;un large \u00e9ventail d&rsquo;options de conception qui peuvent vraiment \u00e9lever l&rsquo;attrait visuel de ces formes. De plus, les formulaires NEX vont au-del\u00e0 en incorporant une pl\u00e9thore de fonctionnalit\u00e9s avanc\u00e9es, y compris la logique conditionnelle tr\u00e8s convoit\u00e9e, les formulaires en plusieurs \u00e9tapes et les t\u00e9l\u00e9chargements de fichiers transparents, rendant ainsi la cr\u00e9ation m\u00eame les formes les plus complexes une brise absolue. Sans oublier que la disponibilit\u00e9 de divers modules compl\u00e9mentaires am\u00e9liore encore la fonctionnalit\u00e9 globale des formes NEX en int\u00e9grant de mani\u00e8re transparente ces formulaires avec des outils de marketing par e-mail et de CRM populaires et largement utilis\u00e9s. Dans l&rsquo;ensemble, il est tout \u00e0 fait clair que NEX Formulaires Ultimate WordPress Form Builder and Add-ons se tient la t\u00eate et les \u00e9paules au-dessus de la concurrence, offrant une solution compl\u00e8te et remarquablement conviviale qui est parfaitement adapt\u00e9e \u00e0 la gestion efficace des formulaires sur n&rsquo;importe quel site WordPress.<\/p>\n<ul>\n<li>Cr\u00e9ez des formulaires personnalis\u00e9s pour votre site Web WordPress rapidement et facilement<\/li>\n<li>Choisissez parmi une vari\u00e9t\u00e9 de mod\u00e8les pr\u00e9d\u00e9finis ou construisez le v\u00f4tre \u00e0 partir de z\u00e9ro<\/li>\n<li>Ajoutez des champs personnalis\u00e9s, des listes d\u00e9routes, des cases \u00e0 cocher et plus encore \u00e0 vos formulaires<\/li>\n<li>Acceptez les paiements via vos formulaires avec des passerelles de paiement int\u00e9gr\u00e9es<\/li>\n<li>Int\u00e9grez \u00e0 des outils de marketing par e-mail populaires et de CRM comme MailChimp et Salesforce<\/li>\n<li>Utilisez la logique conditionnelle pour afficher ou masquer les champs en fonction des entr\u00e9es utilisateur<\/li>\n<li>Configurez des formulaires de plusieurs pages pour des enqu\u00eates ou des applications plus longues<\/li>\n<li>Recevoir des notifications instantan\u00e9es lorsque les utilisateurs soumettent un formulaire<\/li>\n<li>Analyser et exporter les donn\u00e9es de soumission des formulaires pour une analyse plus approfondie<\/li>\n<li>Acc\u00e9dez \u00e0 une biblioth\u00e8que de modules compl\u00e9mentaires pour encore plus de fonctionnalit\u00e9s, y compris des enqu\u00eates, des quiz et des formulaires d&rsquo;enregistrement des utilisateurs.<\/li>\n<\/ul>\n","protected":false},"excerpt":{"rendered":"<p>NEX Forms Ultimate WordPress Form Builder and Add-ons est un outil incroyablement robuste et convivial qui vous permet de cr\u00e9er sans effort des formulaires visuellement frappants et tr\u00e8s professionnels pour votre site Web. Cette solution remarquable poss\u00e8de une vaste biblioth\u00e8que de mod\u00e8les m\u00e9ticuleusement con\u00e7us et un constructeur de glisser-d\u00e9poser de mani\u00e8re transparente, garantissant que le processus de conception de formes captivantes est un jeu d&rsquo;enfant. Le niveau de personnalisation offert par les formulaires NEX est vraiment sans pr\u00e9c\u00e9dent, car vous avez la capacit\u00e9 de personnaliser chaque facette de vos formes, allant des champs eux-m\u00eames \u00e0 la disposition, aux styles et aux fonctionnalit\u00e9s. En outre, les modules compl\u00e9mentaires disponibles avec cet outil exceptionnel fournissent une gamme de fonctionnalit\u00e9s suppl\u00e9mentaires, telles que l&rsquo;inclusion de la logique conditionnelle, la possibilit\u00e9 de faciliter les t\u00e9l\u00e9chargements de fichiers et l&rsquo;int\u00e9gration transparente avec les plates-formes de paiement. En tirant parti des capacit\u00e9s extraordinaires des formulaires NEX, vous pouvez collecter sans effort des donn\u00e9es, g\u00e9n\u00e9rer des prospects pr\u00e9cieux et optimiser la communication avec vos utilisateurs, le tout sans n\u00e9cessiter d&rsquo;expertise de codage ou d&rsquo;assistance externe. Prenez la commande compl\u00e8te du potentiel de vos formulaires et d\u00e9lectez-vous en un contr\u00f4le complet en adoptant le g\u00e9n\u00e9rateur de formulaires WordPress de Formulaires NEX et des modules compl\u00e9mentaires.<\/p>\n","protected":false},"featured_media":144747,"comment_status":"open","ping_status":"open","template":"","meta":[],"product_brand":[2435],"product_cat":[1191,1181,1186],"product_tag":[1231],"class_list":{"0":"post-111938","1":"product","2":"type-product","3":"status-publish","4":"has-post-thumbnail","6":"product_brand-codecanyon","7":"product_cat-formes","8":"product_cat-plugins","9":"product_cat-wordpress-plugins","10":"product_tag-codecanyon","11":"member-discount","12":"discount-restricted","14":"first","15":"instock","16":"sale","17":"downloadable","18":"virtual","19":"sold-individually","20":"purchasable","21":"product-type-simple"},"_links":{"self":[{"href":"https:\/\/gpl-love.com\/fr\/wp-json\/wp\/v2\/product\/111938","targetHints":{"allow":["GET"]}}],"collection":[{"href":"https:\/\/gpl-love.com\/fr\/wp-json\/wp\/v2\/product"}],"about":[{"href":"https:\/\/gpl-love.com\/fr\/wp-json\/wp\/v2\/types\/product"}],"replies":[{"embeddable":true,"href":"https:\/\/gpl-love.com\/fr\/wp-json\/wp\/v2\/comments?post=111938"}],"wp:featuredmedia":[{"embeddable":true,"href":"https:\/\/gpl-love.com\/fr\/wp-json\/wp\/v2\/media\/144747"}],"wp:attachment":[{"href":"https:\/\/gpl-love.com\/fr\/wp-json\/wp\/v2\/media?parent=111938"}],"wp:term":[{"taxonomy":"product_brand","embeddable":true,"href":"https:\/\/gpl-love.com\/fr\/wp-json\/wp\/v2\/product_brand?post=111938"},{"taxonomy":"product_cat","embeddable":true,"href":"https:\/\/gpl-love.com\/fr\/wp-json\/wp\/v2\/product_cat?post=111938"},{"taxonomy":"product_tag","embeddable":true,"href":"https:\/\/gpl-love.com\/fr\/wp-json\/wp\/v2\/product_tag?post=111938"}],"curies":[{"name":"wp","href":"https:\/\/api.w.org\/{rel}","templated":true}]}}