{"id":111936,"date":"2025-06-02T00:00:00","date_gmt":"2025-06-01T22:00:00","guid":{"rendered":"http:\/\/gpl-love.com\/fr\/produit\/appilo-app-landing-page-wordpress-theme\/"},"modified":"2026-03-20T22:54:50","modified_gmt":"2026-03-20T21:54:50","slug":"appilo-app-landing-page-wordpress-theme","status":"publish","type":"product","link":"https:\/\/gpl-love.com\/fr\/produit\/appilo-app-landing-page-wordpress-theme\/","title":{"rendered":"Appilo App Landing Page WordPress Theme 7.0.0"},"content":{"rendered":"<h3>Appilo App Landing Page WordPress Theme Traits<\/h3>\n<p>La page de destination de l&rsquo;application Appilo WordPress Le th\u00e8me est un th\u00e8me WordPress \u00e9tendu et riche en fonctionnalit\u00e9s sp\u00e9cifiquement con\u00e7u pour les d\u00e9veloppeurs d&rsquo;applications, les soci\u00e9t\u00e9s de logiciels et les startups afin de pr\u00e9senter leurs applications mobiles et Web de mani\u00e8re remarquable. Ce th\u00e8me poss\u00e8de un design \u00e9l\u00e9gant et contemporain qui est non seulement enti\u00e8rement r\u00e9actif mais aussi hautement personnalisable. Il englobe une pl\u00e9thore de d\u00e9mos, de dispositions et de fonctionnalit\u00e9s pr\u00e9d\u00e9finies et con\u00e7ues pour construire une page de destination engageante pour votre produit. En utilisant Appilo, vous pouvez accentuer sans effort les attributs, avantages et plans de prix distinctifs de votre application, tout en l&rsquo;int\u00e9grant de mani\u00e8re transparente avec des outils tiers renomm\u00e9s tels que MailChimp, Contact Form 7 et de nombreux autres. En outre, ce th\u00e8me a \u00e9t\u00e9 m\u00e9ticuleusement optimis\u00e9 pour la vitesse et l&rsquo;optimisation des moteurs de recherche (SEO), garantissant que votre site Web atteint un classement louable sur les moteurs de recherche et pr\u00e9sente des temps de chargement rapides. En conclusion, Appilo est ind\u00e9niablement un choix exceptionnel pour les personnes cherchant \u00e0 cr\u00e9er une page de destination impressionnante pour leur application ou leur logiciel.<\/p>\n<ul>\n<li>Design moderne et \u00e9l\u00e9gant pour pr\u00e9senter votre application<\/li>\n<li>Enti\u00e8rement r\u00e9actif et convivial<\/li>\n<li>Construit avec Bootstrap Framework pour une personnalisation facile<\/li>\n<li>Installation en un clic avec contenu de d\u00e9monstration incluse<\/li>\n<li>Options de mise en page multiples pour la page de destination, le blog et le portefeuille<\/li>\n<li>Int\u00e9gr\u00e9 \u00e0 MailChimp pour les campagnes de marketing par e-mail<\/li>\n<li>SEO optimis\u00e9 pour un meilleur classement des moteurs de recherche<\/li>\n<li>Compatibilit\u00e9 avec tous les principaux navigateurs<\/li>\n<li>Option d&rsquo;arri\u00e8re-plan vid\u00e9o pour un impact visuel ajout\u00e9<\/li>\n<li>Int\u00e9gration des m\u00e9dias sociaux pour augmenter le partage social et l&rsquo;engagement.<\/li>\n<\/ul>\n","protected":false},"excerpt":{"rendered":"<p>Le th\u00e8me WordPress de l&rsquo;application Appilo Appilo est une solution polyvalente, r\u00e9active et conviviale pour votre prochain lancement d&rsquo;application. Ce th\u00e8me WordPress offre un design \u00e9l\u00e9gant avec un look moderne, adapt\u00e9 \u00e0 toute application mobile, logiciel ou tout produit num\u00e9rique. Appilo est parfait pour les d\u00e9veloppeurs, les concepteurs et les propri\u00e9taires d&rsquo;applications qui souhaitent pr\u00e9senter les fonctionnalit\u00e9s et les avantages de leur produit d&rsquo;une mani\u00e8re \u00e9l\u00e9gante et engageante. Ce th\u00e8me est livr\u00e9 avec une vari\u00e9t\u00e9 de mod\u00e8les pr\u00e9-con\u00e7us, vous permettant de cr\u00e9er facilement une page de destination professionnelle. Vous pouvez facilement personnaliser la disposition, les couleurs et la typographie pour correspondre \u00e0 votre identit\u00e9 de marque. Que vous souhaitiez mettre en \u00e9vidence les fonctionnalit\u00e9s uniques de votre application, partager des t\u00e9moignages clients ou cr\u00e9er un appel \u00e0 l&rsquo;action, le th\u00e8me Appilo vous a couvert. Le th\u00e8me est \u00e9galement convivial, aidant votre application \u00e0 se classer plus haut dans les r\u00e9sultats des moteurs de recherche. Avec son interface facile \u00e0 utiliser, le th\u00e8me de la page de destination de l&rsquo;application Appilo est la plate-forme parfaite pour attirer et informer les clients potentiels de votre application.<\/p>\n","protected":false},"featured_media":143144,"comment_status":"open","ping_status":"open","template":"","meta":[],"product_brand":[2433],"product_cat":[1516,1212,1213],"product_tag":[1366],"class_list":{"0":"post-111936","1":"product","2":"type-product","3":"status-publish","4":"has-post-thumbnail","6":"product_brand-themeforest","7":"product_cat-entreprise","8":"product_cat-themes","9":"product_cat-wordpress-themes","10":"product_tag-themeforest","11":"member-discount","12":"discount-restricted","14":"first","15":"instock","16":"sale","17":"downloadable","18":"virtual","19":"sold-individually","20":"purchasable","21":"product-type-simple"},"_links":{"self":[{"href":"https:\/\/gpl-love.com\/fr\/wp-json\/wp\/v2\/product\/111936","targetHints":{"allow":["GET"]}}],"collection":[{"href":"https:\/\/gpl-love.com\/fr\/wp-json\/wp\/v2\/product"}],"about":[{"href":"https:\/\/gpl-love.com\/fr\/wp-json\/wp\/v2\/types\/product"}],"replies":[{"embeddable":true,"href":"https:\/\/gpl-love.com\/fr\/wp-json\/wp\/v2\/comments?post=111936"}],"wp:featuredmedia":[{"embeddable":true,"href":"https:\/\/gpl-love.com\/fr\/wp-json\/wp\/v2\/media\/143144"}],"wp:attachment":[{"href":"https:\/\/gpl-love.com\/fr\/wp-json\/wp\/v2\/media?parent=111936"}],"wp:term":[{"taxonomy":"product_brand","embeddable":true,"href":"https:\/\/gpl-love.com\/fr\/wp-json\/wp\/v2\/product_brand?post=111936"},{"taxonomy":"product_cat","embeddable":true,"href":"https:\/\/gpl-love.com\/fr\/wp-json\/wp\/v2\/product_cat?post=111936"},{"taxonomy":"product_tag","embeddable":true,"href":"https:\/\/gpl-love.com\/fr\/wp-json\/wp\/v2\/product_tag?post=111936"}],"curies":[{"name":"wp","href":"https:\/\/api.w.org\/{rel}","templated":true}]}}