{"id":111934,"date":"2023-09-28T00:00:00","date_gmt":"2023-09-27T22:00:00","guid":{"rendered":"http:\/\/gpl-love.com\/fr\/produit\/school-management-system-for-wordpress\/"},"modified":"2026-04-10T18:38:41","modified_gmt":"2026-04-10T16:38:41","slug":"school-management-system-for-wordpress","status":"publish","type":"product","link":"https:\/\/gpl-love.com\/fr\/produit\/school-management-system-for-wordpress\/","title":{"rendered":"School Management System pour WordPress 89.0"},"content":{"rendered":"<h3>School Management System pour WordPress Traits<\/h3>\n<p>Le syst\u00e8me de gestion de l&rsquo;\u00e9cole pour WordPress est une solution globale et compl\u00e8te qui r\u00e9pond aux besoins des \u00e9coles et des \u00e9tablissements d&rsquo;enseignement dans la gestion efficace de leurs activit\u00e9s quotidiennes. Cette plate-forme conviviale propose une pl\u00e9thore de fonctionnalit\u00e9s, englobant l&rsquo;admission des \u00e9tudiants, la gestion de la fr\u00e9quentation, la planification des horaires, la gestion des examens et une multitude d&rsquo;autres. L&rsquo;objectif principal de ce syst\u00e8me est de simplifier et de rationaliser les t\u00e2ches administratives, tout en fournissant des donn\u00e9es en temps r\u00e9el et \u00e0 jour concernant les performances de l&rsquo;\u00e9cole. En utilisant ce syst\u00e8me de pointe, les \u00e9coles peuvent acc\u00e9l\u00e9rer leurs op\u00e9rations et optimiser les niveaux de productivit\u00e9. En outre, la facilit\u00e9 d&rsquo;installation et la nature personnalisable de ce syst\u00e8me lui permettent de s&rsquo;adapter de mani\u00e8re transparente aux exigences sp\u00e9cifiques des \u00e9coles individuelles. Par cons\u00e9quent, il est la solution ultime pour les \u00e9tablissements d&rsquo;enseignement cherchant \u00e0 automatiser leurs processus et \u00e0 \u00e9lever l&rsquo;efficacit\u00e9 globale.<\/p>\n<ul>\n<li>Solution de gestion compl\u00e8te pour les \u00e9tablissements d&rsquo;enseignement.<\/li>\n<li>D\u00e9velopp\u00e9 sp\u00e9cifiquement pour WordPress.<\/li>\n<li>Installation et configuration faciles.<\/li>\n<li>Interface intuitive et conviviale.<\/li>\n<li>Personnalisable pour r\u00e9pondre aux besoins sp\u00e9cifiques de chaque \u00e9cole.<\/li>\n<li>Les fonctionnalit\u00e9s incluent le suivi de la fr\u00e9quentation, le livre de notes, la gestion des programmes d&rsquo;\u00e9tudes et plus encore.<\/li>\n<li>S\u00e9curis\u00e9 et fiable avec les mises \u00e0 jour et le support r\u00e9guliers.<\/li>\n<li>Rationalise l&rsquo;administration de l&rsquo;\u00e9cole et r\u00e9duit la charge de travail.<\/li>\n<li>Prend en charge plusieurs langues \u00e0 usage global.<\/li>\n<li>Options de prix abordables pour tous les budgets.<\/li>\n<li>1 Informe avec des plugins et des th\u00e8mes WordPress populaires.<\/li>\n<li>Option bas\u00e9e sur 1Cloud disponible pour l&rsquo;acc\u00e8s \u00e0 distance.<\/li>\n<li>1mobile sensible \u00e0 la gestion en d\u00e9placement.<\/li>\n<li>1 Saves Time et am\u00e9liore la communication entre les administrateurs, les enseignants et les parents.<\/li>\n<li>1 Improve la r\u00e9ussite des \u00e9tudiants avec des informations et des rapports bas\u00e9s sur les donn\u00e9es.<\/li>\n<\/ul>\n","protected":false},"excerpt":{"rendered":"<p>Le syst\u00e8me de gestion scolaire pour WordPress est une solution globale qui a \u00e9t\u00e9 complexe pour r\u00e9pondre aux besoins uniques et individualis\u00e9s des \u00e9coles et des \u00e9tablissements d&rsquo;enseignement. Ce syst\u00e8me fournit une approche transparente et sans tracas pour g\u00e9rer un large \u00e9ventail de fonctions essentielles, y compris, mais sans s&rsquo;y limiter, la gestion des donn\u00e9es des \u00e9tudiants, la planification des cours, le suivi de fr\u00e9quentation, la notation et l&rsquo;\u00e9valuation et une pl\u00e9thore d&rsquo;autres fonctionnalit\u00e9s inestimables. De plus, il poss\u00e8de un \u00e9ventail d&rsquo;outils conviviaux qui favorisent une communication et une collaboration efficaces, tels que des babillards \u00e9lectroniques et des syst\u00e8mes de messagerie, garantissant ainsi que les enseignants, les parents et les administrateurs peuvent maintenir sans effort une connexion constante et in\u00e9branlable. En outre, ce syst\u00e8me hautement adaptable est enti\u00e8rement personnalisable, vous permettant ainsi de l&rsquo;adapter pr\u00e9cis\u00e9ment aux exigences et aux exigences sp\u00e9cifiques de votre \u00e9tablissement d&rsquo;enseignement, facilitant ainsi un flux de travail rationalis\u00e9 et efficace qui est \u00e0 la fois pratique et propice \u00e0 la maximisation de la productivit\u00e9. En fin de compte, la mise en \u0153uvre du syst\u00e8me de gestion scolaire pour WordPress transcende les processus administratifs traditionnels, facilitant une exp\u00e9rience d&rsquo;apprentissage compl\u00e8te et am\u00e9lior\u00e9e pour toutes les parties prenantes impliqu\u00e9es.<\/p>\n","protected":false},"featured_media":145168,"comment_status":"open","ping_status":"open","template":"","meta":[],"product_brand":[2435],"product_cat":[1300,1181,1186],"product_tag":[1231],"class_list":{"0":"post-111934","1":"product","2":"type-product","3":"status-publish","4":"has-post-thumbnail","6":"product_brand-codecanyon","7":"product_cat-adhesion","8":"product_cat-plugins","9":"product_cat-wordpress-plugins","10":"product_tag-codecanyon","11":"member-discount","12":"discount-restricted","14":"first","15":"instock","16":"sale","17":"downloadable","18":"virtual","19":"sold-individually","20":"purchasable","21":"product-type-simple"},"_links":{"self":[{"href":"https:\/\/gpl-love.com\/fr\/wp-json\/wp\/v2\/product\/111934","targetHints":{"allow":["GET"]}}],"collection":[{"href":"https:\/\/gpl-love.com\/fr\/wp-json\/wp\/v2\/product"}],"about":[{"href":"https:\/\/gpl-love.com\/fr\/wp-json\/wp\/v2\/types\/product"}],"replies":[{"embeddable":true,"href":"https:\/\/gpl-love.com\/fr\/wp-json\/wp\/v2\/comments?post=111934"}],"wp:featuredmedia":[{"embeddable":true,"href":"https:\/\/gpl-love.com\/fr\/wp-json\/wp\/v2\/media\/145168"}],"wp:attachment":[{"href":"https:\/\/gpl-love.com\/fr\/wp-json\/wp\/v2\/media?parent=111934"}],"wp:term":[{"taxonomy":"product_brand","embeddable":true,"href":"https:\/\/gpl-love.com\/fr\/wp-json\/wp\/v2\/product_brand?post=111934"},{"taxonomy":"product_cat","embeddable":true,"href":"https:\/\/gpl-love.com\/fr\/wp-json\/wp\/v2\/product_cat?post=111934"},{"taxonomy":"product_tag","embeddable":true,"href":"https:\/\/gpl-love.com\/fr\/wp-json\/wp\/v2\/product_tag?post=111934"}],"curies":[{"name":"wp","href":"https:\/\/api.w.org\/{rel}","templated":true}]}}