{"id":111932,"date":"2024-06-27T00:00:00","date_gmt":"2024-06-26T22:00:00","guid":{"rendered":"http:\/\/gpl-love.com\/fr\/produit\/classiads-classified-ads-wordpress-theme\/"},"modified":"2026-03-20T22:58:32","modified_gmt":"2026-03-20T21:58:32","slug":"classiads-classified-ads-wordpress-theme","status":"publish","type":"product","link":"https:\/\/gpl-love.com\/fr\/produit\/classiads-classified-ads-wordpress-theme\/","title":{"rendered":"Classiads Classified Ads WordPress Theme 6.1.5"},"content":{"rendered":"<h3>Classiads Classified Ads WordPress Theme Traits<\/h3>\n<p>Le th\u00e8me WordPress ADS classifi\u00e9 Classiades est un th\u00e8me extr\u00eamement personnalisable et convivial qui a \u00e9t\u00e9 sp\u00e9cialement con\u00e7u dans le but de cr\u00e9er et de g\u00e9rer des sites Web de publicit\u00e9s classifi\u00e9es. Il englobe un large \u00e9ventail de fonctionnalit\u00e9s et de fonctionnalit\u00e9s avanc\u00e9es qui en font une option id\u00e9ale pour les particuliers et les entreprises qui cherchent \u00e0 \u00e9tablir une plate-forme d&rsquo;annonces classifi\u00e9e professionnelle et \u00e9volutive. Gr\u00e2ce \u00e0 son tableau de bord convivial, les utilisateurs peuvent cr\u00e9er, modifier et g\u00e9rer sans effort les annonces classifi\u00e9es ainsi que les cat\u00e9gories de r\u00e9pertorie avec la plus grande facilit\u00e9. De plus, le th\u00e8me est \u00e9quip\u00e9 d&rsquo;un syst\u00e8me de recherche et de filtre robuste qui facilite les utilisateurs pour localiser rapidement le contenu souhait\u00e9. De plus, il prend en charge une gamme diversifi\u00e9e de passerelles de paiement, permettant ainsi aux entreprises de mon\u00e9tiser efficacement leurs sites Web de publicit\u00e9s classifi\u00e9s. Lorsque vous envisagez tous ses attributs, il devient \u00e9vident que le th\u00e8me des ADS classifi\u00e9 Classiades est une solution globale et digne de confiance pour ceux qui cherchent \u00e0 cr\u00e9er et \u00e0 g\u00e9rer les plateformes d&rsquo;annonces classifi\u00e9es.<\/p>\n<ul>\n<li>Un th\u00e8me WordPress puissant et flexible con\u00e7u pour les sites Web de publicit\u00e9s classifi\u00e9es<\/li>\n<li>Livr\u00e9 avec une interface de glisser-d\u00e9poser par l&rsquo;utilisateur pour une personnalisation facile<\/li>\n<li>Offre plusieurs dispositions de page d&rsquo;accueil pr\u00e9d\u00e9finies et mod\u00e8les de page pour une configuration rapide<\/li>\n<li>Comprend une large gamme d&rsquo;options de personnalisation pour les polices, les couleurs, les arri\u00e8re-plans et plus<\/li>\n<li>Construit avec une conception r\u00e9active, garantissant que votre site a fi\u00e8re allure sur n&rsquo;importe quel appareil<\/li>\n<li>S&rsquo;int\u00e8gre \u00e0 des plugins populaires comme WooCommerce, Yoast SEO et le formulaire de contact 7<\/li>\n<li>Fournit des fonctionnalit\u00e9s avanc\u00e9es de recherche et de filtrage pour aider les utilisateurs<\/li>\n<li>Prend en charge plusieurs formats d&rsquo;annonces, y compris des images, des vid\u00e9os et des cartes<\/li>\n<li>Comprend des options de mon\u00e9tisation int\u00e9gr\u00e9es, telles que les banni\u00e8res publicitaires et les mises \u00e0 niveau de la liste payante<\/li>\n<li>Offre un excellent support client et des mises \u00e0 jour r\u00e9guli\u00e8res pour assurer une fonctionnalit\u00e9 et une compatibilit\u00e9 maximales<\/li>\n<\/ul>\n","protected":false},"excerpt":{"rendered":"<p>D\u00e9couvrez le th\u00e8me WordPress ADS classifi\u00e9 Classiades, une solution parfaite pour votre entreprise classifi\u00e9e en ligne. Ce th\u00e8me riche en fonctionnalit\u00e9s est enti\u00e8rement r\u00e9actif, garantissant que votre site Web est magnifique sur tous les appareils. Avec les classiades, vous pouvez personnaliser le look de votre site avec des options de couleurs illimit\u00e9es et une typographie avanc\u00e9e. Le th\u00e8me est livr\u00e9 avec un puissant constructeur de pages qui vous permet de cr\u00e9er des dispositions complexes avec facilit\u00e9, et sa conception conviviale de r\u00e9f\u00e9rencement garantit une visibilit\u00e9 plus \u00e9lev\u00e9e sur les moteurs de recherche. Classiads propose \u00e9galement une int\u00e9gration PayPal s\u00e9curis\u00e9e, ce qui rend les transactions sans tracas pour vous et vos clients. Avec sa configuration rapide et sa prise en charge d\u00e9di\u00e9e, la gestion de votre site Web de publicit\u00e9 class\u00e9 n&rsquo;a jamais \u00e9t\u00e9 aussi simple. D\u00e9couvrez la diff\u00e9rence avec le th\u00e8me WordPress ADS classifi\u00e9 Classiades.<\/p>\n","protected":false},"featured_media":143389,"comment_status":"open","ping_status":"open","template":"","meta":[],"product_brand":[2433],"product_cat":[1242,1212,1213],"product_tag":[1366],"class_list":{"0":"post-111932","1":"product","2":"type-product","3":"status-publish","4":"has-post-thumbnail","6":"product_brand-themeforest","7":"product_cat-creatif","8":"product_cat-themes","9":"product_cat-wordpress-themes","10":"product_tag-themeforest","11":"member-discount","12":"discount-restricted","14":"first","15":"instock","16":"sale","17":"downloadable","18":"virtual","19":"sold-individually","20":"purchasable","21":"product-type-simple"},"_links":{"self":[{"href":"https:\/\/gpl-love.com\/fr\/wp-json\/wp\/v2\/product\/111932","targetHints":{"allow":["GET"]}}],"collection":[{"href":"https:\/\/gpl-love.com\/fr\/wp-json\/wp\/v2\/product"}],"about":[{"href":"https:\/\/gpl-love.com\/fr\/wp-json\/wp\/v2\/types\/product"}],"replies":[{"embeddable":true,"href":"https:\/\/gpl-love.com\/fr\/wp-json\/wp\/v2\/comments?post=111932"}],"wp:featuredmedia":[{"embeddable":true,"href":"https:\/\/gpl-love.com\/fr\/wp-json\/wp\/v2\/media\/143389"}],"wp:attachment":[{"href":"https:\/\/gpl-love.com\/fr\/wp-json\/wp\/v2\/media?parent=111932"}],"wp:term":[{"taxonomy":"product_brand","embeddable":true,"href":"https:\/\/gpl-love.com\/fr\/wp-json\/wp\/v2\/product_brand?post=111932"},{"taxonomy":"product_cat","embeddable":true,"href":"https:\/\/gpl-love.com\/fr\/wp-json\/wp\/v2\/product_cat?post=111932"},{"taxonomy":"product_tag","embeddable":true,"href":"https:\/\/gpl-love.com\/fr\/wp-json\/wp\/v2\/product_tag?post=111932"}],"curies":[{"name":"wp","href":"https:\/\/api.w.org\/{rel}","templated":true}]}}