{"id":111930,"date":"2022-06-11T00:00:00","date_gmt":"2022-06-10T22:00:00","guid":{"rendered":"http:\/\/gpl-love.com\/fr\/produit\/gillion-multi-concept-blogmagazine-shop-wordpress-amp-theme\/"},"modified":"2026-03-20T23:16:31","modified_gmt":"2026-03-20T22:16:31","slug":"gillion-multi-concept-blogmagazine-shop-wordpress-amp-theme","status":"publish","type":"product","link":"https:\/\/gpl-love.com\/fr\/produit\/gillion-multi-concept-blogmagazine-shop-wordpress-amp-theme\/","title":{"rendered":"Gillion Multi-Concept Blog Magazine et Shop WordPress AMP Theme 4.3.1"},"content":{"rendered":"<h3>Gillion Multi-Concept Blog Magazine et Shop WordPress AMP Theme Traits<\/h3>\n<p>Le magazine Blog Multi-Concept Gillion et le th\u00e8me de l&rsquo;ampli WordPress Shop est un mod\u00e8le incroyablement polyvalent et abondamment riche en fonctionnalit\u00e9s qui sert d&rsquo;outil exceptionnel pour la cr\u00e9ation de sites Web captivants. Son nom m\u00eame indique sa pertinence pour les blogueurs et les \u00e9diteurs qui aspirent \u00e0 montrer leur contenu d&rsquo;une mani\u00e8re vraiment attrayante visuellement. Un \u00e9ventail de d\u00e9mos pr\u00e9d\u00e9finis est \u00e0 votre disposition, chacun sp\u00e9cifiquement adapt\u00e9 pour r\u00e9pondre \u00e0 une gamme diversifi\u00e9e de niches, y compris, mais sans s&rsquo;y limiter, la mode, la nourriture, le mode de vie et les voyages. En outre, une fonctionnalit\u00e9 d&rsquo;atelier inestimable est int\u00e9gr\u00e9e de mani\u00e8re transparente dans le th\u00e8me, ce qui permet aux utilisateurs la possibilit\u00e9 de vendre sans effort leurs produits directement \u00e0 partir de leur propre site Web. Assurant une exp\u00e9rience transparente pour les utilisateurs mobiles, le th\u00e8me est m\u00e9ticuleusement optimis\u00e9 pour la vitesse et est enti\u00e8rement compatible AMP. De plus, la personnalisation in\u00e9gal\u00e9e de Gillion ne conna\u00eet pas de limites, car elle englobe une vaste gamme d&rsquo;options de disposition, de polices et de couleurs, offrant ainsi aux utilisateurs la possibilit\u00e9 d&rsquo;\u00e9laborer m\u00e9ticuleusement un site Web qui est une extension transparente de l&rsquo;identit\u00e9 m\u00eame de leur marque.<\/p>\n<ul>\n<li>Le th\u00e8me Gillion est un th\u00e8me WordPress multi-concept parfait pour cr\u00e9er des sites Web de blog, de magazine et de boutique<\/li>\n<li>Con\u00e7u pour \u00eatre r\u00e9actif et adapt\u00e9 aux mobiles, offrant une exp\u00e9rience de navigation en douceur sur les appareils<\/li>\n<li>Fournit plusieurs options de personnalisation, y compris des widgets personnalis\u00e9s, des sch\u00e9mas de couleurs illimit\u00e9s et des dispositions de page flexibles<\/li>\n<li>Livr\u00e9 avec 7 conceptions de d\u00e9monstration pr\u00e9fabriqu\u00e9es pour aider \u00e0 mettre votre site Web en marche et \u00e0 fonctionner rapidement<\/li>\n<li>Prise en charge int\u00e9gr\u00e9e pour l&rsquo;optimisation des moteurs de recherche (SEO) pour aider \u00e0 am\u00e9liorer la visibilit\u00e9 organique de votre site Web<\/li>\n<li>Comprend une vari\u00e9t\u00e9 de plugins premium, y compris le compositeur visuel, la r\u00e9volution du curseur et le formulaire de contact 7<\/li>\n<li>Int\u00e9gr\u00e9 au personnalisateur WordPress, vous permettant de modifier rapidement la conception et la fonctionnalit\u00e9 de votre site Web<\/li>\n<li>Construit avec un code propre et optimis\u00e9 pour vous assurer que votre site Web se charge rapidement et efficacement<\/li>\n<li>Prise en charge de l&rsquo;AMP disponible pour les pages \u00e0 chargement rapide et l&rsquo;am\u00e9lioration de l&rsquo;exp\u00e9rience mobile<\/li>\n<li>Offre un excellent support client et une vaste biblioth\u00e8que de documentation pour vous aider \u00e0 tirer le meilleur parti du th\u00e8me.<\/li>\n<\/ul>\n","protected":false},"excerpt":{"rendered":"<p>Le magazine Blog Multi-Concept Gillion et le th\u00e8me AMP WordPress Shop sont un package complet et polyvalent qui r\u00e9pond aux besoins des blogueurs et des propri\u00e9taires de magasins en ligne. Il englobe un \u00e9ventail d&rsquo;\u00e9l\u00e9ments de conception impressionnants et de fonctionnalit\u00e9s transparentes, permettant aux utilisateurs d&rsquo;\u00e9tablir et de maintenir sans effort diverses plateformes telles que des blogs, des magazines et des magasins en ligne. En adoptant la technologie AMP de pointe, ce th\u00e8me garantit un temps de chargement exceptionnellement rapide, permettant ainsi aux utilisateurs d&rsquo;optimiser leur site Web sp\u00e9cifiquement pour les appareils mobiles. Notamment, ce th\u00e8me offre une large gamme d&rsquo;options de personnalisation, accordant aux utilisateurs une autonomie compl\u00e8te sur l&rsquo;apparence visuelle et les capacit\u00e9s op\u00e9rationnelles de leur site Web. Avec ses fonctionnalit\u00e9s robustes et son interface utilisateur intuitive, le magazine Blog Multi-Concept Gillion et le th\u00e8me de l&rsquo;ampli WordPress sont ind\u00e9niablement un choix exemplaire pour les blogueurs et les propri\u00e9taires de magasins en ligne couvrant divers domaines.<\/p>\n","protected":false},"featured_media":143986,"comment_status":"open","ping_status":"open","template":"","meta":[],"product_brand":[2433],"product_cat":[1220,1212,1213],"product_tag":[1366],"class_list":{"0":"post-111930","1":"product","2":"type-product","3":"status-publish","4":"has-post-thumbnail","6":"product_brand-themeforest","7":"product_cat-blog-magazine","8":"product_cat-themes","9":"product_cat-wordpress-themes","10":"product_tag-themeforest","11":"member-discount","12":"discount-restricted","14":"first","15":"instock","16":"sale","17":"downloadable","18":"virtual","19":"sold-individually","20":"purchasable","21":"product-type-simple"},"_links":{"self":[{"href":"https:\/\/gpl-love.com\/fr\/wp-json\/wp\/v2\/product\/111930","targetHints":{"allow":["GET"]}}],"collection":[{"href":"https:\/\/gpl-love.com\/fr\/wp-json\/wp\/v2\/product"}],"about":[{"href":"https:\/\/gpl-love.com\/fr\/wp-json\/wp\/v2\/types\/product"}],"replies":[{"embeddable":true,"href":"https:\/\/gpl-love.com\/fr\/wp-json\/wp\/v2\/comments?post=111930"}],"wp:featuredmedia":[{"embeddable":true,"href":"https:\/\/gpl-love.com\/fr\/wp-json\/wp\/v2\/media\/143986"}],"wp:attachment":[{"href":"https:\/\/gpl-love.com\/fr\/wp-json\/wp\/v2\/media?parent=111930"}],"wp:term":[{"taxonomy":"product_brand","embeddable":true,"href":"https:\/\/gpl-love.com\/fr\/wp-json\/wp\/v2\/product_brand?post=111930"},{"taxonomy":"product_cat","embeddable":true,"href":"https:\/\/gpl-love.com\/fr\/wp-json\/wp\/v2\/product_cat?post=111930"},{"taxonomy":"product_tag","embeddable":true,"href":"https:\/\/gpl-love.com\/fr\/wp-json\/wp\/v2\/product_tag?post=111930"}],"curies":[{"name":"wp","href":"https:\/\/api.w.org\/{rel}","templated":true}]}}