{"id":111928,"date":"2022-02-08T00:00:00","date_gmt":"2022-02-07T23:00:00","guid":{"rendered":"http:\/\/gpl-love.com\/fr\/produit\/deep-premium-wordpress-theme\/"},"modified":"2026-03-20T23:00:30","modified_gmt":"2026-03-20T22:00:30","slug":"deep-premium-wordpress-theme","status":"publish","type":"product","link":"https:\/\/gpl-love.com\/fr\/produit\/deep-premium-wordpress-theme\/","title":{"rendered":"Deep Premium WordPress Theme 5.1.7"},"content":{"rendered":"<h3>Deep Premium WordPress Theme Traits<\/h3>\n<p>Le th\u00e8me WordPress profond Premium comprend un outil de conception sophistiqu\u00e9 et polyvalent qui pr\u00e9sente une pl\u00e9thore de fonctionnalit\u00e9s pour la cr\u00e9ation et la personnalisation d&rsquo;un site Web impressionnant. B\u00e9n\u00e9ficiant d&rsquo;une interface intuitive et conviviale, ce th\u00e8me vous accorde la capacit\u00e9 sans effort pour commander chaque facette de l&rsquo;apparence et de la fonctionnalit\u00e9 de votre site. De son int\u00e9gration transparente avec des plugins WordPress largement utilis\u00e9s \u00e0 sa vaste gamme de mod\u00e8les et de dispositions pr\u00e9-con\u00e7us, Deep sert de ressource compl\u00e8te qui vous offre tous les outils n\u00e9cessaires pour construire un site Web professionnel qui se distingue vraiment de la comp\u00e9tition. Avec ses capacit\u00e9s de personnalisation robustes, sa prise en charge de plusieurs langues et sa conception adaptable, Deep appara\u00eet comme la solution par excellence pour les entreprises, les blogueurs et les individus qui s&rsquo;efforcent de laisser une marque ind\u00e9l\u00e9bile dans le domaine num\u00e9rique.<\/p>\n<ul>\n<li>Design \u00e9l\u00e9gant et moderne, parfait pour les sites Web ou les blogs professionnels<\/li>\n<li>Enti\u00e8rement personnalisable avec des options de th\u00e8me avanc\u00e9es et des sch\u00e9mas de couleurs<\/li>\n<li>Conception r\u00e9active pour une visualisation optimale sur n&rsquo;importe quel appareil<\/li>\n<li>Plusieurs options de disposition de page d&rsquo;accueil, y compris les styles pleine largeur ou en bo\u00eete<\/li>\n<li>Prise en charge int\u00e9gr\u00e9e pour les plugins populaires comme WooCommerce, le formulaire de contact 7 et Yoast SEO<\/li>\n<li>Processus d&rsquo;installation facile avec option d&rsquo;importation de d\u00e9monstration en un clic<\/li>\n<li>Mises \u00e0 jour r\u00e9guli\u00e8res et soutien d\u00e9di\u00e9 des d\u00e9veloppeurs de th\u00e8me<\/li>\n<li>Pr\u00e9sentation de la traduction pour le public mondial<\/li>\n<li>Prend en charge divers formats de publication, y compris la vid\u00e9o et l&rsquo;audio<\/li>\n<li>Structure amicale du r\u00e9f\u00e9rencement pour augmenter la visibilit\u00e9 et le classement de votre site Web sur les moteurs de recherche.<\/li>\n<\/ul>\n","protected":false},"excerpt":{"rendered":"<p>D\u00e9couvrez le meilleur de la conception Web avec notre th\u00e8me WordPress profond Premium. Ce th\u00e8me de premier ordre est enti\u00e8rement personnalisable, vous permettant de cr\u00e9er facilement un beau site Web unique. Il est r\u00e9actif, garantissant que votre site semble impeccable sur n&rsquo;importe quel appareil, que ce soit un bureau, un ordinateur portable, une tablette ou un t\u00e9l\u00e9phone portable. Le th\u00e8me WordPress profond est convivial, aidant votre site \u00e0 se classer plus haut sur les moteurs de recherche, et est \u00e9galement pr\u00eat pour la traduction, permettant \u00e0 votre contenu d&rsquo;atteindre un public mondial. Avec son interface conviviale, vous pouvez naviguer de mani\u00e8re transparente dans le processus de conception. De plus, il est livr\u00e9 avec un support client de haute qualit\u00e9 pour vous guider \u00e0 chaque \u00e9tape du processus. Essayez le th\u00e8me WordPress Deep Premium et \u00e9levez votre pr\u00e9sence en ligne.<\/p>\n","protected":false},"featured_media":143516,"comment_status":"open","ping_status":"open","template":"","meta":[],"product_brand":[2504],"product_cat":[1214,1212,1213],"product_tag":[1394],"class_list":{"0":"post-111928","1":"product","2":"type-product","3":"status-publish","4":"has-post-thumbnail","6":"product_brand-webnus","7":"product_cat-polyvalent","8":"product_cat-themes","9":"product_cat-wordpress-themes","10":"product_tag-webnus","11":"member-discount","12":"discount-restricted","14":"first","15":"instock","16":"sale","17":"downloadable","18":"virtual","19":"sold-individually","20":"purchasable","21":"product-type-simple"},"_links":{"self":[{"href":"https:\/\/gpl-love.com\/fr\/wp-json\/wp\/v2\/product\/111928","targetHints":{"allow":["GET"]}}],"collection":[{"href":"https:\/\/gpl-love.com\/fr\/wp-json\/wp\/v2\/product"}],"about":[{"href":"https:\/\/gpl-love.com\/fr\/wp-json\/wp\/v2\/types\/product"}],"replies":[{"embeddable":true,"href":"https:\/\/gpl-love.com\/fr\/wp-json\/wp\/v2\/comments?post=111928"}],"wp:featuredmedia":[{"embeddable":true,"href":"https:\/\/gpl-love.com\/fr\/wp-json\/wp\/v2\/media\/143516"}],"wp:attachment":[{"href":"https:\/\/gpl-love.com\/fr\/wp-json\/wp\/v2\/media?parent=111928"}],"wp:term":[{"taxonomy":"product_brand","embeddable":true,"href":"https:\/\/gpl-love.com\/fr\/wp-json\/wp\/v2\/product_brand?post=111928"},{"taxonomy":"product_cat","embeddable":true,"href":"https:\/\/gpl-love.com\/fr\/wp-json\/wp\/v2\/product_cat?post=111928"},{"taxonomy":"product_tag","embeddable":true,"href":"https:\/\/gpl-love.com\/fr\/wp-json\/wp\/v2\/product_tag?post=111928"}],"curies":[{"name":"wp","href":"https:\/\/api.w.org\/{rel}","templated":true}]}}