{"id":111926,"date":"2023-11-06T00:00:00","date_gmt":"2023-11-05T23:00:00","guid":{"rendered":"http:\/\/gpl-love.com\/fr\/produit\/reviewx-pro-rating-and-reviews-for-woocommerce\/"},"modified":"2026-04-10T18:38:19","modified_gmt":"2026-04-10T16:38:19","slug":"reviewx-pro-rating-and-reviews-for-woocommerce","status":"publish","type":"product","link":"https:\/\/gpl-love.com\/fr\/produit\/reviewx-pro-rating-and-reviews-for-woocommerce\/","title":{"rendered":"ReviewX Pro Rating et Reviews pour WooCommerce 1.4.7"},"content":{"rendered":"<h3>ReviewX Pro Rating et Reviews pour WooCommerce Traits<\/h3>\n<p>ReviewX Pro, un plugin WooCommerce robuste, permet aux entreprises en leur offrant la capacit\u00e9 d&rsquo;exposer les notes et les avis des utilisateurs sur leurs pages Web. En utilisant ReviewX Pro, les entreprises de commerce \u00e9lectronique peuvent exploiter efficacement la force influente de la preuve sociale pour stimuler les ventes et \u00e9tendre leur client\u00e8le. Ce plugin a \u00e9t\u00e9 m\u00e9ticuleusement con\u00e7u pour assurer une exp\u00e9rience conviviale et intuitive, facilitant ainsi la gestion transparente et la pr\u00e9sentation de pr\u00e9cieux commentaires des clients pour les entreprises de toute \u00e9chelle. En plus de son interface conviviale, ReviewX Pro offre une pl\u00e9thore d&rsquo;options de personnalisation qui offrent aux entreprises la possibilit\u00e9 d&rsquo;aligner l&rsquo;esth\u00e9tique visuelle de leurs critiques avec leur identit\u00e9 de marque unique. De plus, ce plugin exceptionnel accorde aux entreprises acc\u00e9der \u00e0 des analyses et des informations compl\u00e8tes, les permettant ainsi \u00e0 surveiller avec diligence les performances de leurs revues et \u00e0 prendre des d\u00e9cisions bas\u00e9es sur les donn\u00e9es. En r\u00e9sum\u00e9, Reviewx Pro est un outil indispensable dont aucun magasin WooCommerce ne devrait \u00eatre sans, car il poss\u00e8de la capacit\u00e9 d&rsquo;am\u00e9liorer les conversions et d&rsquo;\u00e9lever la satisfaction du client \u00e0 des hauteurs sans pr\u00e9c\u00e9dent.<\/p>\n<ul>\n<li>Boostez vos ventes et cr\u00e9dibilit\u00e9 avec Reviewx Pro Rating and Reviews for WooCommerce<\/li>\n<li>Collectez et affichez les avis des clients sur votre boutique WooCommerce<\/li>\n<li>Personnalisez la conception et la disposition des widgets de r\u00e9vision pour correspondre \u00e0 votre marque<\/li>\n<li>Importer des critiques \u00e0 partir d&rsquo;autres plateformes, comme Amazon ou AliExpress<\/li>\n<li>Filtre et revues mod\u00e9r\u00e9es pour assurer l&rsquo;authenticit\u00e9 et la pertinence<\/li>\n<li>Offrez des r\u00e9compenses ou des r\u00e9ductions pour encourager les clients \u00e0 laisser des avis<\/li>\n<li>Obtenez des informations pr\u00e9cieuses sur les commentaires et les pr\u00e9f\u00e9rences des clients<\/li>\n<li>Augmentez votre classement SEO avec du contenu g\u00e9n\u00e9r\u00e9 par les utilisateurs et des extraits riches<\/li>\n<li>Profitez de l&rsquo;int\u00e9gration transparente avec WooCommerce et d&rsquo;autres plugins populaires<\/li>\n<li>B\u00e9n\u00e9ficiez d&rsquo;un support d\u00e9di\u00e9 et des mises \u00e0 jour r\u00e9guli\u00e8res pour suivre les derni\u00e8res tendances et fonctionnalit\u00e9s des avis des clients.<\/li>\n<\/ul>\n","protected":false},"excerpt":{"rendered":"<p>En utilisant ReviewX Pro, un plugin avanc\u00e9 sp\u00e9cialement con\u00e7u pour les magasins WooCommerce, vous aurez la capacit\u00e9 transparente d&rsquo;incorporer sans effort des notes compl\u00e8tes et des critiques d\u00e9taill\u00e9es sur votre plate-forme. Cet outil remarquable permet aux clients d&rsquo;exprimer leurs opinions et \u00e9valuations concernant vos produits, \u00e9tablissant ainsi une base solide de confiance tout en renfor\u00e7ant simultan\u00e9ment les ventes. De plus, la nature flexible de ce plugin permet une personnalisation personnalis\u00e9e du processus d&rsquo;examen, garantissant qu&rsquo;il s&rsquo;aligne parfaitement avec vos exigences uniques. De plus, en supervisant et en surveillant avec diligence les avis, vous pouvez garantir un contr\u00f4le qualit\u00e9 rigoureux. \u00c9levez votre magasin WooCommerce \u00e0 de nouveaux sommets de succ\u00e8s en embrassant le potentiel transformateur de ReviewX Pro!<\/p>\n","protected":false},"featured_media":145131,"comment_status":"open","ping_status":"open","template":"","meta":[],"product_brand":[2645],"product_cat":[1182,1223,1181],"product_tag":[1612],"class_list":{"0":"post-111926","1":"product","2":"type-product","3":"status-publish","4":"has-post-thumbnail","6":"product_brand-reviewx","7":"product_cat-commerce-electronique-plugins","8":"product_cat-personnalisation-commerce-electronique-plugins","9":"product_cat-plugins","10":"product_tag-reviewx","11":"member-discount","12":"discount-restricted","14":"first","15":"instock","16":"sale","17":"downloadable","18":"virtual","19":"sold-individually","20":"purchasable","21":"product-type-simple"},"_links":{"self":[{"href":"https:\/\/gpl-love.com\/fr\/wp-json\/wp\/v2\/product\/111926","targetHints":{"allow":["GET"]}}],"collection":[{"href":"https:\/\/gpl-love.com\/fr\/wp-json\/wp\/v2\/product"}],"about":[{"href":"https:\/\/gpl-love.com\/fr\/wp-json\/wp\/v2\/types\/product"}],"replies":[{"embeddable":true,"href":"https:\/\/gpl-love.com\/fr\/wp-json\/wp\/v2\/comments?post=111926"}],"wp:featuredmedia":[{"embeddable":true,"href":"https:\/\/gpl-love.com\/fr\/wp-json\/wp\/v2\/media\/145131"}],"wp:attachment":[{"href":"https:\/\/gpl-love.com\/fr\/wp-json\/wp\/v2\/media?parent=111926"}],"wp:term":[{"taxonomy":"product_brand","embeddable":true,"href":"https:\/\/gpl-love.com\/fr\/wp-json\/wp\/v2\/product_brand?post=111926"},{"taxonomy":"product_cat","embeddable":true,"href":"https:\/\/gpl-love.com\/fr\/wp-json\/wp\/v2\/product_cat?post=111926"},{"taxonomy":"product_tag","embeddable":true,"href":"https:\/\/gpl-love.com\/fr\/wp-json\/wp\/v2\/product_tag?post=111926"}],"curies":[{"name":"wp","href":"https:\/\/api.w.org\/{rel}","templated":true}]}}