{"id":111924,"date":"2025-01-07T00:00:00","date_gmt":"2025-01-06T23:00:00","guid":{"rendered":"http:\/\/gpl-love.com\/fr\/produit\/toolkit-for-elementor-addons-for-elementor\/"},"modified":"2026-04-10T18:43:39","modified_gmt":"2026-04-10T16:43:39","slug":"toolkit-for-elementor-addons-for-elementor","status":"publish","type":"product","link":"https:\/\/gpl-love.com\/fr\/produit\/toolkit-for-elementor-addons-for-elementor\/","title":{"rendered":"Toolkit pour Elementor Add-ons pour Elementor 1.6.0"},"content":{"rendered":"<h3>Toolkit pour Elementor Add-ons pour Elementor Traits<\/h3>\n<p>La bo\u00eete \u00e0 outils pour Elementor sert de suppl\u00e9ment indispensable pour les personnes qui utilisent Elementor. Cette bo\u00eete \u00e0 outils compl\u00e8te englobe une gamme diversifi\u00e9e de composants suppl\u00e9mentaires inestimables qui renforceront d\u00e9cid\u00e9ment l&rsquo;efficacit\u00e9 de votre plugin Elementor. En vertu de cette bo\u00eete \u00e0 outils, vous serez habilit\u00e9 \u00e0 fabriquer des widgets sur mesure, \u00e0 impr\u00e9gner de vos conceptions avec des animations captivantes et \u00e0 vous profiter d&rsquo;une myriade d&rsquo;autres fonctionnalit\u00e9s avantageuses. Les inclusions dans cette bo\u00eete \u00e0 outils ont \u00e9t\u00e9 r\u00e9fl\u00e9chies pour \u00e9conomiser votre temps et optimiser votre flux de travail de conception, rendant ainsi la bo\u00eete \u00e0 outils pour Elementor un investissement exceptionnel et judicieux pour les particuliers de tous les niveaux de comp\u00e9tence, qu&rsquo;ils soient n\u00e9ophytes ou utilisateurs \u00e9l\u00e9mentors assaisonn\u00e9s. T\u00e9moignage des capacit\u00e9s transformatrices de cette bo\u00eete \u00e0 outils, les efforts de conception de votre site Web sont certain de monter \u00e0 des hauteurs sans pr\u00e9c\u00e9dent.<\/p>\n<ul>\n<li>Fournit une large gamme de modules compl\u00e9mentaires uniques et \u00e9l\u00e9gants pour Elementor<\/li>\n<li>Permet aux utilisateurs de concevoir facilement des dispositions complexes<\/li>\n<li>Offre une flexibilit\u00e9 et une facilit\u00e9 d&rsquo;utilisation avec la fonction de glisser-d\u00e9poser<\/li>\n<li>Compatible avec Elementor Page Builder<\/li>\n<li>Aide les utilisateurs \u00e0 gagner du temps sur la conception et le d\u00e9veloppement Web<\/li>\n<li>R\u00e9guli\u00e8rement mis \u00e0 jour avec de nouvelles fonctionnalit\u00e9s et fonctionnalit\u00e9s<\/li>\n<li>Livr\u00e9 avec des mod\u00e8les pr\u00e9-con\u00e7us pour aider les utilisateurs \u00e0 d\u00e9marrer rapidement<\/li>\n<li>Propose des conceptions r\u00e9actives et adapt\u00e9es aux mobiles<\/li>\n<li>Fournit des options pour personnaliser les modules compl\u00e9mentaires conform\u00e9ment aux exigences individuelles<\/li>\n<li>Offre une prise en charge rapide et fiable pour les utilisateurs.<\/li>\n<\/ul>\n","protected":false},"excerpt":{"rendered":"<p>La bo\u00eete \u00e0 outils d&rsquo;entr\u00e9e pour Elementor est une compilation exceptionnelle de fonctionnalit\u00e9s suppl\u00e9mentaires puissantes pour le constructeur de page Elementor, qui vous aidera sans effort \u00e0 fabriquer des sites Web captivants visuellement. Dans cette bo\u00eete \u00e0 outils compl\u00e8te, une myriade de widgets et de modules sont englob\u00e9s, y compris un formulaire de contact exceptionnellement avanc\u00e9, un carrousel d&rsquo;image exquis, une table de tarification attrayante et de nombreux autres composants qui servent \u00e0 am\u00e9liorer la fonctionnalit\u00e9 de votre site Web. En int\u00e9grant simplement les modules compl\u00e9mentaires d&rsquo;entr\u00e9e dans votre page et en les personnalisant m\u00e9ticuleusement pour s&rsquo;aligner sur vos pr\u00e9f\u00e9rences, vous t\u00e9moignerez de votre site Web progressivement. \u00c0 l&rsquo;aide de la contribution, vous serez fourni avec tous les outils essentiels n\u00e9cessaires pour cr\u00e9er des sites Web distinctifs et polis par des professionnels qui se distinguent sans effort dans la vaste \u00e9tendue du domaine en ligne.<\/p>\n","protected":false},"featured_media":145595,"comment_status":"open","ping_status":"open","template":"","meta":[],"product_brand":[2676],"product_cat":[1187,1181,1186],"product_tag":[1610],"class_list":{"0":"post-111924","1":"product","2":"type-product","3":"status-publish","4":"has-post-thumbnail","6":"product_brand-toolkit-for-elementor","7":"product_cat-administration-wordpress-plugins","8":"product_cat-plugins","9":"product_cat-wordpress-plugins","10":"product_tag-toolkit-for-elementor","11":"member-discount","12":"discount-restricted","14":"first","15":"instock","16":"sale","17":"downloadable","18":"virtual","19":"sold-individually","20":"purchasable","21":"product-type-simple"},"_links":{"self":[{"href":"https:\/\/gpl-love.com\/fr\/wp-json\/wp\/v2\/product\/111924","targetHints":{"allow":["GET"]}}],"collection":[{"href":"https:\/\/gpl-love.com\/fr\/wp-json\/wp\/v2\/product"}],"about":[{"href":"https:\/\/gpl-love.com\/fr\/wp-json\/wp\/v2\/types\/product"}],"replies":[{"embeddable":true,"href":"https:\/\/gpl-love.com\/fr\/wp-json\/wp\/v2\/comments?post=111924"}],"wp:featuredmedia":[{"embeddable":true,"href":"https:\/\/gpl-love.com\/fr\/wp-json\/wp\/v2\/media\/145595"}],"wp:attachment":[{"href":"https:\/\/gpl-love.com\/fr\/wp-json\/wp\/v2\/media?parent=111924"}],"wp:term":[{"taxonomy":"product_brand","embeddable":true,"href":"https:\/\/gpl-love.com\/fr\/wp-json\/wp\/v2\/product_brand?post=111924"},{"taxonomy":"product_cat","embeddable":true,"href":"https:\/\/gpl-love.com\/fr\/wp-json\/wp\/v2\/product_cat?post=111924"},{"taxonomy":"product_tag","embeddable":true,"href":"https:\/\/gpl-love.com\/fr\/wp-json\/wp\/v2\/product_tag?post=111924"}],"curies":[{"name":"wp","href":"https:\/\/api.w.org\/{rel}","templated":true}]}}