{"id":111922,"date":"2021-09-06T00:00:00","date_gmt":"2021-09-05T22:00:00","guid":{"rendered":"http:\/\/gpl-love.com\/fr\/produit\/onelife-medical-health-wordpress-theme\/"},"modified":"2026-04-10T18:35:16","modified_gmt":"2026-04-10T16:35:16","slug":"onelife-medical-health-wordpress-theme","status":"publish","type":"product","link":"https:\/\/gpl-love.com\/fr\/produit\/onelife-medical-health-wordpress-theme\/","title":{"rendered":"OneLife Medical, Health WordPress Theme 3.5"},"content":{"rendered":"<h3>OneLife Medical, Health WordPress Theme Traits<\/h3>\n<p>OneLife Medical est un th\u00e8me WordPress hautement sp\u00e9cialis\u00e9 qui a \u00e9t\u00e9 m\u00e9ticuleusement con\u00e7u pour r\u00e9pondre sp\u00e9cifiquement \u00e0 l&rsquo;industrie des soins de sant\u00e9. Il poss\u00e8de un \u00e9ventail impressionnant de fonctionnalit\u00e9s de pointe qui ont \u00e9t\u00e9 strat\u00e9giquement incorpor\u00e9es pour autonomiser les professionnels de la sant\u00e9 et les institutions, leur permettant de pr\u00e9senter efficacement leur large gamme de services, d&rsquo;expertise et de pointe. Ce th\u00e8me extraordinaire est enti\u00e8rement r\u00e9actif et pr\u00e9sente une compatibilit\u00e9 sans faille avec tous les principaux navigateurs, appareils et plateformes, garantissant une exp\u00e9rience utilisateur sans pr\u00e9c\u00e9dent pour les patients et les visiteurs. De plus, ce th\u00e8me exceptionnel offre une pl\u00e9thore de mod\u00e8les de page m\u00e9ticuleusement con\u00e7us qui peuvent \u00eatre personnalis\u00e9s sans effort pour s&rsquo;harmoniser avec votre image de marque unique et vos pr\u00e9f\u00e9rences stylistiques. Avec un accent in\u00e9branlable sur l&rsquo;exp\u00e9rience utilisateur, OneLife garantit une accessibilit\u00e9 transparente \u00e0 toutes les informations essentielles, facilitant la navigation rapide et sans effort pour toutes les personnes \u00e0 la recherche de d\u00e9tails m\u00e9dicaux pertinents. Que vous cherchiez \u00e0 \u00e9tablir une pr\u00e9sence en ligne pour votre clinique, l&rsquo;h\u00f4pital ou votre pratique priv\u00e9e, OneLife M\u00e9dical \u00e9merge sans aucun doute comme un choix exceptionnel, vous guidant sans effort vers la cr\u00e9ation d&rsquo;une plate-forme num\u00e9rique extr\u00eamement professionnelle et captivante.<\/p>\n<ul>\n<li>Design propre et moderne parfait pour les sites Web m\u00e9dicaux et li\u00e9s \u00e0 la sant\u00e9<\/li>\n<li>Enti\u00e8rement personnalisable avec une gamme d&rsquo;options pour les couleurs, les polices et la mise en page<\/li>\n<li>Conception r\u00e9active optimis\u00e9e pour les appareils mobiles<\/li>\n<li>Int\u00e9gration avec des plugins populaires tels que le formulaire de contact 7 et WooCommerce<\/li>\n<li>Caract\u00e9ristiques int\u00e9gr\u00e9es pour la r\u00e9servation et la planification de rendez-vous<\/li>\n<li>Builder de page facile \u00e0 utiliser pour cr\u00e9er des dispositions uniques<\/li>\n<li>Code optimis\u00e9 SEO pour am\u00e9liorer le classement des moteurs de recherche<\/li>\n<li>Importation de d\u00e9monstration en un clic pour une configuration et une personnalisation rapides<\/li>\n<li>Options d&rsquo;en-t\u00eate et de pied de page \u00e0 choisir<\/li>\n<li>Mises \u00e0 jour r\u00e9guli\u00e8res et soutien d\u00e9di\u00e9 des d\u00e9veloppeurs de th\u00e8me<\/li>\n<\/ul>\n","protected":false},"excerpt":{"rendered":"<p>Le th\u00e8me WordPress m\u00e9dical et sant\u00e9 OneLife appara\u00eet comme une solution tr\u00e8s \u00e9tendue et globale con\u00e7ue principalement pour r\u00e9pondre aux exigences sp\u00e9cifiques des entreprises de soins de sant\u00e9 et des professionnels. Emball\u00e9 avec un \u00e9ventail de fonctionnalit\u00e9s avanc\u00e9es, telles que la capacit\u00e9 de r\u00e9server des rendez-vous, de g\u00e9rer efficacement les patients et d&rsquo;effectuer des consultations en ligne, ce th\u00e8me appara\u00eet comme un changement de jeu dans le domaine de la conception de sites Web ax\u00e9e sur les soins de sant\u00e9. Non seulement il dispose d&rsquo;une interface conviviale, mais il offre \u00e9galement un niveau remarquable d&rsquo;options de personnalisation, permettant aux utilisateurs d&rsquo;adapter leurs sites Web en fonction de leurs pr\u00e9f\u00e9rences uniques. De plus, le th\u00e8me pr\u00e9sente une esth\u00e9tique \u00e9l\u00e9gante et contemporaine, am\u00e9liorant encore son attrait. En outre, il poss\u00e8de une conception r\u00e9active, garantissant ainsi une exp\u00e9rience de visualisation transparente et visuellement optimale sur un large \u00e9ventail d&rsquo;appareils. En exploitant le pouvoir d&rsquo;OneLife, vous \u00eates autoris\u00e9 \u00e0 \u00e9laborer sans effort un site Web professionnel et captivant qui facilite sans aucun doute l&rsquo;\u00e9tablissement de liens significatifs avec les patients, entra\u00eenant ainsi l&rsquo;expansion et l&rsquo;\u00e9panouissement de votre entreprise estim\u00e9e.<\/p>\n","protected":false},"featured_media":144863,"comment_status":"open","ping_status":"open","template":"","meta":[],"product_brand":[2433],"product_cat":[1516,1212,1213],"product_tag":[1366],"class_list":{"0":"post-111922","1":"product","2":"type-product","3":"status-publish","4":"has-post-thumbnail","6":"product_brand-themeforest","7":"product_cat-entreprise","8":"product_cat-themes","9":"product_cat-wordpress-themes","10":"product_tag-themeforest","11":"member-discount","12":"discount-restricted","14":"first","15":"instock","16":"sale","17":"downloadable","18":"virtual","19":"sold-individually","20":"purchasable","21":"product-type-simple"},"_links":{"self":[{"href":"https:\/\/gpl-love.com\/fr\/wp-json\/wp\/v2\/product\/111922","targetHints":{"allow":["GET"]}}],"collection":[{"href":"https:\/\/gpl-love.com\/fr\/wp-json\/wp\/v2\/product"}],"about":[{"href":"https:\/\/gpl-love.com\/fr\/wp-json\/wp\/v2\/types\/product"}],"replies":[{"embeddable":true,"href":"https:\/\/gpl-love.com\/fr\/wp-json\/wp\/v2\/comments?post=111922"}],"wp:featuredmedia":[{"embeddable":true,"href":"https:\/\/gpl-love.com\/fr\/wp-json\/wp\/v2\/media\/144863"}],"wp:attachment":[{"href":"https:\/\/gpl-love.com\/fr\/wp-json\/wp\/v2\/media?parent=111922"}],"wp:term":[{"taxonomy":"product_brand","embeddable":true,"href":"https:\/\/gpl-love.com\/fr\/wp-json\/wp\/v2\/product_brand?post=111922"},{"taxonomy":"product_cat","embeddable":true,"href":"https:\/\/gpl-love.com\/fr\/wp-json\/wp\/v2\/product_cat?post=111922"},{"taxonomy":"product_tag","embeddable":true,"href":"https:\/\/gpl-love.com\/fr\/wp-json\/wp\/v2\/product_tag?post=111922"}],"curies":[{"name":"wp","href":"https:\/\/api.w.org\/{rel}","templated":true}]}}