{"id":111904,"date":"2026-02-24T00:00:00","date_gmt":"2026-02-23T23:00:00","guid":{"rendered":"http:\/\/gpl-love.com\/fr\/produit\/woocommerce-upload-files\/"},"modified":"2026-03-20T23:48:18","modified_gmt":"2026-03-20T22:48:18","slug":"woocommerce-upload-files","status":"publish","type":"product","link":"https:\/\/gpl-love.com\/fr\/produit\/woocommerce-upload-files\/","title":{"rendered":"WooCommerce Upload Files 88.2"},"content":{"rendered":"<h3>WooCommerce Upload Files Traits<\/h3>\n<p>Le plugin de fichiers WooCommerce T\u00e9l\u00e9chargement propose un tableau de fonctionnalit\u00e9s puissantes qui permettent aux clients de t\u00e9l\u00e9charger sans effort des fichiers directement dans votre boutique WooCommerce. Ses capacit\u00e9s compl\u00e8tes permettent l&rsquo;int\u00e9gration transparente de divers formats de fichiers, y compris des images, des vid\u00e9os, des documents, etc., le tout \u00e0 partir de la commodit\u00e9 de la page du produit. En facilitant ce processus de t\u00e9l\u00e9chargement de fichiers transparent, les clients peuvent partager facilement leurs conceptions innovantes, leurs id\u00e9es perspicaces ou tout autre fichier pertinent avec la plus facilit\u00e9 et l&rsquo;efficacit\u00e9. De plus, ce plugin offre la flexibilit\u00e9 d&rsquo;\u00e9tablir des restrictions de taille de fichier, ainsi que pour organiser les types acceptables de fichiers que les clients peuvent t\u00e9l\u00e9charger. De plus, le champ de t\u00e9l\u00e9chargement de fichiers peut \u00eatre facilement personnalis\u00e9 pour r\u00e9pondre \u00e0 vos besoins sp\u00e9cifiques. En termes de mise en \u0153uvre, ce plugin poss\u00e8de un processus d&rsquo;installation simple et une interface de configuration conviviale, garantissant une exp\u00e9rience sans tracas pour le propri\u00e9taire du magasin et les clients. Avec la compatibilit\u00e9 impeccable qu&rsquo;elle pr\u00e9sente avec WooCommerce, le plugin WooCommerce T\u00e9l\u00e9chargement des fichiers sert d&rsquo;outil par excellence pour offrir une exp\u00e9rience client in\u00e9gal\u00e9e, tout en rationalisant et en optimisant simultan\u00e9ment vos proc\u00e9dures de gestion des fichiers.<\/p>\n<ul>\n<li>Permet aux clients de t\u00e9l\u00e9charger des fichiers lors de la mise en service dans WooCommerce<\/li>\n<li>Prend en charge un large \u00e9ventail de formats de fichiers, y compris des images, des PDF et des fichiers audio<\/li>\n<li>Donne aux commer\u00e7ants la possibilit\u00e9 de d\u00e9finir des limites de t\u00e9l\u00e9chargement et des exigences de fichier, telles que la taille minimale ou le type de fichier<\/li>\n<li>Les fichiers peuvent \u00eatre facilement accessibles et t\u00e9l\u00e9charg\u00e9s par les marchands \u00e0 partir de la page WooCommerce Orders<\/li>\n<li>Les clients re\u00e7oivent des e-mails de confirmation avec des liens vers leurs fichiers t\u00e9l\u00e9charg\u00e9s pour une r\u00e9f\u00e9rence facile<\/li>\n<li>Interface intuitive et conviviale pour les clients et les commer\u00e7ants<\/li>\n<li>Compatible avec une vari\u00e9t\u00e9 de passerelles de paiement et de m\u00e9thodes d&rsquo;exp\u00e9dition dans WooCommerce<\/li>\n<li>Offre une flexibilit\u00e9 en termes de stockage de fichiers t\u00e9l\u00e9charg\u00e9s, y compris sur le serveur ou via des fournisseurs de stockage cloud populaires<\/li>\n<li>Aide \u00e0 rationaliser le processus de r\u00e9alisation des commandes en \u00e9liminant le besoin de plates-formes de partage de fichiers distinctes<\/li>\n<\/ul>\n","protected":false},"excerpt":{"rendered":"<p>Le plugin de fichiers WooCommerce T\u00e9l\u00e9chargement, qui sert d&rsquo;outil tr\u00e8s puissant, permet aux clients de t\u00e9l\u00e9charger facilement des fichiers aux c\u00f4t\u00e9s de leurs commandes sur votre boutique en ligne. Ce plugin poss\u00e8de la possibilit\u00e9 d&rsquo;\u00e9tablir sans effort des restrictions en termes de taille et de format de fichier, et permet en outre l&rsquo;imposition d&rsquo;une soumission de fichier obligatoire des clients avant la finalisation de la commande. En effet, ce plugin facilite une gestion efficace des fichiers tout en garantissant une exp\u00e9rience utilisateur fluide et coh\u00e9rente, ce qui en fait un ajout non crucial indiciblement \u00e0 tout magasin WooCommerce.<\/p>\n","protected":false},"featured_media":146057,"comment_status":"open","ping_status":"open","template":"","meta":[],"product_brand":[2435],"product_cat":[1182,1223,1181],"product_tag":[1231],"class_list":{"0":"post-111904","1":"product","2":"type-product","3":"status-publish","4":"has-post-thumbnail","6":"product_brand-codecanyon","7":"product_cat-commerce-electronique-plugins","8":"product_cat-personnalisation-commerce-electronique-plugins","9":"product_cat-plugins","10":"product_tag-codecanyon","11":"member-discount","12":"discount-restricted","14":"first","15":"instock","16":"sale","17":"downloadable","18":"virtual","19":"sold-individually","20":"purchasable","21":"product-type-simple"},"_links":{"self":[{"href":"https:\/\/gpl-love.com\/fr\/wp-json\/wp\/v2\/product\/111904","targetHints":{"allow":["GET"]}}],"collection":[{"href":"https:\/\/gpl-love.com\/fr\/wp-json\/wp\/v2\/product"}],"about":[{"href":"https:\/\/gpl-love.com\/fr\/wp-json\/wp\/v2\/types\/product"}],"replies":[{"embeddable":true,"href":"https:\/\/gpl-love.com\/fr\/wp-json\/wp\/v2\/comments?post=111904"}],"wp:featuredmedia":[{"embeddable":true,"href":"https:\/\/gpl-love.com\/fr\/wp-json\/wp\/v2\/media\/146057"}],"wp:attachment":[{"href":"https:\/\/gpl-love.com\/fr\/wp-json\/wp\/v2\/media?parent=111904"}],"wp:term":[{"taxonomy":"product_brand","embeddable":true,"href":"https:\/\/gpl-love.com\/fr\/wp-json\/wp\/v2\/product_brand?post=111904"},{"taxonomy":"product_cat","embeddable":true,"href":"https:\/\/gpl-love.com\/fr\/wp-json\/wp\/v2\/product_cat?post=111904"},{"taxonomy":"product_tag","embeddable":true,"href":"https:\/\/gpl-love.com\/fr\/wp-json\/wp\/v2\/product_tag?post=111904"}],"curies":[{"name":"wp","href":"https:\/\/api.w.org\/{rel}","templated":true}]}}