{"id":111900,"date":"2025-09-17T00:00:00","date_gmt":"2025-09-16T22:00:00","guid":{"rendered":"http:\/\/gpl-love.com\/fr\/produit\/woocommerce-order-status-control\/"},"modified":"2026-04-10T18:47:36","modified_gmt":"2026-04-10T16:47:36","slug":"woocommerce-order-status-control","status":"publish","type":"product","link":"https:\/\/gpl-love.com\/fr\/produit\/woocommerce-order-status-control\/","title":{"rendered":"WooCommerce Order Status Control 1.16.1"},"content":{"rendered":"<h3>WooCommerce Order Status Control Traits<\/h3>\n<p>Le contr\u00f4le d&rsquo;\u00e9tat de l&rsquo;ordre WOOCommerce est un plugin extr\u00eamement robuste, sp\u00e9cifiquement adapt\u00e9 aux entreprises qui exploitent WooCommerce comme principale plate-forme de commerce \u00e9lectronique. Ce plugin permet aux utilisateurs une capacit\u00e9 in\u00e9gal\u00e9e de personnaliser et de gouverner de mani\u00e8re transparente leurs statuts de commande. Tirant parti de son interface remarquablement conviviale, les entreprises peuvent fabriquer sans effort les statuts de commande sur mesure, les attribuer \u00e0 des commandes sp\u00e9cifiques et surveiller m\u00e9ticuleusement leurs progr\u00e8s tout au long du parcours de r\u00e9alisation des commandes. En cons\u00e9quence, cela facilite une communication am\u00e9lior\u00e9e et plus efficace entre l&rsquo;entreprise et sa pr\u00e9cieuse client\u00e8le, tout en rationalisant simultan\u00e9ment le processus global de gestion des commandes. En exploitant la puissance du contr\u00f4le du statut de commande WooCommerce, les entreprises peuvent optimiser efficacement leurs proc\u00e9dures d&rsquo;administration des commandes, att\u00e9nuer les erreurs potentielles et finalement fournir \u00e0 leurs clients estim\u00e9s une exp\u00e9rience d&rsquo;achat en ligne \u00e9lev\u00e9e. Essentiellement, cet outil indispensable est une n\u00e9cessit\u00e9 absolue pour toute entreprise souhaitant am\u00e9liorer leur processus de gestion des commandes WooCommerce.<\/p>\n<ul>\n<li>Vous permet de g\u00e9rer et de personnaliser les statuts de commande WooCommerce<\/li>\n<li>Vous donne un plus grand contr\u00f4le sur le processus de commande<\/li>\n<li>Rationalise le processus de gestion des commandes et fait gagner du temps<\/li>\n<li>Fournit un moyen plus efficace et efficace de g\u00e9rer les commandes<\/li>\n<li>Vous permet de cr\u00e9er des statuts de commande personnalis\u00e9s pour r\u00e9pondre aux besoins de votre entreprise<\/li>\n<li>Vous permet d&rsquo;informer les clients \u00e0 chaque \u00e9tape du processus de commande<\/li>\n<li>G\u00e8re l&rsquo;\u00e9tat de commande de tous les produits de votre boutique en ligne<\/li>\n<li>Vous aide \u00e0 garder une trace des commandes des clients et des modifications de l&rsquo;\u00e9tat des commandes<\/li>\n<li>Am\u00e9liore la communication avec les clients pour une meilleure exp\u00e9rience de magasinage<\/li>\n<li>Gardez votre boutique en ligne organis\u00e9e et fonctionne en douceur<\/li>\n<\/ul>\n","protected":false},"excerpt":{"rendered":"<p>Le contr\u00f4le du statut de commande WooCommerce est un plugin extr\u00eamement robuste qui poss\u00e8de la capacit\u00e9 d&rsquo;optimiser et de rationaliser le processus de r\u00e9alisation des commandes dans votre \u00e9tablissement de vente au d\u00e9tail en ligne. L&rsquo;utilisation de cet outil permet la personnalisation sans effort des statuts de commande en fonction de vos pr\u00e9f\u00e9rences sp\u00e9cifiques, et permet en outre l&rsquo;affectation automatique des actions qui sont d\u00e9clench\u00e9es \u00e0 chaque alt\u00e9ration de l&rsquo;\u00e9tat. Que votre objectif implique la diffusion des notifications aux clients en relation avec leurs statuts de commande respectifs, la mise \u00e0 jour de votre inventaire ou l&rsquo;am\u00e9lioration de l&rsquo;efficacit\u00e9 avec laquelle vous g\u00e9rez et surveillez vos commandes, l&rsquo;int\u00e9gration du contr\u00f4le de l&rsquo;\u00e9tat de commande WOOCommerce dans vos op\u00e9rations sera Facilitez sans aucun doute ces t\u00e2ches avec une facilit\u00e9 in\u00e9gal\u00e9e. De plus, le plugin vous accorde la capacit\u00e9 de construire des statuts de commande personnalis\u00e9s, de configurer des notifications par e-mail et m\u00eame de lancer des workflows automatis\u00e9s \u00e0 l&rsquo;aide d&rsquo;outils tiers &#8211; le tout dans une interface singuli\u00e8re et conviviale. N&rsquo;h\u00e9sitez pas \u00e0 vous lancer dans un essai de cette solution extraordinaire aujourd&rsquo;hui, car sa mise en \u0153uvre promet de r\u00e9aliser des \u00e9conomies de temps substantielles tout en augmentant simultan\u00e9ment l&rsquo;exp\u00e9rience d&rsquo;achat globale de votre client\u00e8le!<\/p>\n","protected":false},"featured_media":145944,"comment_status":"open","ping_status":"open","template":"","meta":[],"product_brand":[2440],"product_cat":[1183,1182,1181],"product_tag":[1398],"class_list":{"0":"post-111900","1":"product","2":"type-product","3":"status-publish","4":"has-post-thumbnail","6":"product_brand-woocommerce","7":"product_cat-administration","8":"product_cat-commerce-electronique-plugins","9":"product_cat-plugins","10":"product_tag-woocommerce","11":"member-discount","12":"discount-restricted","14":"first","15":"instock","16":"sale","17":"downloadable","18":"virtual","19":"sold-individually","20":"purchasable","21":"product-type-simple"},"_links":{"self":[{"href":"https:\/\/gpl-love.com\/fr\/wp-json\/wp\/v2\/product\/111900","targetHints":{"allow":["GET"]}}],"collection":[{"href":"https:\/\/gpl-love.com\/fr\/wp-json\/wp\/v2\/product"}],"about":[{"href":"https:\/\/gpl-love.com\/fr\/wp-json\/wp\/v2\/types\/product"}],"replies":[{"embeddable":true,"href":"https:\/\/gpl-love.com\/fr\/wp-json\/wp\/v2\/comments?post=111900"}],"wp:featuredmedia":[{"embeddable":true,"href":"https:\/\/gpl-love.com\/fr\/wp-json\/wp\/v2\/media\/145944"}],"wp:attachment":[{"href":"https:\/\/gpl-love.com\/fr\/wp-json\/wp\/v2\/media?parent=111900"}],"wp:term":[{"taxonomy":"product_brand","embeddable":true,"href":"https:\/\/gpl-love.com\/fr\/wp-json\/wp\/v2\/product_brand?post=111900"},{"taxonomy":"product_cat","embeddable":true,"href":"https:\/\/gpl-love.com\/fr\/wp-json\/wp\/v2\/product_cat?post=111900"},{"taxonomy":"product_tag","embeddable":true,"href":"https:\/\/gpl-love.com\/fr\/wp-json\/wp\/v2\/product_tag?post=111900"}],"curies":[{"name":"wp","href":"https:\/\/api.w.org\/{rel}","templated":true}]}}