{"id":111898,"date":"2026-03-08T00:00:00","date_gmt":"2026-03-07T23:00:00","guid":{"rendered":"http:\/\/gpl-love.com\/fr\/produit\/woocommerce-one-page-checkout\/"},"modified":"2026-04-10T18:47:32","modified_gmt":"2026-04-10T16:47:32","slug":"woocommerce-one-page-checkout","status":"publish","type":"product","link":"https:\/\/gpl-love.com\/fr\/produit\/woocommerce-one-page-checkout\/","title":{"rendered":"WooCommerce One Page Checkout 2.9.6"},"content":{"rendered":"<h3>WooCommerce One Page Checkout Traits<\/h3>\n<p>WooCommerce One Page Checkout est un plugin extr\u00eamement puissant et remarquablement convivial qui a \u00e9t\u00e9 r\u00e9fl\u00e9chi pour simplifier consid\u00e9rablement le processus de paiement pour les clients qui visitent votre magasin WooCommerce estim\u00e9. En utilisant ce plugin ing\u00e9nieux, les clients sont en mesure de finaliser rapidement et sans effort leur acquisition sans la t\u00e2che ardue de naviguer dans un nombre excessif de pages ou de remplir une abondance de formulaires. Le processus de paiement a \u00e9t\u00e9 astucieusement condens\u00e9 dans une page solitaire, offrant ainsi aux clients la commodit\u00e9 de saisir leurs informations de facturation et d&rsquo;exp\u00e9dition pertinentes, de s\u00e9lectionner leur mode de paiement pr\u00e9f\u00e9r\u00e9 et de r\u00e9viser leur commande, le tout dans les limites d&rsquo;un seul \u00e9cran. Cette fonctionnalit\u00e9 inestimable permet non seulement un temps inestimable pour vos clients estim\u00e9s, mais il renforce \u00e9galement consid\u00e9rablement la probabilit\u00e9 de terminer avec succ\u00e8s leur achat. En outre, la caisse de WooCommerce One Page est remplie d&rsquo;une multitude de champs et de dispositions personnalisables, vous donnant ainsi la capacit\u00e9 in\u00e9gal\u00e9e \u00e0 adapter le processus de paiement pr\u00e9cis\u00e9ment en fonction de vos besoins commerciaux uniques. Sans aucun doute, ce plugin exceptionnel est un outil indispensable pour chaque propri\u00e9taire de magasin WooCommerce exigeant qui cherche ardemment \u00e0 affiner leur processus de paiement et \u00e0 maximiser leurs ventes.<\/p>\n<ul>\n<li>Processus de paiement rationalis\u00e9 pour les clients<\/li>\n<li>Conversions et ventes accrues pour les propri\u00e9taires de magasins en ligne<\/li>\n<li>R\u00e9duit l&rsquo;abandon de la panier en simplifiant l&rsquo;exp\u00e9rience de paiement<\/li>\n<li>Options d&rsquo;installation et de personnalisation faciles pour les propri\u00e9taires de magasins WooCommerce<\/li>\n<li>Conception conviviale pour une exp\u00e9rience client am\u00e9lior\u00e9e<\/li>\n<li>Option pour activer \/ d\u00e9sactiver le paiement des invit\u00e9s en fonction des pr\u00e9f\u00e9rences du magasin<\/li>\n<li>Int\u00e9grations de passerelle de paiement pour une vari\u00e9t\u00e9 d&rsquo;options de paiement<\/li>\n<li>Option pour inclure des champs personnalis\u00e9s ou des informations suppl\u00e9mentaires lors du paiement<\/li>\n<li>Compatible avec les extensions et les plugins populaires<\/li>\n<li>Support client 24\/7 et mises \u00e0 jour et maintenance en temps opportun<\/li>\n<\/ul>\n","protected":false},"excerpt":{"rendered":"<p>Mettez \u00e0 niveau le processus de paiement de votre magasin WooCommerce en impl\u00e9mentant la caisse de WooCommerce One Page, un plugin de pointe qui consolide l&rsquo;int\u00e9gralit\u00e9 du processus de paiement sur une seule page. Ce faisant, vous pouvez rationaliser le parcours client et augmenter efficacement les taux de conversion. Offrez des adieux aux processus de paiement prolong\u00e9s et alambiqu\u00e9s et adoptez chaleureusement une exp\u00e9rience de magasinage sup\u00e9rieure pour vos pr\u00e9cieux clients. Faites le premier pas pour am\u00e9liorer votre entreprise aujourd&rsquo;hui et assistez \u00e0 une augmentation remarquable de vos ventes!<\/p>\n","protected":false},"featured_media":145938,"comment_status":"open","ping_status":"open","template":"","meta":[],"product_brand":[2440],"product_cat":[1182,1401,1181],"product_tag":[1398],"class_list":{"0":"post-111898","1":"product","2":"type-product","3":"status-publish","4":"has-post-thumbnail","6":"product_brand-woocommerce","7":"product_cat-commerce-electronique-plugins","8":"product_cat-paiement-commerce-electronique-plugins","9":"product_cat-plugins","10":"product_tag-woocommerce","11":"member-discount","12":"discount-restricted","14":"first","15":"instock","16":"sale","17":"downloadable","18":"virtual","19":"sold-individually","20":"purchasable","21":"product-type-simple"},"_links":{"self":[{"href":"https:\/\/gpl-love.com\/fr\/wp-json\/wp\/v2\/product\/111898","targetHints":{"allow":["GET"]}}],"collection":[{"href":"https:\/\/gpl-love.com\/fr\/wp-json\/wp\/v2\/product"}],"about":[{"href":"https:\/\/gpl-love.com\/fr\/wp-json\/wp\/v2\/types\/product"}],"replies":[{"embeddable":true,"href":"https:\/\/gpl-love.com\/fr\/wp-json\/wp\/v2\/comments?post=111898"}],"wp:featuredmedia":[{"embeddable":true,"href":"https:\/\/gpl-love.com\/fr\/wp-json\/wp\/v2\/media\/145938"}],"wp:attachment":[{"href":"https:\/\/gpl-love.com\/fr\/wp-json\/wp\/v2\/media?parent=111898"}],"wp:term":[{"taxonomy":"product_brand","embeddable":true,"href":"https:\/\/gpl-love.com\/fr\/wp-json\/wp\/v2\/product_brand?post=111898"},{"taxonomy":"product_cat","embeddable":true,"href":"https:\/\/gpl-love.com\/fr\/wp-json\/wp\/v2\/product_cat?post=111898"},{"taxonomy":"product_tag","embeddable":true,"href":"https:\/\/gpl-love.com\/fr\/wp-json\/wp\/v2\/product_tag?post=111898"}],"curies":[{"name":"wp","href":"https:\/\/api.w.org\/{rel}","templated":true}]}}