{"id":111896,"date":"2024-12-10T00:00:00","date_gmt":"2024-12-09T23:00:00","guid":{"rendered":"http:\/\/gpl-love.com\/fr\/produit\/themify-elegant-wordpress-theme\/"},"modified":"2026-03-20T23:40:05","modified_gmt":"2026-03-20T22:40:05","slug":"themify-elegant-wordpress-theme","status":"publish","type":"product","link":"https:\/\/gpl-love.com\/fr\/produit\/themify-elegant-wordpress-theme\/","title":{"rendered":"Themify Elegant Theme 7.6.1"},"content":{"rendered":"<h3>Themify Elegant Theme Traits<\/h3>\n<p>Le th\u00e8me \u00e9l\u00e9gant de The Th\u00e9ify constitue un th\u00e8me WordPress qui incarne un design \u00e9l\u00e9gant et contemporain visant \u00e0 accorder \u00e0 votre site Web un air de sophistication et de professionnalisme. Avec un \u00e9ventail d&rsquo;options de personnalisation conviviales \u00e0 votre disposition, l&rsquo;adaptation sans effort pour s&rsquo;aligner sur vos pr\u00e9f\u00e9rences et exigences uniques devient une brise absolue. Rassurez-vous, le th\u00e8me est enti\u00e8rement r\u00e9actif, hi\u00e9rarchisant l&rsquo;accessibilit\u00e9 sur tous les appareils et poss\u00e8de une optimisation SEO inh\u00e9rente, garantissant ainsi un classement \u00e9lev\u00e9 dans les r\u00e9sultats de recherche. Que vous soyez un blogueur enthousiaste, un pigiste comp\u00e9tent ou une petite entreprise en herbe, le d\u00e9sir de montrer votre travail exceptionnel d&rsquo;une mani\u00e8re vierge et raffin\u00e9e, le th\u00e8me \u00e9l\u00e9gant de The Thefing se r\u00e9v\u00e8le \u00eatre la quintessence de la perfection. En exploitant la puissance de ce th\u00e8me remarquable, vous pouvez cr\u00e9er efficacement un site Web extraordinaire qui combine de mani\u00e8re transparente les fonctionnalit\u00e9s avec l&rsquo;allure esth\u00e9tique, le tout sans n\u00e9cessiter une expertise de codage pr\u00e9alable.<\/p>\n<ul>\n<li>Un th\u00e8me WordPress premium con\u00e7u pour les sites Web \u00e9l\u00e9gants et modernes<\/li>\n<li>Dispose d&rsquo;un g\u00e9n\u00e9rateur de page glisser-d\u00e9poser pour une personnalisation facile<\/li>\n<li>Livr\u00e9 avec plus de 50 dispositions pr\u00e9-con\u00e7ues pour diff\u00e9rents types de sites Web<\/li>\n<li>Offre diverses options de personnalisation, y compris les couleurs, les polices et les widgets<\/li>\n<li>Construit avec du code propre et optimis\u00e9 pour les temps de chargement rapide<\/li>\n<li>Conception enti\u00e8rement r\u00e9active et conviviale pour une visualisation transparente sur n&rsquo;importe quel appareil<\/li>\n<li>Comprend des outils d&rsquo;optimisation SEO pour aider \u00e0 am\u00e9liorer la visibilit\u00e9 et le classement du site Web<\/li>\n<li>Int\u00e9gr\u00e9 \u00e0 divers plugins populaires, tels que WooCommerce et Formulaire de contact 7<\/li>\n<li>R\u00e9guli\u00e8rement mis \u00e0 jour avec de nouvelles fonctionnalit\u00e9s et am\u00e9liorations pour de meilleures performances et une meilleure convivialit\u00e9<\/li>\n<li>Offre un support client d\u00e9di\u00e9 \u00e0 tous les probl\u00e8mes ou questions techniques.<\/li>\n<\/ul>\n","protected":false},"excerpt":{"rendered":"<p>Le th\u00e8me \u00e9l\u00e9gant de The Th\u00e9ify, rempli de son design \u00e9tonnant et sophistiqu\u00e9, est un th\u00e8me WordPress extraordinaire qui offre une esth\u00e9tique \u00e9l\u00e9gante et moderne \u00e0 votre site Web. Ce th\u00e8me offre une pl\u00e9thore d&rsquo;options de mise en page, de pages pr\u00e9-con\u00e7ues et de fonctionnalit\u00e9s personnalisables, vous permettant ainsi de fa\u00e7onner un site Web \u00e0 la fois distinctif et professionnel. Caract\u00e9ris\u00e9e par sa conception minimaliste, accentu\u00e9e par des lignes \u00e9pur\u00e9es, une typographie exquise et des animations captivantes, le th\u00e8me \u00e9l\u00e9gant de The Thify capture efficacement l&rsquo;attention de votre public. Ce th\u00e8me polyvalent est une s\u00e9lection exceptionnelle pour les blogueurs, les entrepreneurs et les entit\u00e9s d&rsquo;entreprise, car elle permet la cr\u00e9ation de sites Web visuellement captivants et hautement fonctionnels.<\/p>\n","protected":false},"featured_media":145522,"comment_status":"open","ping_status":"open","template":"","meta":[],"product_brand":[2674],"product_cat":[1214,1212,1213],"product_tag":[1375],"class_list":{"0":"post-111896","1":"product","2":"type-product","3":"status-publish","4":"has-post-thumbnail","6":"product_brand-themify","7":"product_cat-polyvalent","8":"product_cat-themes","9":"product_cat-wordpress-themes","10":"product_tag-themify","11":"member-discount","12":"discount-restricted","14":"first","15":"instock","16":"sale","17":"downloadable","18":"virtual","19":"sold-individually","20":"purchasable","21":"product-type-simple"},"_links":{"self":[{"href":"https:\/\/gpl-love.com\/fr\/wp-json\/wp\/v2\/product\/111896","targetHints":{"allow":["GET"]}}],"collection":[{"href":"https:\/\/gpl-love.com\/fr\/wp-json\/wp\/v2\/product"}],"about":[{"href":"https:\/\/gpl-love.com\/fr\/wp-json\/wp\/v2\/types\/product"}],"replies":[{"embeddable":true,"href":"https:\/\/gpl-love.com\/fr\/wp-json\/wp\/v2\/comments?post=111896"}],"wp:featuredmedia":[{"embeddable":true,"href":"https:\/\/gpl-love.com\/fr\/wp-json\/wp\/v2\/media\/145522"}],"wp:attachment":[{"href":"https:\/\/gpl-love.com\/fr\/wp-json\/wp\/v2\/media?parent=111896"}],"wp:term":[{"taxonomy":"product_brand","embeddable":true,"href":"https:\/\/gpl-love.com\/fr\/wp-json\/wp\/v2\/product_brand?post=111896"},{"taxonomy":"product_cat","embeddable":true,"href":"https:\/\/gpl-love.com\/fr\/wp-json\/wp\/v2\/product_cat?post=111896"},{"taxonomy":"product_tag","embeddable":true,"href":"https:\/\/gpl-love.com\/fr\/wp-json\/wp\/v2\/product_tag?post=111896"}],"curies":[{"name":"wp","href":"https:\/\/api.w.org\/{rel}","templated":true}]}}