{"id":111894,"date":"2024-12-10T00:00:00","date_gmt":"2024-12-09T23:00:00","guid":{"rendered":"http:\/\/gpl-love.com\/fr\/produit\/themify-bold-wordpress-theme\/"},"modified":"2026-03-20T23:39:41","modified_gmt":"2026-03-20T22:39:41","slug":"themify-bold-wordpress-theme","status":"publish","type":"product","link":"https:\/\/gpl-love.com\/fr\/produit\/themify-bold-wordpress-theme\/","title":{"rendered":"Themify Bold Theme 7.5.5"},"content":{"rendered":"<h3>Themify Bold Theme Traits<\/h3>\n<p>Le th\u00e8me audacieux The Th\u00e9ify, un th\u00e8me WordPress r\u00e9put\u00e9 pour son efficacit\u00e9 et sa polyvalence, a le potentiel de faciliter la cr\u00e9ation sans effort de sites Web impressionnants. Notamment, ce th\u00e8me poss\u00e8de un design audacieux et contemporain qui s&rsquo;adapte de mani\u00e8re transparente \u00e0 divers genres de sites Web, que ce soit des blogs ou des plateformes de commerce \u00e9lectronique. De plus, le th\u00e8me pr\u00e9sente une r\u00e9activit\u00e9 compl\u00e8te, garantissant que son attrait visuel reste indemne sur tous les appareils. En outre, la disponibilit\u00e9 d&rsquo;un vaste r\u00e9pertoire de dispositions pr\u00e9-con\u00e7ues et d&rsquo;options personnalisables permet aux utilisateurs de personnaliser leurs sites Web en fonction de leurs exigences uniques. En tant qu&rsquo;avantage suppl\u00e9mentaire, le th\u00e8me Bold The Bold se targue de son interface conviviale, ce qui l&rsquo;a rendu \u00e9galement adapt\u00e9 aux novices et aux professionnels chevronn\u00e9s. Par cons\u00e9quent, que vous visiez \u00e0 \u00e9tablir une pr\u00e9sence en ligne pour votre entreprise, partagez vos r\u00e9flexions via un blog personnel ou pr\u00e9sentez votre g\u00e9nie cr\u00e9atif via un portefeuille en ligne, le th\u00e8me TheThify Bold appara\u00eet comme un choix exceptionnel, garantissant la r\u00e9alisation de votre esth\u00e9tique et fonctionnalit\u00e9 souhait\u00e9es.<\/p>\n<ul>\n<li>Design \u00e9l\u00e9gant et moderne avec une typographie audacieuse<\/li>\n<li>Enti\u00e8rement r\u00e9actif pour un affichage optimis\u00e9 sur tous les appareils<\/li>\n<li>Options de t\u00eate et de pied de page personnalisables<\/li>\n<li>Options de disposition multiples pour la page d&rsquo;accueil et les pages int\u00e9rieures<\/li>\n<li>Compatible avec WooCommerce pour une int\u00e9gration de boutique en ligne facile<\/li>\n<li>Ic\u00f4nes des m\u00e9dias sociaux int\u00e9gr\u00e9s pour un partage facile et suivre<\/li>\n<li>SEO convivial pour aider \u00e0 stimuler la visibilit\u00e9 et le trafic<\/li>\n<li>Importation de d\u00e9monstration en un clic pour configurer rapidement votre site Web<\/li>\n<li>Documentation approfondie et didacticiels vid\u00e9o pour une personnalisation facile<\/li>\n<li>Mises \u00e0 jour r\u00e9guli\u00e8res et \u00e9quipe d&rsquo;assistance d\u00e9di\u00e9e \u00e0 tous les probl\u00e8mes ou questions.<\/li>\n<\/ul>\n","protected":false},"excerpt":{"rendered":"<p>Le th\u00e8me TheThify Bold, un th\u00e8me WordPress exceptionnellement dynamique et visuellement captivant, a \u00e9t\u00e9 m\u00e9ticuleusement con\u00e7u avec les blogueurs et les cr\u00e9ateurs de contenu, en leur accordant la capacit\u00e9 de faire vraiment une d\u00e9claration. En incorporant une typographie audacieuse, une disposition incroyablement frappante et des options de conception personnalisables, le th\u00e8me The Thify Bold fournit une plate-forme in\u00e9gal\u00e9e pour les personnes qui cherchent \u00e0 pr\u00e9senter leur contenu avec le plus grand style et la finesse. Que vous vous identifiiez en tant que pigiste, \u00e9crivain ou professionnel, le th\u00e8me The Th\u00e9siy Bold est un choix impeccable pour quiconque aspire \u00e0 concevoir un site Web qui d\u00e9gage sans effort l&rsquo;unicit\u00e9 et captive les visiteurs \u00e0 un niveau visuel. Pr\u00e9parez-vous \u00e0 se pr\u00e9lasser dans un niveau de fonctionnalit\u00e9 accru, gracieuset\u00e9 du formidable arsenal d&rsquo;outils du th\u00e8me Bold The Bold, qui comprend des \u00e9dits visuels glisser-d\u00e9poser, de puissants shortcodes et des options de contact int\u00e9gr\u00e9es visant \u00e0 rationaliser la communication entre vous et clients appr\u00e9ci\u00e9s. Pr\u00e9parez-vous pour une augmentation exponentielle de votre pr\u00e9sence en ligne, toute gracieuset\u00e9 du magnifique th\u00e8me audacieux de The Thify.<\/p>\n","protected":false},"featured_media":145494,"comment_status":"open","ping_status":"open","template":"","meta":[],"product_brand":[2674],"product_cat":[1242,1212,1213],"product_tag":[1375],"class_list":{"0":"post-111894","1":"product","2":"type-product","3":"status-publish","4":"has-post-thumbnail","6":"product_brand-themify","7":"product_cat-creatif","8":"product_cat-themes","9":"product_cat-wordpress-themes","10":"product_tag-themify","11":"member-discount","12":"discount-restricted","14":"first","15":"instock","16":"sale","17":"downloadable","18":"virtual","19":"sold-individually","20":"purchasable","21":"product-type-simple"},"_links":{"self":[{"href":"https:\/\/gpl-love.com\/fr\/wp-json\/wp\/v2\/product\/111894","targetHints":{"allow":["GET"]}}],"collection":[{"href":"https:\/\/gpl-love.com\/fr\/wp-json\/wp\/v2\/product"}],"about":[{"href":"https:\/\/gpl-love.com\/fr\/wp-json\/wp\/v2\/types\/product"}],"replies":[{"embeddable":true,"href":"https:\/\/gpl-love.com\/fr\/wp-json\/wp\/v2\/comments?post=111894"}],"wp:featuredmedia":[{"embeddable":true,"href":"https:\/\/gpl-love.com\/fr\/wp-json\/wp\/v2\/media\/145494"}],"wp:attachment":[{"href":"https:\/\/gpl-love.com\/fr\/wp-json\/wp\/v2\/media?parent=111894"}],"wp:term":[{"taxonomy":"product_brand","embeddable":true,"href":"https:\/\/gpl-love.com\/fr\/wp-json\/wp\/v2\/product_brand?post=111894"},{"taxonomy":"product_cat","embeddable":true,"href":"https:\/\/gpl-love.com\/fr\/wp-json\/wp\/v2\/product_cat?post=111894"},{"taxonomy":"product_tag","embeddable":true,"href":"https:\/\/gpl-love.com\/fr\/wp-json\/wp\/v2\/product_tag?post=111894"}],"curies":[{"name":"wp","href":"https:\/\/api.w.org\/{rel}","templated":true}]}}