{"id":111892,"date":"2024-02-23T00:00:00","date_gmt":"2024-02-22T23:00:00","guid":{"rendered":"http:\/\/gpl-love.com\/fr\/produit\/themify-bizco-wordpress-theme\/"},"modified":"2026-04-10T18:42:31","modified_gmt":"2026-04-10T16:42:31","slug":"themify-bizco-wordpress-theme","status":"publish","type":"product","link":"https:\/\/gpl-love.com\/fr\/produit\/themify-bizco-wordpress-theme\/","title":{"rendered":"Themify Bizco Theme 7.5.1"},"content":{"rendered":"<h3>Themify Bizco Theme Traits<\/h3>\n<p>Le th\u00e8me de The Th\u00e9ify Bizco, sp\u00e9cialement adapt\u00e9 aux entreprises de toutes tailles, poss\u00e8de une multitude de fonctionnalit\u00e9s hautement personnalisables et pr\u00e9sente un niveau exceptionnel de convivialit\u00e9. Ce th\u00e8me WordPress, avec son constructeur de pages glisser-d\u00e9poser remarquable et son vaste \u00e9ventail d&rsquo;options de mise en page flexibles, facilite la cr\u00e9ation d&rsquo;un site Web qui d\u00e9gage le professionnalisme et la modernit\u00e9, tout en simplifiant simultan\u00e9ment le processus de cr\u00e9ation de site Web \u00e0 un degr\u00e9 sans pr\u00e9c\u00e9dent. De plus, ce th\u00e8me est \u00e9quip\u00e9 d&rsquo;un vaste assortiment de mod\u00e8les pr\u00e9-con\u00e7us et de widgets personnalisables, servant un atout inestimable dans la cr\u00e9ation d&rsquo;un site Web unique et esth\u00e9tique qui capture et refl\u00e8te efficacement l&rsquo;essence de votre identit\u00e9 de marque. Que votre objectif soit d&rsquo;am\u00e9liorer votre pr\u00e9sence en ligne, de g\u00e9n\u00e9rer des ventes via l&rsquo;offre de produits ou de services, ou de pr\u00e9senter votre portefeuille, le th\u00e8me de Bizco Theyfy appara\u00eet comme la solution d\u00e9finitive pour les entreprises qui aspirent \u00e0 cultiver une formidable pr\u00e9sence en ligne.<\/p>\n<ul>\n<li>Design r\u00e9actif et adapt\u00e9 \u00e0 mobile<\/li>\n<li>Faire glisser et d\u00e9poser un constructeur pour une personnalisation facile<\/li>\n<li>Mod\u00e8les pr\u00e9-con\u00e7us pour divers types d&rsquo;entreprises<\/li>\n<li>Plusieurs options de couleurs pour la personnalisation<\/li>\n<li>Int\u00e9gration avec des plugins populaires comme WooCommerce et WPML<\/li>\n<li>SEO optimis\u00e9 pour un meilleur classement des moteurs de recherche<\/li>\n<li>Plusieurs options de disposition, y compris la mise en page pleine largeur et en bo\u00eete<\/li>\n<li>Param\u00e8tres de typographie facile \u00e0 utiliser<\/li>\n<li>Importation de d\u00e9monstration en un clic pour une configuration rapide<\/li>\n<li>Mises \u00e0 jour r\u00e9guli\u00e8res et support d\u00e9di\u00e9.<\/li>\n<\/ul>\n","protected":false},"excerpt":{"rendered":"<p>Le th\u00e8me de The Th\u00e9ify Bizco est un th\u00e8me WordPress innovant et sophistiqu\u00e9 sp\u00e9cialement con\u00e7u pour les sites Web d&rsquo;entreprise. Avec son design \u00e9l\u00e9gant et \u00e0 la mode, il sert de plate-forme id\u00e9ale pour pr\u00e9senter l&rsquo;assortiment de votre entreprise d&rsquo;offres, de solutions et de personnel. De plus, l&rsquo;adaptabilit\u00e9 du th\u00e8me sur divers appareils garantit que votre site Web maintient son attrait visuel quel que soit le gadget pr\u00e9f\u00e9r\u00e9 de l&rsquo;utilisateur. Pour personnaliser davantage le th\u00e8me, une myriade d&rsquo;options sont mises \u00e0 disposition pour aligner convenablement son esth\u00e9tique sur les caract\u00e9ristiques distinctives de votre marque. De plus, l&rsquo;incorporation d&rsquo;un constructeur de pages glisser-d\u00e9poser rationalise le processus de cr\u00e9ation du site Web, ce qui le rend plus accessible que jamais. Restez une longueur d&rsquo;avance sur vos concurrents et \u00e9tablissez une impression durable avec le th\u00e8me Bizco The Th\u00e9ify exceptionnel.<\/p>\n","protected":false},"featured_media":145493,"comment_status":"open","ping_status":"open","template":"","meta":[],"product_brand":[2674],"product_cat":[1516,1212,1213],"product_tag":[1375],"class_list":{"0":"post-111892","1":"product","2":"type-product","3":"status-publish","4":"has-post-thumbnail","6":"product_brand-themify","7":"product_cat-entreprise","8":"product_cat-themes","9":"product_cat-wordpress-themes","10":"product_tag-themify","11":"member-discount","12":"discount-restricted","14":"first","15":"instock","16":"sale","17":"downloadable","18":"virtual","19":"sold-individually","20":"purchasable","21":"product-type-simple"},"_links":{"self":[{"href":"https:\/\/gpl-love.com\/fr\/wp-json\/wp\/v2\/product\/111892","targetHints":{"allow":["GET"]}}],"collection":[{"href":"https:\/\/gpl-love.com\/fr\/wp-json\/wp\/v2\/product"}],"about":[{"href":"https:\/\/gpl-love.com\/fr\/wp-json\/wp\/v2\/types\/product"}],"replies":[{"embeddable":true,"href":"https:\/\/gpl-love.com\/fr\/wp-json\/wp\/v2\/comments?post=111892"}],"wp:featuredmedia":[{"embeddable":true,"href":"https:\/\/gpl-love.com\/fr\/wp-json\/wp\/v2\/media\/145493"}],"wp:attachment":[{"href":"https:\/\/gpl-love.com\/fr\/wp-json\/wp\/v2\/media?parent=111892"}],"wp:term":[{"taxonomy":"product_brand","embeddable":true,"href":"https:\/\/gpl-love.com\/fr\/wp-json\/wp\/v2\/product_brand?post=111892"},{"taxonomy":"product_cat","embeddable":true,"href":"https:\/\/gpl-love.com\/fr\/wp-json\/wp\/v2\/product_cat?post=111892"},{"taxonomy":"product_tag","embeddable":true,"href":"https:\/\/gpl-love.com\/fr\/wp-json\/wp\/v2\/product_tag?post=111892"}],"curies":[{"name":"wp","href":"https:\/\/api.w.org\/{rel}","templated":true}]}}