{"id":111890,"date":"2025-12-28T00:00:00","date_gmt":"2025-12-27T23:00:00","guid":{"rendered":"http:\/\/gpl-love.com\/fr\/produit\/stockholm-a-genuinely-multi-concept-theme\/"},"modified":"2026-03-20T23:37:03","modified_gmt":"2026-03-20T22:37:03","slug":"stockholm-a-genuinely-multi-concept-theme","status":"publish","type":"product","link":"https:\/\/gpl-love.com\/fr\/produit\/stockholm-a-genuinely-multi-concept-theme\/","title":{"rendered":"Stockholm A Genuinely Multi Concept Theme 9.14.4"},"content":{"rendered":"<h3>Stockholm A Genuinely Multi Concept Theme Traits<\/h3>\n<p>Stockholm, un th\u00e8me multi-concept tr\u00e8s polyvalent et complet, propose une gamme de fonctionnalit\u00e9s qui le rendent id\u00e9al pour fabriquer des sites Web visuellement visuellement \u00e9tonnants \u00e0 diverses fins. Que vous vous efforcez d&rsquo;\u00e9tablir une pr\u00e9sence en ligne pour votre entreprise, de cr\u00e9er un magasin de commerce \u00e9lectronique ou d&rsquo;\u00e9tablir un blog personnel, Stockholm fournit tous les outils n\u00e9cessaires pour cr\u00e9er un site professionnel, r\u00e9actif et esth\u00e9tique. \u00c9quip\u00e9 d&rsquo;un constructeur de pages glisser-d\u00e9poser intuitif et d&rsquo;une vaste s\u00e9lection d&rsquo;\u00e9l\u00e9ments de conception personnalisables, Stockholm permet la cr\u00e9ation sans effort d&rsquo;une identit\u00e9 en ligne distinctive et captivante qui refl\u00e8te avec pr\u00e9cision votre marque et captive efficacement les visiteurs. Non seulement cela, mais la conception enti\u00e8rement r\u00e9active de Stockholm assure une pr\u00e9sentation impeccable sur n&rsquo;importe quel appareil. Ainsi, si vous \u00eates \u00e0 la recherche d&rsquo;un th\u00e8me puissant et adaptable pour faciliter la r\u00e9alisation de vos aspirations en ligne, Stockholm appara\u00eet comme le summum de choix.<\/p>\n<ul>\n<li>Th\u00e8me multi-concept polyvalent qui peut \u00eatre adapt\u00e9 \u00e0 divers types de sites Web<\/li>\n<li>Design moderne et \u00e9l\u00e9gant avec plusieurs dispositions et options de couleurs pr\u00e9-con\u00e7ues<\/li>\n<li>Enti\u00e8rement r\u00e9actif et optimis\u00e9 pour les appareils mobiles<\/li>\n<li>Comprend des plugins populaires tels que Slider Revolution, Visual Composer et Contact Form 7<\/li>\n<li>Options de t\u00eate, de pied de page et de barre lat\u00e9rale personnalisable<\/li>\n<li>Compatible avec WooCommerce pour une int\u00e9gration facile du commerce \u00e9lectronique<\/li>\n<li>S\u00e9o avec un code optimis\u00e9 pour le temps de chargement de page rapide<\/li>\n<li>Comprend une documentation et un soutien approfondis des d\u00e9veloppeurs de th\u00e8me<\/li>\n<li>R\u00e9guli\u00e8rement mis \u00e0 jour avec de nouvelles fonctionnalit\u00e9s et am\u00e9liorations<\/li>\n<li>Peut \u00eatre utilis\u00e9 pour une vari\u00e9t\u00e9 de sites Web tels que des portefeuilles, des blogs, des entreprises et des magasins en ligne.<\/li>\n<\/ul>\n","protected":false},"excerpt":{"rendered":"<p>Stockholm, un th\u00e8me tr\u00e8s polyvalent et con\u00e7u dynamiquement, offre aux utilisateurs la capacit\u00e9 incroyable de g\u00e9n\u00e9rer sans effort plusieurs concepts innovants pour leurs sites Web. B\u00e9n\u00e9ficiant d&rsquo;un large \u00e9ventail d&rsquo;options personnalisables, ce th\u00e8me exceptionnel r\u00e9pond \u00e0 divers besoins, qu&rsquo;il s&rsquo;agisse de cr\u00e9er un site Web de portefeuille visuellement magnifique ou d&rsquo;\u00e9tablir un magasin de commerce \u00e9lectronique florissant. Le design immacul\u00e9 et \u00e9l\u00e9gant de Stockholm, coupl\u00e9 \u00e0 ses fonctionnalit\u00e9s robustes et \u00e0 une interface utilisateur intuitivement con\u00e7ue, le positionne sans \u00e9quivoque comme le choix par excellence pour les personnes cherchant \u00e0 laisser un impact ind\u00e9l\u00e9bile dans le domaine num\u00e9rique. Par cons\u00e9quent, que vous soyez un entrepreneur ambitieux ou un professionnel cr\u00e9atif profond\u00e9ment imaginatif, Stockholm appara\u00eet incontestablement comme la solution ultime pour \u00e9lever votre pr\u00e9sence en ligne \u00e0 des hauteurs sans pr\u00e9c\u00e9dent.<\/p>\n","protected":false},"featured_media":145329,"comment_status":"open","ping_status":"open","template":"","meta":[],"product_brand":[2433],"product_cat":[1214,1212,1213],"product_tag":[1366],"class_list":{"0":"post-111890","1":"product","2":"type-product","3":"status-publish","4":"has-post-thumbnail","6":"product_brand-themeforest","7":"product_cat-polyvalent","8":"product_cat-themes","9":"product_cat-wordpress-themes","10":"product_tag-themeforest","11":"member-discount","12":"discount-restricted","14":"first","15":"instock","16":"sale","17":"downloadable","18":"virtual","19":"sold-individually","20":"purchasable","21":"product-type-simple"},"_links":{"self":[{"href":"https:\/\/gpl-love.com\/fr\/wp-json\/wp\/v2\/product\/111890","targetHints":{"allow":["GET"]}}],"collection":[{"href":"https:\/\/gpl-love.com\/fr\/wp-json\/wp\/v2\/product"}],"about":[{"href":"https:\/\/gpl-love.com\/fr\/wp-json\/wp\/v2\/types\/product"}],"replies":[{"embeddable":true,"href":"https:\/\/gpl-love.com\/fr\/wp-json\/wp\/v2\/comments?post=111890"}],"wp:featuredmedia":[{"embeddable":true,"href":"https:\/\/gpl-love.com\/fr\/wp-json\/wp\/v2\/media\/145329"}],"wp:attachment":[{"href":"https:\/\/gpl-love.com\/fr\/wp-json\/wp\/v2\/media?parent=111890"}],"wp:term":[{"taxonomy":"product_brand","embeddable":true,"href":"https:\/\/gpl-love.com\/fr\/wp-json\/wp\/v2\/product_brand?post=111890"},{"taxonomy":"product_cat","embeddable":true,"href":"https:\/\/gpl-love.com\/fr\/wp-json\/wp\/v2\/product_cat?post=111890"},{"taxonomy":"product_tag","embeddable":true,"href":"https:\/\/gpl-love.com\/fr\/wp-json\/wp\/v2\/product_tag?post=111890"}],"curies":[{"name":"wp","href":"https:\/\/api.w.org\/{rel}","templated":true}]}}