{"id":111886,"date":"2025-09-09T00:00:00","date_gmt":"2025-09-08T22:00:00","guid":{"rendered":"http:\/\/gpl-love.com\/fr\/produit\/slick-menu-responsive-wordpress-vertical-menu\/"},"modified":"2026-04-10T18:39:49","modified_gmt":"2026-04-10T16:39:49","slug":"slick-menu-responsive-wordpress-vertical-menu","status":"publish","type":"product","link":"https:\/\/gpl-love.com\/fr\/produit\/slick-menu-responsive-wordpress-vertical-menu\/","title":{"rendered":"Slick Menu Responsive WordPress Vertical Menu 1.5.6"},"content":{"rendered":"<h3>Slick Menu Responsive WordPress Vertical Menu Traits<\/h3>\n<p>Le menu vertical WordPress r\u00e9actif menu est un plugin de menu incroyablement polyvalent et adaptable qui rationalise et am\u00e9liore l&rsquo;exp\u00e9rience utilisateur sur votre site Web. Ce menu ph\u00e9nom\u00e9nal offre une vaste gamme de fonctionnalit\u00e9s et de fonctionnalit\u00e9s, r\u00e9pondant \u00e0 divers besoins et pr\u00e9f\u00e9rences. De son support mobile exceptionnel \u00e0 ses ic\u00f4nes de menu exceptionnelles, ce plugin change vraiment la donne. De plus, il offre des options de personnalisation in\u00e9gal\u00e9es, vous permettant de personnaliser sans effort des sch\u00e9mas et des polices de couleurs pour vous aligner sur l&rsquo;esth\u00e9tique de votre marque. Avec le menu lisse, vous pouvez \u00e9laborer sans effort un site Web \u00e9l\u00e9gant et professionnel sans exercer un effort excessif. De plus, ce plugin remarquable s&rsquo;int\u00e8gre de mani\u00e8re transparente \u00e0 tous les th\u00e8mes WordPress, ce qui en fait un choix impeccable pour les d\u00e9veloppeurs et les concepteurs Web. Que vous aspirez \u00e0 optimiser la navigation de votre site Web ou que vous souhaitiez simplement insuffler une touche de sophistication dans votre menu, le menu vertical WordPress r\u00e9actif menu Slick appara\u00eet comme l&rsquo;outil ultime pour vous pour r\u00e9aliser votre vision.<\/p>\n<ul>\n<li>Design \u00e9l\u00e9gant et moderne avec une disposition verticale qui am\u00e9liore la navigation du site Web<\/li>\n<li>Enti\u00e8rement r\u00e9actif et convivial pour la navigation transparente sur tous les appareils<\/li>\n<li>Personnalisable avec diff\u00e9rentes options de couleurs, polices et ic\u00f4nes pour correspondre \u00e0 votre marque<\/li>\n<li>Facile \u00e0 configurer et \u00e0 utiliser avec une documentation d\u00e9taill\u00e9e et une prise en charge du cr\u00e9ateur de plugin<\/li>\n<li>Offre des fonctionnalit\u00e9s avanc\u00e9es telles que Hover Effets, Submenus et Mega Menus pour une organisation optimale<\/li>\n<li>Compatible avec divers th\u00e8mes et plugins WordPress pour une int\u00e9gration transparente dans votre site Web<\/li>\n<li>Chargement l\u00e9ger et rapide pour am\u00e9liorer les performances du site Web et l&rsquo;exp\u00e9rience utilisateur<\/li>\n<li>Reconnue automatiquement les \u00e9l\u00e9ments de menu actifs pour l&rsquo;engagement et la navigation am\u00e9lior\u00e9s des utilisateurs.<\/li>\n<\/ul>\n","protected":false},"excerpt":{"rendered":"<p>Le menu vertical WordPress r\u00e9actif menu est un outil incroyablement puissant et efficace qui peut consid\u00e9rablement am\u00e9liorer la personnalisation du menu vertical de votre site Web. B\u00e9n\u00e9ficiant d&rsquo;un design remarquablement \u00e9l\u00e9gant et moderne, il offre une interface tr\u00e8s flexible et intuitivement conviviale, servant de moyen exceptionnel d&rsquo;organiser votre contenu et de faciliter l&rsquo;accessibilit\u00e9 rapide et sans effort de vos utilisateurs aux informations souhait\u00e9es. De plus, sa r\u00e9activit\u00e9 remarquable garantit une exp\u00e9rience utilisateur impeccablement lisse et transparente sur tous les appareils. De plus, son processus d&rsquo;installation sans effort et son abondance d&rsquo;options de personnalisation vous permettent d&rsquo;adapter votre menu \u00e0 s&rsquo;aligner parfaitement sur la marque et la conception uniques de votre site Web. Que vous cherchiez \u00e0 optimiser l&rsquo;efficacit\u00e9 de la navigation ou \u00e0 augmenter l&rsquo;engagement des utilisateurs, le menu vertical WordPress r\u00e9actif indispensable est un actif indispensable et inestimable pour tout site Web.<\/p>\n","protected":false},"featured_media":145264,"comment_status":"open","ping_status":"open","template":"","meta":[],"product_brand":[2435],"product_cat":[1189,1181,1186],"product_tag":[1231],"class_list":{"0":"post-111886","1":"product","2":"type-product","3":"status-publish","4":"has-post-thumbnail","6":"product_brand-codecanyon","7":"product_cat-personnalisation","8":"product_cat-plugins","9":"product_cat-wordpress-plugins","10":"product_tag-codecanyon","11":"member-discount","12":"discount-restricted","14":"first","15":"instock","16":"sale","17":"downloadable","18":"virtual","19":"sold-individually","20":"purchasable","21":"product-type-simple"},"_links":{"self":[{"href":"https:\/\/gpl-love.com\/fr\/wp-json\/wp\/v2\/product\/111886","targetHints":{"allow":["GET"]}}],"collection":[{"href":"https:\/\/gpl-love.com\/fr\/wp-json\/wp\/v2\/product"}],"about":[{"href":"https:\/\/gpl-love.com\/fr\/wp-json\/wp\/v2\/types\/product"}],"replies":[{"embeddable":true,"href":"https:\/\/gpl-love.com\/fr\/wp-json\/wp\/v2\/comments?post=111886"}],"wp:featuredmedia":[{"embeddable":true,"href":"https:\/\/gpl-love.com\/fr\/wp-json\/wp\/v2\/media\/145264"}],"wp:attachment":[{"href":"https:\/\/gpl-love.com\/fr\/wp-json\/wp\/v2\/media?parent=111886"}],"wp:term":[{"taxonomy":"product_brand","embeddable":true,"href":"https:\/\/gpl-love.com\/fr\/wp-json\/wp\/v2\/product_brand?post=111886"},{"taxonomy":"product_cat","embeddable":true,"href":"https:\/\/gpl-love.com\/fr\/wp-json\/wp\/v2\/product_cat?post=111886"},{"taxonomy":"product_tag","embeddable":true,"href":"https:\/\/gpl-love.com\/fr\/wp-json\/wp\/v2\/product_tag?post=111886"}],"curies":[{"name":"wp","href":"https:\/\/api.w.org\/{rel}","templated":true}]}}