{"id":111884,"date":"2021-12-02T00:00:00","date_gmt":"2021-12-01T23:00:00","guid":{"rendered":"http:\/\/gpl-love.com\/fr\/produit\/seofy-seo-and-digital-marketing-agency-wordpress-theme\/"},"modified":"2026-04-10T18:39:17","modified_gmt":"2026-04-10T16:39:17","slug":"seofy-seo-and-digital-marketing-agency-wordpress-theme","status":"publish","type":"product","link":"https:\/\/gpl-love.com\/fr\/produit\/seofy-seo-and-digital-marketing-agency-wordpress-theme\/","title":{"rendered":"Seofy SEO et Digital Marketing Agency WordPress Theme 1.6.1"},"content":{"rendered":"<h3>Seofy SEO et Digital Marketing Agency WordPress Theme Traits<\/h3>\n<p>Le th\u00e8me WordPress de l&rsquo;agence SEO et de marketing num\u00e9rique Seo appara\u00eet comme un outil incroyablement puissant et polyvalent qui permet aux utilisateurs de fabriquer un site Web visuellement frappant adapt\u00e9 aux agences de marketing, aux soci\u00e9t\u00e9s de r\u00e9f\u00e9rencement et aux professionnels du marketing num\u00e9rique. Poss\u00e9dant une interface intuitive et une pl\u00e9thore de fonctionnalit\u00e9s personnalisables, Seofy accorde aux individus la possibilit\u00e9 de forger une pr\u00e9sence en ligne distinctive qui refl\u00e8te leur marque et leurs services. De plus, ce th\u00e8me est pleinement r\u00e9actif, garantissant une exp\u00e9rience visuelle impeccable sur tous les appareils. Il englobe un \u00e9ventail de diverses d\u00e9mos pr\u00e9d\u00e9finies ainsi que des pages personnalisables, permettant ainsi aux utilisateurs de pr\u00e9senter leurs portefeuilles, leurs services et leurs t\u00e9moignages. De plus, Seofy s&rsquo;int\u00e8gre de mani\u00e8re transparente \u00e0 WooCommerce, rationalisant efficacement le processus de produits ou services num\u00e9riques en ligne. En raison de sa documentation globale et de son soutien in\u00e9branlable, Seofy est la solution par excellence pour ceux qui aspirent \u00e0 \u00e9tablir une pr\u00e9sence en ligne indomptable et \u00e0 favoriser la croissance des entreprises.<\/p>\n<ul>\n<li>Th\u00e8me enti\u00e8rement personnalisable avec un panneau d&rsquo;administration puissant<\/li>\n<li>Con\u00e7u sp\u00e9cifiquement pour les agences de r\u00e9f\u00e9rencement et de marketing num\u00e9rique<\/li>\n<li>Comprend des pages pr\u00e9-con\u00e7ues pour les services, le portefeuille, l&rsquo;\u00e9quipe, le blog et plus encore<\/li>\n<li>Livr\u00e9 avec 7 variations de page d&rsquo;accueil au choix<\/li>\n<li>Conception r\u00e9active mobile pour une visualisation optimale sur n&rsquo;importe quel appareil<\/li>\n<li>WooCommerce pr\u00eat pour une int\u00e9gration de boutique en ligne facile<\/li>\n<li>Comprend les plugins de r\u00e9volution du curseur et de la page WPBakery pour des options de personnalisation ajout\u00e9es<\/li>\n<li>Optimis\u00e9 pour la vitesse et les performances de r\u00e9f\u00e9rencement<\/li>\n<li>R\u00e9guli\u00e8rement mis \u00e0 jour avec de nouvelles fonctionnalit\u00e9s et am\u00e9liorations<\/li>\n<li>Excellent support client des d\u00e9veloppeurs de th\u00e8mes.<\/li>\n<\/ul>\n","protected":false},"excerpt":{"rendered":"<p>Seofy se distingue comme un th\u00e8me WordPress exceptionnellement r\u00e9actif et personnalisable qui a \u00e9t\u00e9 exclusivement con\u00e7u pour les agences de r\u00e9f\u00e9rencement et de marketing num\u00e9rique. Il poss\u00e8de un design contemporain et immacul\u00e9, et en plus de cela, Seofy pr\u00e9sente un large \u00e9ventail de fonctionnalit\u00e9s et de fonctionnalit\u00e9s qui englobent des options de personnalisation avanc\u00e9es, un constructeur de pages extr\u00eamement puissant, une multitude de dispositions de page d&rsquo;accueil, un code SEO-amical et une pl\u00e9thore de pl\u00e9thore de pl\u00e9thore de pl\u00e9thore de pl\u00e9thore de pl\u00e9thore de pl\u00e9thore de pl\u00e9thore de pl\u00e9thore de pl\u00e9thore de pl\u00e9thore de pl\u00e9thore de pl\u00e9thore de pl\u00e9thore de pl\u00e9thore de pl\u00e9thore de pl\u00e9thore de pl\u00e9thore de pl\u00e9thore de plage de r\u00e9f\u00e9rence Autres attributs inestimables. Avec Seofy \u00e0 votre disposition, vous aurez la possibilit\u00e9 de forger un site Web fascinant qui d\u00e9montrera et pr\u00e9sentera sans effort vos services, magn\u00e9tisant ainsi et attirant un nouvel afflux de client\u00e8le. Par cons\u00e9quent, si vous \u00eates d\u00e9termin\u00e9 \u00e0 propulser votre agence de marketing num\u00e9rique vers le summum du succ\u00e8s, alors Seofy est sans \u00e9quivoque la quintessence de la perfection et le choix optimal pour vous!<\/p>\n","protected":false},"featured_media":145220,"comment_status":"open","ping_status":"open","template":"","meta":[],"product_brand":[2433],"product_cat":[1242,1212,1213],"product_tag":[1366],"class_list":{"0":"post-111884","1":"product","2":"type-product","3":"status-publish","4":"has-post-thumbnail","6":"product_brand-themeforest","7":"product_cat-creatif","8":"product_cat-themes","9":"product_cat-wordpress-themes","10":"product_tag-themeforest","11":"member-discount","12":"discount-restricted","14":"first","15":"instock","16":"sale","17":"downloadable","18":"virtual","19":"sold-individually","20":"purchasable","21":"product-type-simple"},"_links":{"self":[{"href":"https:\/\/gpl-love.com\/fr\/wp-json\/wp\/v2\/product\/111884","targetHints":{"allow":["GET"]}}],"collection":[{"href":"https:\/\/gpl-love.com\/fr\/wp-json\/wp\/v2\/product"}],"about":[{"href":"https:\/\/gpl-love.com\/fr\/wp-json\/wp\/v2\/types\/product"}],"replies":[{"embeddable":true,"href":"https:\/\/gpl-love.com\/fr\/wp-json\/wp\/v2\/comments?post=111884"}],"wp:featuredmedia":[{"embeddable":true,"href":"https:\/\/gpl-love.com\/fr\/wp-json\/wp\/v2\/media\/145220"}],"wp:attachment":[{"href":"https:\/\/gpl-love.com\/fr\/wp-json\/wp\/v2\/media?parent=111884"}],"wp:term":[{"taxonomy":"product_brand","embeddable":true,"href":"https:\/\/gpl-love.com\/fr\/wp-json\/wp\/v2\/product_brand?post=111884"},{"taxonomy":"product_cat","embeddable":true,"href":"https:\/\/gpl-love.com\/fr\/wp-json\/wp\/v2\/product_cat?post=111884"},{"taxonomy":"product_tag","embeddable":true,"href":"https:\/\/gpl-love.com\/fr\/wp-json\/wp\/v2\/product_tag?post=111884"}],"curies":[{"name":"wp","href":"https:\/\/api.w.org\/{rel}","templated":true}]}}