{"id":111882,"date":"2026-04-30T00:00:00","date_gmt":"2026-04-29T22:00:00","guid":{"rendered":"http:\/\/gpl-love.com\/fr\/produit\/real-estate-7-real-estate-wordpress-theme\/"},"modified":"2026-05-01T06:30:52","modified_gmt":"2026-05-01T04:30:52","slug":"real-estate-7-real-estate-wordpress-theme","status":"publish","type":"product","link":"https:\/\/gpl-love.com\/fr\/produit\/real-estate-7-real-estate-wordpress-theme\/","title":{"rendered":"Real Estate 7 Real Estate WordPress Theme 3.5.9"},"content":{"rendered":"<h3>Real Estate 7 Real Estate WordPress Theme Traits<\/h3>\n<p>Real Estate 7, un th\u00e8me WordPress hautement sophistiqu\u00e9, a \u00e9t\u00e9 m\u00e9ticuleusement d\u00e9velopp\u00e9 pour r\u00e9pondre aux exigences sp\u00e9cialis\u00e9es de l&rsquo;industrie immobili\u00e8re. B\u00e9n\u00e9ficiant d&rsquo;une vaste gamme de fonctionnalit\u00e9s, y compris une fonction de recherche de propri\u00e9t\u00e9 de pointe, une int\u00e9gration transparente avec Google Maps, des listes de propri\u00e9t\u00e9s compl\u00e8tes et des outils de gestion de propri\u00e9t\u00e9 efficaces, ce th\u00e8me est vraiment une centrale. En outre, il offre une personnalisation in\u00e9gal\u00e9e gr\u00e2ce \u00e0 son interface intuitive et conviviale, vous permettant de modifier sans effort l&rsquo;esth\u00e9tique et l&rsquo;ambiance globale de votre site Web. En exploitant les capacit\u00e9s de l&rsquo;immobilier 7, vous pouvez construire sans effort une plate-forme en ligne visuellement \u00e9tonnante et organis\u00e9e par des professionnels qui r\u00e9pond pr\u00e9cis\u00e9ment \u00e0 vos besoins uniques et pr\u00e9sente efficacement votre entreprise immobili\u00e8re. Ce th\u00e8me exceptionnel est sp\u00e9cifiquement adapt\u00e9 aux agents immobiliers, aux courtiers et aux gestionnaires immobiliers cherchant \u00e0 \u00e9tablir une formidable pr\u00e9sence en ligne. Sans aucun doute, l&rsquo;immobilier 7 appara\u00eet comme la solution ultime pour toutes les exigences de votre site Web immobilier, garantissant \u00e0 d\u00e9passer toutes vos attentes.<\/p>\n<ul>\n<li>Con\u00e7u sp\u00e9cifiquement pour les agents et agences immobili\u00e8res<\/li>\n<li>Livr\u00e9 avec plusieurs conceptions de pages d&rsquo;accueil pr\u00e9-faites parmi lesquelles choisir<\/li>\n<li>Interface intuitive et facile \u00e0 utiliser<\/li>\n<li>Enti\u00e8rement personnalisable avec le g\u00e9n\u00e9rateur de pages glisser-d\u00e9poser<\/li>\n<li>Fonctionnalit\u00e9 de recherche int\u00e9gr\u00e9e pour les recherches de propri\u00e9t\u00e9s personnalis\u00e9es<\/li>\n<li>Optimis\u00e9 puissamment pour les moteurs de recherche, assurant une grande visibilit\u00e9<\/li>\n<li>Conception sensible au mobile pour une visualisation transparente sur n&rsquo;importe quel appareil<\/li>\n<li>Options compl\u00e8tes de listes de propri\u00e9t\u00e9s, y compris les cartes et les galeries<\/li>\n<li>Portail client s\u00e9curis\u00e9 pour une meilleure communication et engagement<\/li>\n<li>Outils de g\u00e9n\u00e9ration de leads int\u00e9gr\u00e9s pour capturer et suivre efficacement les fils<\/li>\n<\/ul>\n","protected":false},"excerpt":{"rendered":"<p>Real Estate 7 est un th\u00e8me WordPress haut de gamme m\u00e9ticuleusement con\u00e7u qui a \u00e9t\u00e9 exclusivement adapt\u00e9 aux sites Web immobiliers, avec un vaste r\u00e9pertoire de fonctionnalit\u00e9s et d&rsquo;outils de pointe. Ce th\u00e8me remarquable comprend une pl\u00e9thore de fonctionnalit\u00e9s impressionnantes, y compris, mais sans s&rsquo;y limiter, des options de recherche avanc\u00e9es, des pages de propri\u00e9t\u00e9s personnalis\u00e9es et un syst\u00e8me de liste et de gestion des agents transparents. Con\u00e7u avec la plus grande pr\u00e9cision, Real Estate 7 est enti\u00e8rement r\u00e9actif et propose une gamme d&rsquo;options de mise en page diverses, vous permettant de fa\u00e7onner sans effort un site Web extraordinaire qui s&rsquo;harmonise parfaitement avec votre identit\u00e9 de marque distinctive. Avec les capacit\u00e9s in\u00e9gal\u00e9es de l&rsquo;immobilier 7 \u00e0 votre disposition, vous pouvez pr\u00e9senter sans effort vos propri\u00e9t\u00e9s exquises et cultiver efficacement un flux constant de prospects pr\u00e9cieux, propulser votre entreprise \u00e0 des sommets de succ\u00e8s sans pr\u00e9c\u00e9dent.<\/p>\n","protected":false},"featured_media":145084,"comment_status":"open","ping_status":"open","template":"","meta":[],"product_brand":[2433],"product_cat":[1356,1212,1213],"product_tag":[1366],"class_list":{"0":"post-111882","1":"product","2":"type-product","3":"status-publish","4":"has-post-thumbnail","6":"product_brand-themeforest","7":"product_cat-immobilier","8":"product_cat-themes","9":"product_cat-wordpress-themes","10":"product_tag-themeforest","11":"member-discount","12":"discount-restricted","14":"first","15":"instock","16":"sale","17":"downloadable","18":"virtual","19":"sold-individually","20":"purchasable","21":"product-type-simple"},"_links":{"self":[{"href":"https:\/\/gpl-love.com\/fr\/wp-json\/wp\/v2\/product\/111882","targetHints":{"allow":["GET"]}}],"collection":[{"href":"https:\/\/gpl-love.com\/fr\/wp-json\/wp\/v2\/product"}],"about":[{"href":"https:\/\/gpl-love.com\/fr\/wp-json\/wp\/v2\/types\/product"}],"replies":[{"embeddable":true,"href":"https:\/\/gpl-love.com\/fr\/wp-json\/wp\/v2\/comments?post=111882"}],"wp:featuredmedia":[{"embeddable":true,"href":"https:\/\/gpl-love.com\/fr\/wp-json\/wp\/v2\/media\/145084"}],"wp:attachment":[{"href":"https:\/\/gpl-love.com\/fr\/wp-json\/wp\/v2\/media?parent=111882"}],"wp:term":[{"taxonomy":"product_brand","embeddable":true,"href":"https:\/\/gpl-love.com\/fr\/wp-json\/wp\/v2\/product_brand?post=111882"},{"taxonomy":"product_cat","embeddable":true,"href":"https:\/\/gpl-love.com\/fr\/wp-json\/wp\/v2\/product_cat?post=111882"},{"taxonomy":"product_tag","embeddable":true,"href":"https:\/\/gpl-love.com\/fr\/wp-json\/wp\/v2\/product_tag?post=111882"}],"curies":[{"name":"wp","href":"https:\/\/api.w.org\/{rel}","templated":true}]}}