{"id":111880,"date":"2021-02-15T00:00:00","date_gmt":"2021-02-14T23:00:00","guid":{"rendered":"http:\/\/gpl-love.com\/fr\/produit\/corona-virus-cases-tracker-widgets\/"},"modified":"2026-03-20T22:59:05","modified_gmt":"2026-03-20T21:59:05","slug":"corona-virus-cases-tracker-widgets","status":"publish","type":"product","link":"https:\/\/gpl-love.com\/fr\/produit\/corona-virus-cases-tracker-widgets\/","title":{"rendered":"Corona Virus Cases Tracker Widgets 1.7.5"},"content":{"rendered":"<h3>Corona Virus Cases Tracker Widgets Traits<\/h3>\n<p>Les widgets de suivi des cas de virus Corona, r\u00e9put\u00e9s pour sa fiabilit\u00e9, sert de widget digne de confiance qui fournit aux individus des mises \u00e0 jour en temps r\u00e9el concernant le nombre continue de cas de virus corona confirm\u00e9 dans le monde. Ce widget, m\u00e9ticuleusement con\u00e7u, b\u00e9n\u00e9ficie d&rsquo;une int\u00e9gration transparente dans n&rsquo;importe quel site Web, offrant ainsi aux utilisateurs des informations qui restent r\u00e9guli\u00e8rement \u00e0 jour en ce qui concerne la pand\u00e9mie en cours. \u00c9quip\u00e9e d&rsquo;une interface conviviale et d&rsquo;une donn\u00e9es pr\u00e9cises, les widgets de suivi des cas de virus corona sont un instrument exceptionnel pour surveiller le cours tumultueux de la pand\u00e9mie et, par la suite, prendre des d\u00e9cisions bien inform\u00e9es. De plus, ce widget peut \u00eatre personnalis\u00e9 pour s&rsquo;aligner sur les pr\u00e9f\u00e9rences d&rsquo;un individu, leur permettant de s\u00e9lectionner parmi un large \u00e9ventail d&rsquo;options d&rsquo;affichage adapt\u00e9es \u00e0 ses besoins sp\u00e9cifiques. Que l&rsquo;on s&rsquo;identifie comme un professionnel de la sant\u00e9, un propri\u00e9taire d&rsquo;entreprise ou simplement en tant que citoyen engag\u00e9, les widgets de tracker des cas de virus Corona assument un r\u00f4le indispensable pour garantir que l&rsquo;on reste \u00e9duqu\u00e9 et \u00e9quip\u00e9 pour faire face aux d\u00e9fis pr\u00e9sent\u00e9s par ces temps sans pr\u00e9c\u00e9dent.<\/p>\n<ul>\n<li>Mises \u00e0 jour en temps r\u00e9el sur le nombre de cas Covid-19 confirm\u00e9s dans le monde<\/li>\n<li>Conception de widget \u00e9l\u00e9gante et facile \u00e0 utiliser pour les ordinateurs de bureau, mobiles et tablettes<\/li>\n<li>Options d&rsquo;affichage personnalisables telles que les informations sp\u00e9cifiques au pays et la visualisation des donn\u00e9es<\/li>\n<li>Des donn\u00e9es pr\u00e9cises et fiables proviennent d&rsquo;organisations de sant\u00e9 publique r\u00e9put\u00e9es<\/li>\n<li>Constamment mis \u00e0 jour avec les derni\u00e8res informations et nouvelles concernant la pand\u00e9mie Covid-19<\/li>\n<li>Option de recevoir des notifications push pour des changements importants en cas de cas ou de nouveaux d\u00e9veloppements<\/li>\n<li>Fournit des informations pr\u00e9cieuses aux particuliers, aux entreprises et aux gouvernements pour prendre des d\u00e9cisions \u00e9clair\u00e9es sur les voyages, la s\u00e9curit\u00e9 publique et les ressources de sant\u00e9<\/li>\n<li>Disponible en plusieurs langues pour l&rsquo;accessibilit\u00e9 mondiale<\/li>\n<li>Con\u00e7u avec la confidentialit\u00e9 et la protection des donn\u00e9es \u00e0 l&rsquo;esprit<\/li>\n<li>GRATUIT \u00e0 utiliser et \u00e0 t\u00e9l\u00e9charger sans frais cach\u00e9s ni frais d&rsquo;abonnement<\/li>\n<\/ul>\n","protected":false},"excerpt":{"rendered":"<p>Restez en avance et restez inform\u00e9 de nos widgets de tracker Corona Virus Cases. Ces widgets dynamiques et faciles \u00e0 installer fournissent des mises \u00e0 jour en temps r\u00e9el sur les derniers cas Covid-19 dans le monde. Les fonctionnalit\u00e9s cl\u00e9s incluent une interface \u00e9l\u00e9gante et conviviale qui affiche des informations pr\u00e9cises et \u00e0 jour, vous permettant de garder une impulsion sur la pand\u00e9mie. Non seulement vous aurez acc\u00e8s au nombre actuel de cas confirm\u00e9s, mais aussi au nombre de r\u00e9cup\u00e9rations et de d\u00e9c\u00e8s, le tout en un coup d&rsquo;\u0153il. Ces widgets sont con\u00e7us pour se fondre parfaitement avec votre site Web ou votre application, fournissant une ressource pr\u00e9cieuse \u00e0 vos utilisateurs. Ne manquez pas cet outil indispensable pour suivre les progr\u00e8s mondiaux de la pand\u00e9mie de coronavirus.<\/p>\n","protected":false},"featured_media":143425,"comment_status":"open","ping_status":"open","template":"","meta":[],"product_brand":[2435],"product_cat":[1189,1181,1186],"product_tag":[1231],"class_list":{"0":"post-111880","1":"product","2":"type-product","3":"status-publish","4":"has-post-thumbnail","6":"product_brand-codecanyon","7":"product_cat-personnalisation","8":"product_cat-plugins","9":"product_cat-wordpress-plugins","10":"product_tag-codecanyon","11":"member-discount","12":"discount-restricted","14":"first","15":"instock","16":"sale","17":"downloadable","18":"virtual","19":"sold-individually","20":"purchasable","21":"product-type-simple"},"_links":{"self":[{"href":"https:\/\/gpl-love.com\/fr\/wp-json\/wp\/v2\/product\/111880","targetHints":{"allow":["GET"]}}],"collection":[{"href":"https:\/\/gpl-love.com\/fr\/wp-json\/wp\/v2\/product"}],"about":[{"href":"https:\/\/gpl-love.com\/fr\/wp-json\/wp\/v2\/types\/product"}],"replies":[{"embeddable":true,"href":"https:\/\/gpl-love.com\/fr\/wp-json\/wp\/v2\/comments?post=111880"}],"wp:featuredmedia":[{"embeddable":true,"href":"https:\/\/gpl-love.com\/fr\/wp-json\/wp\/v2\/media\/143425"}],"wp:attachment":[{"href":"https:\/\/gpl-love.com\/fr\/wp-json\/wp\/v2\/media?parent=111880"}],"wp:term":[{"taxonomy":"product_brand","embeddable":true,"href":"https:\/\/gpl-love.com\/fr\/wp-json\/wp\/v2\/product_brand?post=111880"},{"taxonomy":"product_cat","embeddable":true,"href":"https:\/\/gpl-love.com\/fr\/wp-json\/wp\/v2\/product_cat?post=111880"},{"taxonomy":"product_tag","embeddable":true,"href":"https:\/\/gpl-love.com\/fr\/wp-json\/wp\/v2\/product_tag?post=111880"}],"curies":[{"name":"wp","href":"https:\/\/api.w.org\/{rel}","templated":true}]}}