{"id":111878,"date":"2025-07-30T00:00:00","date_gmt":"2025-07-29T22:00:00","guid":{"rendered":"http:\/\/gpl-love.com\/fr\/produit\/progress-map-wordpress-plugin\/"},"modified":"2026-04-10T18:37:08","modified_gmt":"2026-04-10T16:37:08","slug":"progress-map-wordpress-plugin","status":"publish","type":"product","link":"https:\/\/gpl-love.com\/fr\/produit\/progress-map-wordpress-plugin\/","title":{"rendered":"Progress Map WordPress Plugin 5.8"},"content":{"rendered":"<h3>Progress Map WordPress Plugin Traits<\/h3>\n<p>Le plugin WordPress de la carte de progression est un outil tr\u00e8s b\u00e9n\u00e9fique qui sert \u00e0 afficher des cartes personnalis\u00e9es sur votre site Web. Il permet aux utilisateurs de g\u00e9n\u00e9rer et de personnaliser sans effort des cartes qui illustrent efficacement l&rsquo;avancement de leur projet ou de leur entreprise au public. En incorporant des marqueurs, des formes et des lignes, on peut accentuer des r\u00e9gions sp\u00e9cifiques d&rsquo;int\u00e9r\u00eat sur la carte. Notamment, le plugin englobe la prise en charge int\u00e9gr\u00e9e de Google Maps, facilitant ainsi l&rsquo;int\u00e9gration transparente de la carte avec divers autres services Google tels que les lieux et les directions. De plus, les d\u00e9veloppeurs ont assur\u00e9 que la carte de progr\u00e8s est optimis\u00e9e pour \u00eatre l\u00e9g\u00e8re et compl\u00e8tement r\u00e9active, garantissant que vos cartes pr\u00e9sentent une esth\u00e9tique exceptionnelle sur n&rsquo;importe quel appareil. Que vous construisiez une plate-forme orient\u00e9e vers les voyages, un site Web immobilier ou que vous n\u00e9cessitiez simplement un outil pour montrer efficacement la progression de votre entreprise, opter pour le plugin WordPress de la carte de progression serait incontestablement une d\u00e9cision judicieuse.<\/p>\n<ul>\n<li>Un plugin WordPress puissant et convivial<\/li>\n<li>Con\u00e7u pour vous aider \u00e0 afficher la carte de progression de votre site Web et \u00e0 y ajouter des \u00e9pingles<\/li>\n<li>Interface interactive et facile \u00e0 utiliser<\/li>\n<li>Comprend plusieurs options de personnalisation, telles que le choix du style de carte, des ic\u00f4nes de broches et des \u00e9tiquettes personnalis\u00e9es<\/li>\n<li>Vous permet de suivre vos progr\u00e8s avec une barre de progression et d&rsquo;ajouter des descriptions et des images \u00e0 chaque broche<\/li>\n<li>Prend en charge plusieurs cartes, chacune avec son propre ensemble d&rsquo;\u00e9pingles et d&rsquo;options de personnalisation<\/li>\n<li>Tr\u00e8s r\u00e9actif et compatible avec tous les navigateurs Web et appareils mobiles modernes<\/li>\n<li>Livr\u00e9 avec un support client professionnel et opportun pour vous aider \u00e0 tirer le meilleur parti du plugin<\/li>\n<li>RECLARMAGE MISE \u00c0 JOUR avec de nouvelles fonctionnalit\u00e9s et corrections de bogues pour assurer une exp\u00e9rience fluide pour tous les utilisateurs.<\/li>\n<\/ul>\n","protected":false},"excerpt":{"rendered":"<p>Le plugin WordPress de la carte de progression, un outil incroyablement robuste et formidable, sert d&rsquo;attention inestimable pour pr\u00e9senter des cartes interactives sur votre site Web. Ce plugin poss\u00e8de une vaste gamme d&rsquo;options de personnalisation, vous offrant la possibilit\u00e9 de fabriquer des cartes distinctives qui d\u00e9gagent l&rsquo;essence de votre contenu et accentuent des lieux importants. En utilisant une technologie de pointe, ce plugin garantit des performances transparentes et r\u00e9actives, facilitant ainsi l&rsquo;exploration et la navigation sans effort pour vos visiteurs estim\u00e9s. Que vous visiez \u00e0 pr\u00e9senter des propri\u00e9t\u00e9s, \u00e0 surveiller les itin\u00e9raires de voyage ou \u00e0 pr\u00e9senter les ressources communautaires, le plugin WordPress de la carte de progression est un ajout indispensable \u00e0 tout site Web qui poss\u00e8de des cartes.<\/p>\n","protected":false},"featured_media":145029,"comment_status":"open","ping_status":"open","template":"","meta":[],"product_brand":[2435],"product_cat":[1189,1181,1186],"product_tag":[1231],"class_list":{"0":"post-111878","1":"product","2":"type-product","3":"status-publish","4":"has-post-thumbnail","6":"product_brand-codecanyon","7":"product_cat-personnalisation","8":"product_cat-plugins","9":"product_cat-wordpress-plugins","10":"product_tag-codecanyon","11":"member-discount","12":"discount-restricted","14":"first","15":"instock","16":"sale","17":"downloadable","18":"virtual","19":"sold-individually","20":"purchasable","21":"product-type-simple"},"_links":{"self":[{"href":"https:\/\/gpl-love.com\/fr\/wp-json\/wp\/v2\/product\/111878","targetHints":{"allow":["GET"]}}],"collection":[{"href":"https:\/\/gpl-love.com\/fr\/wp-json\/wp\/v2\/product"}],"about":[{"href":"https:\/\/gpl-love.com\/fr\/wp-json\/wp\/v2\/types\/product"}],"replies":[{"embeddable":true,"href":"https:\/\/gpl-love.com\/fr\/wp-json\/wp\/v2\/comments?post=111878"}],"wp:featuredmedia":[{"embeddable":true,"href":"https:\/\/gpl-love.com\/fr\/wp-json\/wp\/v2\/media\/145029"}],"wp:attachment":[{"href":"https:\/\/gpl-love.com\/fr\/wp-json\/wp\/v2\/media?parent=111878"}],"wp:term":[{"taxonomy":"product_brand","embeddable":true,"href":"https:\/\/gpl-love.com\/fr\/wp-json\/wp\/v2\/product_brand?post=111878"},{"taxonomy":"product_cat","embeddable":true,"href":"https:\/\/gpl-love.com\/fr\/wp-json\/wp\/v2\/product_cat?post=111878"},{"taxonomy":"product_tag","embeddable":true,"href":"https:\/\/gpl-love.com\/fr\/wp-json\/wp\/v2\/product_tag?post=111878"}],"curies":[{"name":"wp","href":"https:\/\/api.w.org\/{rel}","templated":true}]}}