{"id":111876,"date":"2022-05-25T00:00:00","date_gmt":"2022-05-24T22:00:00","guid":{"rendered":"http:\/\/gpl-love.com\/fr\/produit\/beehive-social-network-wordpress-theme\/"},"modified":"2026-03-20T22:56:07","modified_gmt":"2026-03-20T21:56:07","slug":"beehive-social-network-wordpress-theme","status":"publish","type":"product","link":"https:\/\/gpl-love.com\/fr\/produit\/beehive-social-network-wordpress-theme\/","title":{"rendered":"Beehive Social Network WordPress Theme 1.4.5"},"content":{"rendered":"<h3>Beehive Social Network WordPress Theme Traits<\/h3>\n<p>Le th\u00e8me WordPress du r\u00e9seau social Beehive est un th\u00e8me incroyablement robuste et convivial qui a \u00e9t\u00e9 con\u00e7u de mani\u00e8re experte pour aider les individus et les entreprises dans la cr\u00e9ation de leur propre r\u00e9seau social. Ce th\u00e8me remarquable est fourni avec une vaste gamme de fonctionnalit\u00e9s essentielles qui sont absolument indispensables dans le d\u00e9veloppement d&rsquo;un r\u00e9seau social r\u00e9ussi. Ces fonctionnalit\u00e9s englobent les profils des membres, les capacit\u00e9s de messagerie, les fonctionnalit\u00e9s de groupe, les syst\u00e8mes de forum et les flux d&rsquo;activit\u00e9, qui sont tous des composants cruciaux dans la cr\u00e9ation d&rsquo;un r\u00e9seau social dynamique et engageant. De plus, la conception de ce th\u00e8me est ind\u00e9niablement moderne, d\u00e9gageant une propre propret\u00e9 impeccable et un niveau de personnalisation qui est sans pareil. En outre, ce th\u00e8me exceptionnel est \u00e9galement \u00e9quip\u00e9 de la fonctionnalit\u00e9 inestimable de l&rsquo;int\u00e9gration des m\u00e9dias sociaux, permettant ainsi aux utilisateurs de connecter sans effort leurs comptes de m\u00e9dias sociaux avec leur r\u00e9seau. En r\u00e9sum\u00e9, le th\u00e8me WordPress du r\u00e9seau social de la ruche est un choix sans \u00e9quivoque pour les personnes qui cherchent \u00e0 construire un r\u00e9seau social \u00e0 partir de z\u00e9ro ou \u00e0 am\u00e9liorer un d\u00e9j\u00e0 existant.<\/p>\n<ul>\n<li>Conception r\u00e9active qui a fi\u00e8re allure sur n&rsquo;importe quel appareil<\/li>\n<li>Page d&rsquo;accueil personnalisable avec plusieurs options de mise en page<\/li>\n<li>Fonctionnalit\u00e9s de partage social int\u00e9gr\u00e9 pour le partage de contenu facile<\/li>\n<li>Profils utilisateur personnalisables avec des options pour les avatars des utilisateurs et les photos de couverture<\/li>\n<li>Int\u00e9gration avec des plateformes de m\u00e9dias sociaux populaires comme Facebook et Twitter<\/li>\n<li>Options de fonctionnalit\u00e9 de r\u00e9seautage social, y compris l&rsquo;amiti\u00e9, la messagerie et la cr\u00e9ation de groupes<\/li>\n<li>Options int\u00e9gr\u00e9es pour mon\u00e9tiser votre site avec la publicit\u00e9 et le marketing d&rsquo;affiliation<\/li>\n<li>Compatible avec la derni\u00e8re version de WordPress et d&rsquo;autres plugins populaires<\/li>\n<li>Panneau d&rsquo;options de th\u00e8me facile \u00e0 utiliser pour apporter des modifications \u00e0 la personnalisation sans codage<\/li>\n<li>\u00c9quipe de support d\u00e9di\u00e9e disponible pour aider \u00e0 toute question ou probl\u00e8me.<\/li>\n<\/ul>\n","protected":false},"excerpt":{"rendered":"<p>D\u00e9couvrez la puissance de la connexion avec le th\u00e8me WordPress du r\u00e9seau social de ruche. Con\u00e7u avec une esth\u00e9tique \u00e9l\u00e9gante et moderne, ce th\u00e8me est parfait pour cr\u00e9er un r\u00e9seau social engageant et interactif sur votre site WordPress. Le th\u00e8me de la ruche est construit avec une conception r\u00e9active, garantissant une exp\u00e9rience utilisateur transparente sur n&rsquo;importe quel appareil. Il est \u00e9galement hautement personnalisable, vous donnant la libert\u00e9 d&rsquo;adapter votre r\u00e9seau social \u00e0 vos besoins sp\u00e9cifiques. Int\u00e9gr\u00e9 aux plateformes de m\u00e9dias sociaux populaires, le th\u00e8me de la ruche permet aux utilisateurs de partager facilement le contenu et d&rsquo;interagir les uns avec les autres. Profitez des avantages des dispositions de pages pr\u00e9-con\u00e7ues et des options de th\u00e8me avanc\u00e9es qui viennent avec ce th\u00e8me WordPress. C&rsquo;est \u00e9galement adapt\u00e9 au r\u00e9f\u00e9rencement, vous aidant \u00e0 augmenter la visibilit\u00e9 de votre site sur les moteurs de recherche. Cr\u00e9ez une communaut\u00e9 en ligne florissante avec le th\u00e8me WordPress du r\u00e9seau social de ruche.<\/p>\n","protected":false},"featured_media":143230,"comment_status":"open","ping_status":"open","template":"","meta":[],"product_brand":[2433],"product_cat":[1242,1212,1213],"product_tag":[1366],"class_list":{"0":"post-111876","1":"product","2":"type-product","3":"status-publish","4":"has-post-thumbnail","6":"product_brand-themeforest","7":"product_cat-creatif","8":"product_cat-themes","9":"product_cat-wordpress-themes","10":"product_tag-themeforest","11":"member-discount","12":"discount-restricted","14":"first","15":"instock","16":"sale","17":"downloadable","18":"virtual","19":"sold-individually","20":"purchasable","21":"product-type-simple"},"_links":{"self":[{"href":"https:\/\/gpl-love.com\/fr\/wp-json\/wp\/v2\/product\/111876","targetHints":{"allow":["GET"]}}],"collection":[{"href":"https:\/\/gpl-love.com\/fr\/wp-json\/wp\/v2\/product"}],"about":[{"href":"https:\/\/gpl-love.com\/fr\/wp-json\/wp\/v2\/types\/product"}],"replies":[{"embeddable":true,"href":"https:\/\/gpl-love.com\/fr\/wp-json\/wp\/v2\/comments?post=111876"}],"wp:featuredmedia":[{"embeddable":true,"href":"https:\/\/gpl-love.com\/fr\/wp-json\/wp\/v2\/media\/143230"}],"wp:attachment":[{"href":"https:\/\/gpl-love.com\/fr\/wp-json\/wp\/v2\/media?parent=111876"}],"wp:term":[{"taxonomy":"product_brand","embeddable":true,"href":"https:\/\/gpl-love.com\/fr\/wp-json\/wp\/v2\/product_brand?post=111876"},{"taxonomy":"product_cat","embeddable":true,"href":"https:\/\/gpl-love.com\/fr\/wp-json\/wp\/v2\/product_cat?post=111876"},{"taxonomy":"product_tag","embeddable":true,"href":"https:\/\/gpl-love.com\/fr\/wp-json\/wp\/v2\/product_tag?post=111876"}],"curies":[{"name":"wp","href":"https:\/\/api.w.org\/{rel}","templated":true}]}}