{"id":111874,"date":"2025-08-30T00:00:00","date_gmt":"2025-08-29T22:00:00","guid":{"rendered":"http:\/\/gpl-love.com\/fr\/produit\/vikinger-buddypress-and-gamipress-social-community\/"},"modified":"2026-04-10T18:45:01","modified_gmt":"2026-04-10T16:45:01","slug":"vikinger-buddypress-and-gamipress-social-community","status":"publish","type":"product","link":"https:\/\/gpl-love.com\/fr\/produit\/vikinger-buddypress-and-gamipress-social-community\/","title":{"rendered":"Vikinger BuddyPress et GamiPress Social Community 1.9.40"},"content":{"rendered":"<h3>Vikinger BuddyPress et GamiPress Social Community Traits<\/h3>\n<p>Le BuddyPress et Gamipress de Vikinger et la communaut\u00e9 sociale est une plate-forme incroyablement innovante qui r\u00e9volutionne le domaine des r\u00e9seaux sociaux. En int\u00e9grant de mani\u00e8re transparente Buddypress, un plugin de r\u00e9seautage social tr\u00e8s estim\u00e9 pour WordPress, avec Gamipress, une solution de gamification polyvalente qui injecte de l&rsquo;excitation et de l&rsquo;interaction dans votre communaut\u00e9, cette plate-forme porte votre r\u00e9seau social \u00e0 des sommets sans pr\u00e9c\u00e9dent. Avec Vikinger, vous avez la capacit\u00e9 de cr\u00e9er une communaut\u00e9 sociale distinctive qui englobe toutes les caract\u00e9ristiques essentielles d&rsquo;un r\u00e9seau social, des profils et des groupes \u00e0 la messagerie et aux notifications, et bien plus encore. N\u00e9anmoins, ce qui distingue vraiment le Vikinger de ses homologues, ce sont ses remarquables fonctionnalit\u00e9s de gamification, qui accordent aux utilisateurs des points, des badges et des rangs en reconnaissance de leurs activit\u00e9s et r\u00e9alisations sur votre site. Ce syst\u00e8me alimente efficacement la participation et cultive un sentiment palpable de concurrence, insufflant efficacement \u00e0 votre communaut\u00e9 un niveau d&rsquo;activit\u00e9 et de dynamisme in\u00e9gal\u00e9. Essentiellement, Buddypress Vikinger et Gamipress Social Community sert d&rsquo;outil extraordinaire pour construire des communaut\u00e9s en ligne qui sont simultan\u00e9ment divertissantes et captivantes.<\/p>\n<ul>\n<li>Cr\u00e9er une communaut\u00e9 sociale florissante avec l&rsquo;int\u00e9gration de Buddypress<\/li>\n<li>Ajouter des \u00e9l\u00e9ments de gamification pour engager et r\u00e9compenser les utilisateurs avec l&rsquo;int\u00e9gration de Gamipress<\/li>\n<li>Profils d&rsquo;utilisateurs personnalisables avec des badges et des points<\/li>\n<li>Offrir des concours et des classements pour encourager la participation<\/li>\n<li>Encourager le contenu g\u00e9n\u00e9r\u00e9 par l&rsquo;utilisateur avec des publications et des discussions soumises par l&rsquo;utilisateur<\/li>\n<li>Offrez des r\u00e9compenses utilisateur pour compl\u00e9ter les informations de profil ou participer \u00e0 des \u00e9v\u00e9nements communautaires<\/li>\n<li>Les notifications en temps r\u00e9el maintiennent les utilisateurs engag\u00e9s avec les mises \u00e0 jour de la communaut\u00e9<\/li>\n<li>L&rsquo;int\u00e9gration avec WooCommerce permet de vendre des produits au sein de la communaut\u00e9<\/li>\n<li>Utilisez des analyses puissantes pour suivre l&rsquo;engagement et les comportements des utilisateurs<\/li>\n<li>Conception r\u00e9active mobile pour une exp\u00e9rience utilisateur transparente sur n&rsquo;importe quel appareil.<\/li>\n<\/ul>\n","protected":false},"excerpt":{"rendered":"<p>Le BuddyPress et Gamipress de Vikinger et la communaut\u00e9 sociale est un plugin tr\u00e8s robuste et dynamique qui amalgate de mani\u00e8re transparente les avantages offerts par deux plugins WordPress bien connus, \u00e0 savoir Buddypress et Gamipress. Avec la mise en \u0153uvre de Vikinger, les personnes qui poss\u00e8dent des sites Web peuvent \u00e9tablir sans effort une communaut\u00e9 sociale interactive dans laquelle les utilisateurs peuvent activement s&rsquo;engager les uns avec les autres, favoriser les connexions sociales et forger des relations. En incorporant ing\u00e9nieusement les principes de gamification, Vikinger injecte effectivement un composant de jeu captivant et passionnant dans votre communaut\u00e9, augmentant ainsi son niveau d&rsquo;amusement et d&rsquo;engagement des utilisateurs. De plus, ce plugin remarquable englobe une pl\u00e9thore de fonctionnalit\u00e9s personnalisables, vous permettant de m\u00e9ticulent m\u00e9ticuleusement votre communaut\u00e9 pour r\u00e9pondre \u00e0 vos exigences et pr\u00e9f\u00e9rences uniques. Quoi que vous soyez en train de construire un r\u00e9seau d&#8217;employ\u00e9s, une communaut\u00e9 de cours en ligne ou un forum, le copain de Vikinger et la communaut\u00e9 sociale Gamipress repr\u00e9sente sans aucun doute la solution id\u00e9ale et optimale pour atteindre vos objectifs.<\/p>\n","protected":false},"featured_media":145715,"comment_status":"open","ping_status":"open","template":"","meta":[],"product_brand":[2433],"product_cat":[1242,1212,1213],"product_tag":[1366],"class_list":{"0":"post-111874","1":"product","2":"type-product","3":"status-publish","4":"has-post-thumbnail","6":"product_brand-themeforest","7":"product_cat-creatif","8":"product_cat-themes","9":"product_cat-wordpress-themes","10":"product_tag-themeforest","11":"member-discount","12":"discount-restricted","14":"first","15":"instock","16":"sale","17":"downloadable","18":"virtual","19":"sold-individually","20":"purchasable","21":"product-type-simple"},"_links":{"self":[{"href":"https:\/\/gpl-love.com\/fr\/wp-json\/wp\/v2\/product\/111874","targetHints":{"allow":["GET"]}}],"collection":[{"href":"https:\/\/gpl-love.com\/fr\/wp-json\/wp\/v2\/product"}],"about":[{"href":"https:\/\/gpl-love.com\/fr\/wp-json\/wp\/v2\/types\/product"}],"replies":[{"embeddable":true,"href":"https:\/\/gpl-love.com\/fr\/wp-json\/wp\/v2\/comments?post=111874"}],"wp:featuredmedia":[{"embeddable":true,"href":"https:\/\/gpl-love.com\/fr\/wp-json\/wp\/v2\/media\/145715"}],"wp:attachment":[{"href":"https:\/\/gpl-love.com\/fr\/wp-json\/wp\/v2\/media?parent=111874"}],"wp:term":[{"taxonomy":"product_brand","embeddable":true,"href":"https:\/\/gpl-love.com\/fr\/wp-json\/wp\/v2\/product_brand?post=111874"},{"taxonomy":"product_cat","embeddable":true,"href":"https:\/\/gpl-love.com\/fr\/wp-json\/wp\/v2\/product_cat?post=111874"},{"taxonomy":"product_tag","embeddable":true,"href":"https:\/\/gpl-love.com\/fr\/wp-json\/wp\/v2\/product_tag?post=111874"}],"curies":[{"name":"wp","href":"https:\/\/api.w.org\/{rel}","templated":true}]}}