{"id":111872,"date":"2021-02-14T00:00:00","date_gmt":"2021-02-13T23:00:00","guid":{"rendered":"http:\/\/gpl-love.com\/fr\/produit\/food-recipes-wordpress-theme\/"},"modified":"2026-05-13T00:30:22","modified_gmt":"2026-05-12T22:30:22","slug":"food-recipes-wordpress-theme","status":"publish","type":"product","link":"https:\/\/gpl-love.com\/fr\/produit\/food-recipes-wordpress-theme\/","title":{"rendered":"Food Recipes WordPress Theme 4.0.5"},"content":{"rendered":"<h3>Food Recipes WordPress Theme Traits<\/h3>\n<p>Con\u00e7u pour r\u00e9pondre aux besoins des blogueurs alimentaires, des sites Web de recettes et des amateurs de culinaires, le th\u00e8me des recettes de nourriture polyvalente et fonctionnelle propose plusieurs dispositions pr\u00e9d\u00e9finies, des options de personnalisation et une interface conviviale. Avec ses fonctionnalit\u00e9s int\u00e9gr\u00e9es telles que les soumissions de recettes, les notes et les critiques, ce th\u00e8me est parfait pour ceux qui souhaitent engager leur public et favoriser une communaut\u00e9 autour de leur site Web. De plus, le th\u00e8me WordPress des recettes alimentaires est non seulement optimis\u00e9 pour le r\u00e9f\u00e9rencement mais aussi pour la vitesse, garantissant que votre site Web se charge rapidement et gagne la visibilit\u00e9 sur la premi\u00e8re page des r\u00e9sultats de recherche. Donc, que vous soyez un chef chevronn\u00e9 ou que vous vous entravez simplement dans votre voyage culinaire dans l&rsquo;industrie alimentaire, ce th\u00e8me sert de choix id\u00e9al pour pr\u00e9senter vos comp\u00e9tences culinaires exceptionnelles et partager votre passion profonde pour la nourriture avec le monde.<\/p>\n<ul>\n<li>Th\u00e8me WordPress con\u00e7u par des professionnels sp\u00e9cifiquement pour les blogs sur la nourriture et les recettes<\/li>\n<li>Page d&rsquo;accueil enti\u00e8rement personnalisable avec des options pour pr\u00e9senter des recettes en vedette, des publications populaires et plus encore<\/li>\n<li>Pages de recettes claires et faciles \u00e0 lire avec listes d&rsquo;ingr\u00e9dients personnalisables, temps de cuisson et tailles de service<\/li>\n<li>Formatage de la carte de recette int\u00e9gr\u00e9e pour permettre aux lecteurs d&rsquo;imprimer ou d&rsquo;enregistrer les recettes plus faciles pour plus tard<\/li>\n<li>Int\u00e9gration avec des plugins de recettes populaires comme WP Recepe Maker et cuit, vous offrant encore plus d&rsquo;options pour concevoir et afficher des recettes<\/li>\n<li>La conception sensible aux mobiles garantit que vos recettes sont superbes sur n&rsquo;importe quel appareil<\/li>\n<li>Les dispositions de blog et les formats de publication personnalisables vous permettent de pr\u00e9senter une vari\u00e9t\u00e9 de contenu de la photographie alimentaire aux recettes \u00e9crites et tout le reste<\/li>\n<li>Le codage SEO-Friendly aide votre blog plus haut dans les r\u00e9sultats des moteurs de recherche<\/li>\n<li>Documentation compl\u00e8te et soutien d\u00e9di\u00e9 pour vous aider \u00e0 tirer le meilleur parti de votre site WordPress.<\/li>\n<\/ul>\n","protected":false},"excerpt":{"rendered":"<p>Le th\u00e8me WordPress \u00ab\u00a0Recettes culinaires\u00a0\u00bb a \u00e9t\u00e9 con\u00e7u avec soin pour r\u00e9pondre aux besoins des blogueurs et r\u00e9dacteurs culinaires souhaitant pr\u00e9senter leur contenu de mani\u00e8re visuellement captivante et parfaitement organis\u00e9e. Ce th\u00e8me met l&rsquo;accent sur l&rsquo;art de la photographie culinaire et la pr\u00e9sentation soign\u00e9e des recettes, offrant aux utilisateurs une multitude de mod\u00e8les de recettes personnalisables, des shortcodes faciles \u00e0 g\u00e9rer et un syst\u00e8me de notation intuitif. De plus, il propose un large choix de designs de page d&rsquo;accueil, de diaporamas et de mises en page de blog, offrant ainsi aux utilisateurs de nombreuses options pour pr\u00e9senter leur contenu de mani\u00e8re \u00e0 refl\u00e9ter parfaitement leur style unique et leur vision culinaire. Enfin, ce th\u00e8me est enti\u00e8rement responsive et optimis\u00e9 pour les moteurs de recherche, garantissant ainsi que votre site captive votre audience et attire un trafic constant.<\/p>\n","protected":false},"featured_media":143892,"comment_status":"open","ping_status":"open","template":"","meta":[],"product_brand":[2433],"product_cat":[1606,1212,1213],"product_tag":[1366],"class_list":{"0":"post-111872","1":"product","2":"type-product","3":"status-publish","4":"has-post-thumbnail","6":"product_brand-themeforest","7":"product_cat-restauration-et-restaurant","8":"product_cat-themes","9":"product_cat-wordpress-themes","10":"product_tag-themeforest","11":"member-discount","12":"discount-restricted","14":"first","15":"instock","16":"sale","17":"downloadable","18":"virtual","19":"sold-individually","20":"purchasable","21":"product-type-simple"},"_links":{"self":[{"href":"https:\/\/gpl-love.com\/fr\/wp-json\/wp\/v2\/product\/111872","targetHints":{"allow":["GET"]}}],"collection":[{"href":"https:\/\/gpl-love.com\/fr\/wp-json\/wp\/v2\/product"}],"about":[{"href":"https:\/\/gpl-love.com\/fr\/wp-json\/wp\/v2\/types\/product"}],"replies":[{"embeddable":true,"href":"https:\/\/gpl-love.com\/fr\/wp-json\/wp\/v2\/comments?post=111872"}],"wp:featuredmedia":[{"embeddable":true,"href":"https:\/\/gpl-love.com\/fr\/wp-json\/wp\/v2\/media\/143892"}],"wp:attachment":[{"href":"https:\/\/gpl-love.com\/fr\/wp-json\/wp\/v2\/media?parent=111872"}],"wp:term":[{"taxonomy":"product_brand","embeddable":true,"href":"https:\/\/gpl-love.com\/fr\/wp-json\/wp\/v2\/product_brand?post=111872"},{"taxonomy":"product_cat","embeddable":true,"href":"https:\/\/gpl-love.com\/fr\/wp-json\/wp\/v2\/product_cat?post=111872"},{"taxonomy":"product_tag","embeddable":true,"href":"https:\/\/gpl-love.com\/fr\/wp-json\/wp\/v2\/product_tag?post=111872"}],"curies":[{"name":"wp","href":"https:\/\/api.w.org\/{rel}","templated":true}]}}