{"id":111870,"date":"2025-10-28T00:00:00","date_gmt":"2025-10-27T23:00:00","guid":{"rendered":"http:\/\/gpl-love.com\/fr\/produit\/spa-lab-beauty-salon-wordpress-theme\/"},"modified":"2026-03-20T23:36:45","modified_gmt":"2026-03-20T22:36:45","slug":"spa-lab-beauty-salon-wordpress-theme","status":"publish","type":"product","link":"https:\/\/gpl-love.com\/fr\/produit\/spa-lab-beauty-salon-wordpress-theme\/","title":{"rendered":"Spalab 6.7"},"content":{"rendered":"<h3>Spalab Traits<\/h3>\n<p>Le th\u00e8me WordPress Salon de beaut\u00e9 Spa Lab est sans aucun doute un produit extraordinaire sp\u00e9cifiquement con\u00e7u pour l&rsquo;industrie du salon de beaut\u00e9. Ce th\u00e8me poss\u00e8de un design extr\u00eamement intuitif et contemporain, qui pr\u00e9sente parfaitement une exposition exquise de vos services et produits de salon. Il englobe un large \u00e9ventail de fonctionnalit\u00e9s de pointe m\u00e9ticuleusement adapt\u00e9es aux besoins uniques d&rsquo;un salon de beaut\u00e9, englobant les fonctionnalit\u00e9s de r\u00e9servation de rendez-vous, l&rsquo;int\u00e9gration transparente avec les plateformes de m\u00e9dias sociaux et une option de galerie impressionnante pour pr\u00e9senter sans effort votre travail exceptionnel. De plus, sa conception supr\u00eamement r\u00e9active garantit que votre site Web d\u00e9gagera de l&rsquo;\u00e9clat et de la sophistication sur tous les appareils, facilitant ainsi l&rsquo;acc\u00e8s pratique pour vos clients estim\u00e9s m\u00eame s&rsquo;ils sont en mouvement. De plus, le th\u00e8me WordPress du Spa Lab Beauty Salon fournit un vaste r\u00e9pertoire de choix de personnalisation qui vous permettent sans \u00e9quivoque de fa\u00e7onner votre site Web d&rsquo;une mani\u00e8re qui \u00e9clipse instantan\u00e9ment vos concurrents, en \u00e9tablissant une marque ind\u00e9l\u00e9bile pour votre marque dans le domaine num\u00e9rique. Sans aucun doute, le th\u00e8me WordPress du salon de beaut\u00e9 du laboratoire de spa repr\u00e9sente sans \u00e9quivoque la quintessence de l&rsquo;excellence, ce qui en fait un choix in\u00e9gal\u00e9 pour chaque salon de beaut\u00e9 qui aspire \u00e0 \u00e9tablir une formidable pr\u00e9sence en ligne et \u00e0 \u00e9tendre sa client\u00e8le ch\u00e9ri.<\/p>\n<ul>\n<li>Design \u00e9l\u00e9gant et moderne parfait pour toute entreprise de beaut\u00e9 ou de spa<\/li>\n<li>Page d&rsquo;accueil personnalisable avec une vari\u00e9t\u00e9 d&rsquo;options de mise en page<\/li>\n<li>Syst\u00e8me de r\u00e9servation de rendez-vous int\u00e9gr\u00e9 pour une planification facile<\/li>\n<li>Int\u00e9gration avec des services de marketing par e-mail populaires pour tenir les clients inform\u00e9s des sp\u00e9ciaux et des promotions<\/li>\n<li>Conception r\u00e9active qui a fi\u00e8re allure sur les appareils de bureau et mobiles<\/li>\n<li>Pages pr\u00eates \u00e0 l&#8217;emploi pour les services, les prix et les coordonn\u00e9es<\/li>\n<li>Int\u00e9gration avec les plateformes de m\u00e9dias sociaux pour augmenter la pr\u00e9sence en ligne<\/li>\n<li>Facile \u00e0 mettre \u00e0 jour et \u00e0 maintenir \u00e0 l&rsquo;aide de la plate-forme WordPress<\/li>\n<li>Compatible avec des plugins populaires comme WooCommerce pour la vente de produits et services en ligne<\/li>\n<li>Documentation et prise en charge d\u00e9taill\u00e9es pour une configuration et une utilisation sans tracas<\/li>\n<\/ul>\n","protected":false},"excerpt":{"rendered":"<p>Nous vous pr\u00e9sentons le th\u00e8me WordPress Salon de beaut\u00e9 Spa Lab, une solution tr\u00e8s innovante et compl\u00e8te adapt\u00e9e \u00e0 votre pr\u00e9sence en ligne pour votre salon estim\u00e9! Ce th\u00e8me remarquable poss\u00e8de une pl\u00e9thore de caract\u00e9ristiques de pointe, m\u00e9ticuleusement fabriqu\u00e9s pour r\u00e9pondre sp\u00e9cifiquement aux besoins des spas et des salons de beaut\u00e9. De la commodit\u00e9 de permettre \u00e0 vos clients de r\u00e9server des rendez-vous sans effort, \u00e0 la flexibilit\u00e9 de la personnalisation des tables de tarification en fonction de vos pr\u00e9f\u00e9rences uniques, et m\u00eame d&rsquo;un blog int\u00e9gr\u00e9 de mani\u00e8re transparente, con\u00e7u pour pr\u00e9senter votre large \u00e9ventail de services et de produits exceptionnels &#8211; ce th\u00e8me a tout! Non seulement il encapsule ces fonctionnalit\u00e9s remarquables, mais elle pr\u00e9sente \u00e9galement une interface remarquablement conviviale, vous permettant de modifier et de personnaliser sans effort l&rsquo;apparence de votre site Web, en vous garantissant qu&rsquo;il s&rsquo;aligne parfaitement sur votre identit\u00e9 de marque. Avec le th\u00e8me WordPress du Spa Lab Beauty Salon en tant que compagnon de confiance, vous \u00eates assur\u00e9 d&rsquo;attirer une multitude de clients potentiels, de pr\u00e9senter efficacement vos services sans pr\u00e9c\u00e9dent et, finalement, d&rsquo;\u00e9largir les horizons de votre entreprise florissante dans le vaste domaine de la sph\u00e8re en ligne.<\/p>\n","protected":false},"featured_media":145309,"comment_status":"open","ping_status":"open","template":"","meta":[],"product_brand":[2433],"product_cat":[1516,1212,1213],"product_tag":[1366],"class_list":{"0":"post-111870","1":"product","2":"type-product","3":"status-publish","4":"has-post-thumbnail","6":"product_brand-themeforest","7":"product_cat-entreprise","8":"product_cat-themes","9":"product_cat-wordpress-themes","10":"product_tag-themeforest","11":"member-discount","12":"discount-restricted","14":"first","15":"instock","16":"sale","17":"downloadable","18":"virtual","19":"sold-individually","20":"purchasable","21":"product-type-simple"},"_links":{"self":[{"href":"https:\/\/gpl-love.com\/fr\/wp-json\/wp\/v2\/product\/111870","targetHints":{"allow":["GET"]}}],"collection":[{"href":"https:\/\/gpl-love.com\/fr\/wp-json\/wp\/v2\/product"}],"about":[{"href":"https:\/\/gpl-love.com\/fr\/wp-json\/wp\/v2\/types\/product"}],"replies":[{"embeddable":true,"href":"https:\/\/gpl-love.com\/fr\/wp-json\/wp\/v2\/comments?post=111870"}],"wp:featuredmedia":[{"embeddable":true,"href":"https:\/\/gpl-love.com\/fr\/wp-json\/wp\/v2\/media\/145309"}],"wp:attachment":[{"href":"https:\/\/gpl-love.com\/fr\/wp-json\/wp\/v2\/media?parent=111870"}],"wp:term":[{"taxonomy":"product_brand","embeddable":true,"href":"https:\/\/gpl-love.com\/fr\/wp-json\/wp\/v2\/product_brand?post=111870"},{"taxonomy":"product_cat","embeddable":true,"href":"https:\/\/gpl-love.com\/fr\/wp-json\/wp\/v2\/product_cat?post=111870"},{"taxonomy":"product_tag","embeddable":true,"href":"https:\/\/gpl-love.com\/fr\/wp-json\/wp\/v2\/product_tag?post=111870"}],"curies":[{"name":"wp","href":"https:\/\/api.w.org\/{rel}","templated":true}]}}