{"id":111868,"date":"2024-02-14T00:00:00","date_gmt":"2024-02-13T23:00:00","guid":{"rendered":"http:\/\/gpl-love.com\/fr\/produit\/hreflang-manager\/"},"modified":"2026-03-20T23:19:53","modified_gmt":"2026-03-20T22:19:53","slug":"hreflang-manager","status":"publish","type":"product","link":"https:\/\/gpl-love.com\/fr\/produit\/hreflang-manager\/","title":{"rendered":"Hreflang Manager 1.32"},"content":{"rendered":"<h3>Hreflang Manager Traits<\/h3>\n<p>Hreflang Manager, un outil tr\u00e8s robuste et sophistiqu\u00e9 m\u00e9ticuleusement con\u00e7u dans le seul but d&rsquo;aider les propri\u00e9taires de sites Web et les d\u00e9veloppeurs \u00e0 superviser et \u00e0 organiser efficacement des balises Hreflang sur leurs sites Web multilingues, poss\u00e8de un \u00e9ventail de fonctionnalit\u00e9s avantageuses qui sont li\u00e9es aux utilisateurs d&rsquo;attente. Gr\u00e2ce \u00e0 cet outil ing\u00e9nieux, les individus peuvent fabriquer, modifier et maintenir de mani\u00e8re transparente les balises Hreflang dans une interface qui d\u00e9gage de la convivialit\u00e9 et de l&rsquo;accessibilit\u00e9 des utilisateurs. Parmi ses capacit\u00e9s notables figurent la facilitation de la cr\u00e9ation de balises en vrac et la g\u00e9n\u00e9ration automatique d&rsquo;\u00e9tiquettes bas\u00e9es sur la structure complexe du site Web. En employant Hreflang Manager, les propri\u00e9taires de sites Web peuvent s&rsquo;assurer en toute confiance que leurs plateformes num\u00e9riques sont m\u00e9ticuleusement localis\u00e9es et cibl\u00e9es avec pr\u00e9cision vers leur public pr\u00e9vu. De plus, cet outil extraordinaire donne un impact profond sur l&rsquo;optimisation des moteurs de recherche (SEO) en optimisant les r\u00e9sultats des moteurs de recherche avec une pr\u00e9cision impeccable. Dans l&rsquo;ensemble, Hreflang Manager est un atout indispensable pour toute personne ayant des aspirations \u00e0 favoriser un site Web multilingue florissant.<\/p>\n<ul>\n<li>Rationalise la gestion des balises hreflang pour les sites Web multilingues et multinationaux<\/li>\n<li>S&rsquo;assure que le contenu du site Web est pr\u00e9sent\u00e9 au bon public dans la langue et l&#8217;emplacement corrects<\/li>\n<li>Automatise le processus de marquage Hreflang pour gagner du temps et r\u00e9duire le risque d&rsquo;erreurs<\/li>\n<li>Fournit une interface conviviale pour une navigation et une personnalisation faciles<\/li>\n<li>Offre des options flexibles pour la personnalisation pour r\u00e9pondre aux besoins et pr\u00e9f\u00e9rences sp\u00e9cifiques<\/li>\n<li>Aide \u00e0 am\u00e9liorer le r\u00e9f\u00e9rencement du site Web et \u00e0 augmenter le trafic organique en am\u00e9liorant l&rsquo;exp\u00e9rience utilisateur et les classements de recherche<\/li>\n<li>Compatible avec diverses plates-formes CMS et peut \u00eatre utilis\u00e9e sur plusieurs sites Web<\/li>\n<li>Fournit des mises \u00e0 jour r\u00e9guli\u00e8res et une prise en charge des performances et des fonctionnalit\u00e9s optimales.<\/li>\n<\/ul>\n","protected":false},"excerpt":{"rendered":"<p>Hreflang Manager est un outil incroyablement robuste et efficace qui garantit l&rsquo;impl\u00e9mentation et l&rsquo;optimisation correctes des balises Hreflang de votre site Web afin d&rsquo;am\u00e9liorer vos efforts de r\u00e9f\u00e9rencement multilingue. En utilisant son interface conviviale, vous pouvez g\u00e9rer et superviser sans effort les balises Hreflang pour de nombreuses langues et variations r\u00e9gionales, garantissant ainsi que les moteurs de recherche reconnaissent et indexent votre site Web diversifi\u00e9 pour diverses r\u00e9gions et langues. L&rsquo;utilisation du manager de Hreflang \u00e9radique la n\u00e9cessit\u00e9 d&rsquo;une mise en \u0153uvre manuelle, ce qui vous permet de gagner du temps pr\u00e9cieux et de ressources pr\u00e9cieuses gr\u00e2ce \u00e0 ses capacit\u00e9s d&rsquo;automatisation. Faites un investissement judicieux dans Hreflang Manager aujourd&rsquo;hui et assistez \u00e0 la r\u00e9alisation de classements sup\u00e9rieurs et \u00e0 une visibilit\u00e9 accrue pour votre public international.<\/p>\n","protected":false},"featured_media":144201,"comment_status":"open","ping_status":"open","template":"","meta":[],"product_brand":[2435],"product_cat":[1335,1181,1186],"product_tag":[1231],"class_list":{"0":"post-111868","1":"product","2":"type-product","3":"status-publish","4":"has-post-thumbnail","6":"product_brand-codecanyon","7":"product_cat-seo","8":"product_cat-plugins","9":"product_cat-wordpress-plugins","10":"product_tag-codecanyon","11":"member-discount","12":"discount-restricted","14":"first","15":"instock","16":"sale","17":"downloadable","18":"virtual","19":"sold-individually","20":"purchasable","21":"product-type-simple"},"_links":{"self":[{"href":"https:\/\/gpl-love.com\/fr\/wp-json\/wp\/v2\/product\/111868","targetHints":{"allow":["GET"]}}],"collection":[{"href":"https:\/\/gpl-love.com\/fr\/wp-json\/wp\/v2\/product"}],"about":[{"href":"https:\/\/gpl-love.com\/fr\/wp-json\/wp\/v2\/types\/product"}],"replies":[{"embeddable":true,"href":"https:\/\/gpl-love.com\/fr\/wp-json\/wp\/v2\/comments?post=111868"}],"wp:featuredmedia":[{"embeddable":true,"href":"https:\/\/gpl-love.com\/fr\/wp-json\/wp\/v2\/media\/144201"}],"wp:attachment":[{"href":"https:\/\/gpl-love.com\/fr\/wp-json\/wp\/v2\/media?parent=111868"}],"wp:term":[{"taxonomy":"product_brand","embeddable":true,"href":"https:\/\/gpl-love.com\/fr\/wp-json\/wp\/v2\/product_brand?post=111868"},{"taxonomy":"product_cat","embeddable":true,"href":"https:\/\/gpl-love.com\/fr\/wp-json\/wp\/v2\/product_cat?post=111868"},{"taxonomy":"product_tag","embeddable":true,"href":"https:\/\/gpl-love.com\/fr\/wp-json\/wp\/v2\/product_tag?post=111868"}],"curies":[{"name":"wp","href":"https:\/\/api.w.org\/{rel}","templated":true}]}}