{"id":111866,"date":"2025-12-11T00:00:00","date_gmt":"2025-12-10T23:00:00","guid":{"rendered":"http:\/\/gpl-love.com\/fr\/produit\/neve-pro-addon\/"},"modified":"2026-03-20T23:27:42","modified_gmt":"2026-03-20T22:27:42","slug":"neve-pro-addon","status":"publish","type":"product","link":"https:\/\/gpl-love.com\/fr\/produit\/neve-pro-addon\/","title":{"rendered":"Neve Pro Addon 3.2.3"},"content":{"rendered":"<h3>Neve Pro Addon Traits<\/h3>\n<p>Le NEVE Pro Addon est un plugin WordPress incroyablement robuste et multiforme qui fournit une vaste gamme de fonctionnalit\u00e9s visant \u00e0 am\u00e9liorer la fonctionnalit\u00e9 globale et l&rsquo;esth\u00e9tique de votre site Web. Avec ce plugin exceptionnel \u00e0 votre disposition, vous avez la possibilit\u00e9 de personnaliser votre site Web de nombreuses fa\u00e7ons, y compris la manipulation des dispositions d&rsquo;en-t\u00eate et de pied de page, des mod\u00e8les de billet de blog et bien plus encore. En outre, ce plugin remarquable s&rsquo;int\u00e8gre de mani\u00e8re transparente \u00e0 certains des constructeurs de pages les plus utilis\u00e9s tels que Elementor, Beaver Builder et Gutenberg, \u00e9liminant efficacement le besoin d&rsquo;une expertise de codage. Gr\u00e2ce \u00e0 la mise en \u0153uvre du NEVE Pro Addon, les utilisateurs sont non seulement en mesure de cr\u00e9er sans effort des pages visuellement \u00e9tonnantes, mais ils ont \u00e9galement acc\u00e8s \u00e0 une gamme d&rsquo;options avanc\u00e9es sp\u00e9cialement con\u00e7ues pour optimiser WooCommerce, y compris des fonctionnalit\u00e9s telles que le produit rapide, les capacit\u00e9s de WishList, et Fonctionnalit\u00e9 de recherche ajax. De plus, le NEVE Pro Addon poss\u00e8de une conception tr\u00e8s r\u00e9active, garantissant que votre site Web appara\u00eetra sans faille sur tous les appareils \u00e0 partir desquels il est accessible. Quel que soit votre niveau de comp\u00e9tence, que vous soyez un novice ou un professionnel chevronn\u00e9, le NEVE Pro Addon poss\u00e8de sans aucun doute quelque chose de valeur qui \u00e9l\u00e8vera sans aucun doute votre site Web \u00e0 des sommets nouveaux et impr\u00e9vus.<\/p>\n<ul>\n<li>Am\u00e9liorez la puissance de votre site Web NEVE avec le NEVE Pro Addon<\/li>\n<li>Acc\u00e9dez \u00e0 plus de 30 fonctionnalit\u00e9s pro qui feront passer votre site Web au niveau sup\u00e9rieur<\/li>\n<li>Profitez des options avanc\u00e9es d&rsquo;en-t\u00eate et de pied de page pour cr\u00e9er une apparence et une sensation uniques pour votre site Web<\/li>\n<li>Profitez des options de mise en page personnalis\u00e9es, y compris les versions pleine largeur et en bo\u00eete de pages<\/li>\n<li>Utilisez les fonctionnalit\u00e9s avanc\u00e9es du blog pour pr\u00e9senter votre contenu de la meilleure fa\u00e7on possible<\/li>\n<li>Am\u00e9liorez les performances de votre site Web avec des optimisations de vitesse avanc\u00e9es<\/li>\n<li>Acc\u00e9der \u00e0 une vari\u00e9t\u00e9 de sites de d\u00e9marrage pr\u00e9d\u00e9finis pour gagner du temps et assurer un look professionnel<\/li>\n<li>Acc\u00e9dez \u00e0 un support prioritaire pour vous assurer que votre site Web fonctionne toujours bien<\/li>\n<li>Obtenez des mises \u00e0 jour automatiques pour garder votre site Web \u00e0 jour avec les derni\u00e8res fonctionnalit\u00e9s et les am\u00e9liorations de la s\u00e9curit\u00e9<\/li>\n<li>D\u00e9couvrez l&rsquo;int\u00e9gration transparente avec le th\u00e8me NEVE pour une exp\u00e9rience de site Web compl\u00e8te et harmonieuse.<\/li>\n<\/ul>\n","protected":false},"excerpt":{"rendered":"<p>Le NEVE Pro Addon, un plugin incroyablement robuste sp\u00e9cifiquement destin\u00e9 aux d\u00e9veloppeurs de sites Web cherchant \u00e0 amplifier le potentiel du th\u00e8me NEVE, poss\u00e8de un \u00e9ventail de fonctionnalit\u00e9s exceptionnelles. Cet outil remarquable permet aux utilisateurs de personnaliser sans effort leurs sites Web avec un \u00e9ventail d&rsquo;options de conception de pointe, englobant les dispositions suppl\u00e9mentaires d&rsquo;en-t\u00eate et de pied de page, des en-t\u00eates collants et transparents int\u00e9gr\u00e9s de mani\u00e8re transparente, des dispositions de blogs sur mesure uniquement et une abondance d&rsquo;autres fonctionnalit\u00e9s impressionnantes. En exploitant les capacit\u00e9s formidables du NEVE Pro Addon, les d\u00e9veloppeurs et les concepteurs ont l&rsquo;occasion inestimable de cr\u00e9er des sites Web visuellement frappants et avant-gardistes qui surpassent sans effort leurs concurrents.<\/p>\n","protected":false},"featured_media":144721,"comment_status":"open","ping_status":"open","template":"","meta":[],"product_brand":[2545],"product_cat":[1214,1212,1213],"product_tag":[1605],"class_list":{"0":"post-111866","1":"product","2":"type-product","3":"status-publish","4":"has-post-thumbnail","6":"product_brand-themeisle","7":"product_cat-polyvalent","8":"product_cat-themes","9":"product_cat-wordpress-themes","10":"product_tag-themeisle","11":"member-discount","12":"discount-restricted","14":"first","15":"instock","16":"sale","17":"downloadable","18":"virtual","19":"sold-individually","20":"purchasable","21":"product-type-simple"},"_links":{"self":[{"href":"https:\/\/gpl-love.com\/fr\/wp-json\/wp\/v2\/product\/111866","targetHints":{"allow":["GET"]}}],"collection":[{"href":"https:\/\/gpl-love.com\/fr\/wp-json\/wp\/v2\/product"}],"about":[{"href":"https:\/\/gpl-love.com\/fr\/wp-json\/wp\/v2\/types\/product"}],"replies":[{"embeddable":true,"href":"https:\/\/gpl-love.com\/fr\/wp-json\/wp\/v2\/comments?post=111866"}],"wp:featuredmedia":[{"embeddable":true,"href":"https:\/\/gpl-love.com\/fr\/wp-json\/wp\/v2\/media\/144721"}],"wp:attachment":[{"href":"https:\/\/gpl-love.com\/fr\/wp-json\/wp\/v2\/media?parent=111866"}],"wp:term":[{"taxonomy":"product_brand","embeddable":true,"href":"https:\/\/gpl-love.com\/fr\/wp-json\/wp\/v2\/product_brand?post=111866"},{"taxonomy":"product_cat","embeddable":true,"href":"https:\/\/gpl-love.com\/fr\/wp-json\/wp\/v2\/product_cat?post=111866"},{"taxonomy":"product_tag","embeddable":true,"href":"https:\/\/gpl-love.com\/fr\/wp-json\/wp\/v2\/product_tag?post=111866"}],"curies":[{"name":"wp","href":"https:\/\/api.w.org\/{rel}","templated":true}]}}