{"id":111864,"date":"2021-02-15T00:00:00","date_gmt":"2021-02-14T23:00:00","guid":{"rendered":"http:\/\/gpl-love.com\/fr\/produit\/element-plus-wpbakery-page-builder-addon\/"},"modified":"2026-03-20T23:03:16","modified_gmt":"2026-03-20T22:03:16","slug":"element-plus-wpbakery-page-builder-addon","status":"publish","type":"product","link":"https:\/\/gpl-love.com\/fr\/produit\/element-plus-wpbakery-page-builder-addon\/","title":{"rendered":"Element Plus WPBakery Page Builder Addon 2.0"},"content":{"rendered":"<h3>Element Plus WPBakery Page Builder Addon Traits<\/h3>\n<p>L&rsquo;addon d&rsquo;\u00e9l\u00e9ment plus WPBAKERY Page Builder est un outil incroyablement robuste et influent qui a \u00e9t\u00e9 m\u00e9ticuleusement con\u00e7u pour augmenter les capacit\u00e9s d\u00e9j\u00e0 impressionnantes du constructeur de page WPBAKERY pour WordPress. En incorporant cet addon ph\u00e9nom\u00e9nal dans leur r\u00e9pertoire, les utilisateurs ont acc\u00e8s \u00e0 un assortiment expansif et in\u00e9gal\u00e9 d&rsquo;\u00e9l\u00e9ments nouveaux et distinctifs, y compris, mais sans s&rsquo;y limiter, des animations impressionnantes, des tables de tarification captivantes, des graphiques informatifs, des minuteries de comptage tantaliennes et un myriade d&rsquo;autres de autres options captivantes. La vraie beaut\u00e9 de ces \u00e9l\u00e9ments r\u00e9side dans leur personnalisation remarquable, car ils peuvent \u00eatre int\u00e9gr\u00e9s sans effort en toute transparence dans n&rsquo;importe quelle conception de site Web, quelle que soit la complexit\u00e9 ou l&rsquo;\u00e9laboration. La cerise sur le g\u00e2teau est que l&rsquo;addon d&rsquo;\u00e9l\u00e9ment plus WPBAKERY Page Builder est un outil incroyablement convivial et accessible qui ne n\u00e9cessite aucune connaissance de codage, s&rsquo;adressant \u00e0 la fois aux cr\u00e9ateurs de n\u00e9ophytes et aux d\u00e9veloppeurs assaisonn\u00e9s. Avec son interface remarquablement intuitive et sa documentation compl\u00e8te, cet addon sert d&rsquo;attention inestimable, permettant aux cr\u00e9ateurs de sites Web d&rsquo;optimiser leur efficacit\u00e9, d&rsquo;\u00e9conomiser de grandes quantit\u00e9s de temps pr\u00e9cieux et de fabriquer des sites Web dynamiques et de finesse sans pr\u00e9c\u00e9dent visuellement.<\/p>\n<ul>\n<li>Am\u00e9liore la fonctionnalit\u00e9 de WPBakery Page Builder<\/li>\n<li>Ajoute des \u00e9l\u00e9ments de contenu suppl\u00e9mentaires au plugin<\/li>\n<li>Offre des options personnalisables pour divers \u00e9l\u00e9ments<\/li>\n<li>Fournit des options de conception r\u00e9actives pour tous les \u00e9l\u00e9ments<\/li>\n<li>Facile \u00e0 installer et \u00e0 utiliser<\/li>\n<li>Gave le temps \u00e0 cr\u00e9er des conceptions personnalis\u00e9es<\/li>\n<li>Livr\u00e9 avec un excellent support client<\/li>\n<li>Enti\u00e8rement compatible avec la derni\u00e8re version de WordPress<\/li>\n<li>Peut \u00eatre utilis\u00e9 pour diff\u00e9rents types de sites Web et de projets Web<\/li>\n<li>R\u00e9guli\u00e8rement mis \u00e0 jour pour assurer des performances de qualit\u00e9 sup\u00e9rieure<\/li>\n<\/ul>\n","protected":false},"excerpt":{"rendered":"<p>Le Builder Addon Element plus WPBAKERY, qui est un outil exceptionnel pour am\u00e9liorer les conceptions de votre site Web, offre une pl\u00e9thore de nouveaux \u00e9l\u00e9ments et fonctionnalit\u00e9s qui \u00e9l\u00e8veront sans effort l&rsquo;attrait visuel de vos pages Web. Ce module compl\u00e9mentaire sup\u00e9rieur, exclusivement con\u00e7u pour le Builder de Page WPBakery, pr\u00e9sente un vaste assortiment de plus de 50 composants de contenu frais, englobant des choix de carrousel et de diaporama avanc\u00e9s, des ic\u00f4nes personnalis\u00e9es, des arri\u00e8re-plans anim\u00e9s captivants et diverses autres options remarquables. Par cons\u00e9quent, le constructeur de pages WPBAKERY Element Plus vous offre tous les outils n\u00e9cessaires pour fa\u00e7onner un site Web qui rayonne de professionnalisme. Que vous ayez des comp\u00e9tences en conception rudimentaire ou avanc\u00e9e, cet addon est garanti pour rationaliser votre flux de travail, vous permettant d&rsquo;\u00e9conomiser un temps pr\u00e9cieux et d&rsquo;augmenter vos prouesses cr\u00e9atives. Embrassez la puissance transformatrice de l&rsquo;addon de Builder Page Element plus WPBAKERY et donnez \u00e0 votre site Web la mise \u00e0 niveau qu&rsquo;il m\u00e9rite aujourd&rsquo;hui.<\/p>\n","protected":false},"featured_media":143700,"comment_status":"open","ping_status":"open","template":"","meta":[],"product_brand":[2435],"product_cat":[1189,1181,1186],"product_tag":[1231],"class_list":{"0":"post-111864","1":"product","2":"type-product","3":"status-publish","4":"has-post-thumbnail","6":"product_brand-codecanyon","7":"product_cat-personnalisation","8":"product_cat-plugins","9":"product_cat-wordpress-plugins","10":"product_tag-codecanyon","11":"member-discount","12":"discount-restricted","14":"first","15":"instock","16":"sale","17":"downloadable","18":"virtual","19":"sold-individually","20":"purchasable","21":"product-type-simple"},"_links":{"self":[{"href":"https:\/\/gpl-love.com\/fr\/wp-json\/wp\/v2\/product\/111864","targetHints":{"allow":["GET"]}}],"collection":[{"href":"https:\/\/gpl-love.com\/fr\/wp-json\/wp\/v2\/product"}],"about":[{"href":"https:\/\/gpl-love.com\/fr\/wp-json\/wp\/v2\/types\/product"}],"replies":[{"embeddable":true,"href":"https:\/\/gpl-love.com\/fr\/wp-json\/wp\/v2\/comments?post=111864"}],"wp:featuredmedia":[{"embeddable":true,"href":"https:\/\/gpl-love.com\/fr\/wp-json\/wp\/v2\/media\/143700"}],"wp:attachment":[{"href":"https:\/\/gpl-love.com\/fr\/wp-json\/wp\/v2\/media?parent=111864"}],"wp:term":[{"taxonomy":"product_brand","embeddable":true,"href":"https:\/\/gpl-love.com\/fr\/wp-json\/wp\/v2\/product_brand?post=111864"},{"taxonomy":"product_cat","embeddable":true,"href":"https:\/\/gpl-love.com\/fr\/wp-json\/wp\/v2\/product_cat?post=111864"},{"taxonomy":"product_tag","embeddable":true,"href":"https:\/\/gpl-love.com\/fr\/wp-json\/wp\/v2\/product_tag?post=111864"}],"curies":[{"name":"wp","href":"https:\/\/api.w.org\/{rel}","templated":true}]}}