{"id":111862,"date":"2021-02-14T00:00:00","date_gmt":"2021-02-13T23:00:00","guid":{"rendered":"http:\/\/gpl-love.com\/fr\/produit\/vastart-digital-company-and-startup-wordpress-theme\/"},"modified":"2026-04-10T18:44:54","modified_gmt":"2026-04-10T16:44:54","slug":"vastart-digital-company-and-startup-wordpress-theme","status":"publish","type":"product","link":"https:\/\/gpl-love.com\/fr\/produit\/vastart-digital-company-and-startup-wordpress-theme\/","title":{"rendered":"Vastart Digital Company et Startup WordPress Theme 1.2.47"},"content":{"rendered":"<h3>Vastart Digital Company et Startup WordPress Theme Traits<\/h3>\n<p>La soci\u00e9t\u00e9 num\u00e9rique Vastart et le th\u00e8me WordPress de startup sont un outil exceptionnellement remarquable pour toute entreprise naissante ou entreprise num\u00e9rique florissante cherchant \u00e0 faire leur marque dans le monde en ligne. B\u00e9n\u00e9ficiant d&rsquo;un design de pointe et esth\u00e9tique, ce th\u00e8me a la capacit\u00e9 de captiver et d&rsquo;attirer des clients potentiels d\u00e8s le d\u00e9but. De plus, le th\u00e8me est pleinement r\u00e9actif, garantissant que votre site Web maintient son apparence et ses fonctionnalit\u00e9s impeccables sur une myriade d&rsquo;appareils. De plus, le th\u00e8me offre une vaste gamme d&rsquo;options de personnalisation, vous permettant de l&rsquo;adapter en fonction de vos besoins et pr\u00e9f\u00e9rences individuels avec la plus grande facilit\u00e9 et la commodit\u00e9. En plus de ses capacit\u00e9s de conception et de personnalisation remarquables, le th\u00e8me Vastart fournit \u00e9galement aux utilisateurs plusieurs dispositions de page d&rsquo;accueil, des mod\u00e8les pr\u00eats \u00e0 l&#8217;emploi et une gamme de sections pr\u00e9d\u00e9finies, qui peuvent \u00eatre personnalis\u00e9es de mani\u00e8re transparente pour refl\u00e9ter impeccablement l&rsquo;unique de votre marque unique de votre marque unique identit\u00e9 et services qu&rsquo;il offre. De plus, ce th\u00e8me va au-del\u00e0 en incorporant une multitude de plugins puissants tels que Slider Revolution, WPBakery Page Builder, WooCommerce et bien d&rsquo;autres, qui rationalisent tous consid\u00e9rablement le processus de d\u00e9veloppement du site Web. Avec les capacit\u00e9s in\u00e9gal\u00e9es offertes par la soci\u00e9t\u00e9 num\u00e9rique de Vastart et le th\u00e8me WordPress startup, vous pouvez \u00e9tablir sans effort et efficacement une pr\u00e9sence en ligne tr\u00e8s professionnelle et percutante pour votre entreprise en un clin d&rsquo;\u0153il.<\/p>\n<ul>\n<li>Design frappant et moderne avec des effets d&rsquo;animation \u00e9l\u00e9gants.<\/li>\n<li>Disposition enti\u00e8rement r\u00e9active qui a fi\u00e8re allure sur n&rsquo;importe quel appareil.<\/li>\n<li>Builder de page de glisser-d\u00e9poser et de d\u00e9pression facile \u00e0 utiliser pour les pages personnalis\u00e9es.<\/li>\n<li>De nombreuses pages et mod\u00e8les pr\u00e9-pr\u00e9par\u00e9s pour la cr\u00e9ation rapide de sites Web.<\/li>\n<li>Compatibilit\u00e9 compl\u00e8te avec WooCommerce pour la fonctionnalit\u00e9 du commerce \u00e9lectronique.<\/li>\n<li>Panneau d&rsquo;options de th\u00e8me avanc\u00e9 pour une personnalisation facile.<\/li>\n<li>Google Fonts Int\u00e9gration pour un large \u00e9ventail d&rsquo;options de typographie.<\/li>\n<li>Importateur de d\u00e9monstration simple en un clic pour reproduire le contenu de d\u00e9monstration du th\u00e8me.<\/li>\n<li>Excellente documentation et soutien des d\u00e9veloppeurs du th\u00e8me.<\/li>\n<\/ul>\n","protected":false},"excerpt":{"rendered":"<p>La soci\u00e9t\u00e9 num\u00e9rique de Vastart et le th\u00e8me WordPress startup, qui a \u00e9t\u00e9 m\u00e9ticuleusement con\u00e7u pour r\u00e9pondre aux besoins et aux demandes des entrepreneurs et des entreprises, pr\u00e9sente une solution exemplaire pour la cr\u00e9ation d&rsquo;un site Web qui respire le professionnalisme et la modernit\u00e9. B\u00e9n\u00e9ficiant d&rsquo;une conception \u00e9l\u00e9gante et r\u00e9active, ce th\u00e8me offre une large gamme d&rsquo;options personnalisables qui permettent aux utilisateurs d&rsquo;adapter leur site Web en fonction de leurs pr\u00e9f\u00e9rences. Avec plusieurs dispositions de page d&rsquo;accueil, la possibilit\u00e9 de concevoir l&rsquo;en-t\u00eate et le pied de page \u00e0 son go\u00fbt, et d&rsquo;acc\u00e8s \u00e0 une pl\u00e9thore de blocs pr\u00e9-con\u00e7us, Vastart garantit que les utilisateurs ont les outils n\u00e9cessaires pour cr\u00e9er un site Web unique et visuellement captivant. Gr\u00e2ce \u00e0 son interface intuitive et conviviale, Vastart permet la pr\u00e9sentation transparente des services, des articles de portefeuille et des membres de l&rsquo;\u00e9quipe. De plus, ce th\u00e8me remarquable int\u00e8gre des outils de commerce \u00e9lectronique et d&rsquo;optimisation SEO robustes, ce qui en fait une solution globale pour les particuliers et les entreprises cherchant \u00e0 \u00e9tablir une formidable pr\u00e9sence en ligne.<\/p>\n","protected":false},"featured_media":145705,"comment_status":"open","ping_status":"open","template":"","meta":[],"product_brand":[2433],"product_cat":[1242,1212,1213],"product_tag":[1366],"class_list":{"0":"post-111862","1":"product","2":"type-product","3":"status-publish","4":"has-post-thumbnail","6":"product_brand-themeforest","7":"product_cat-creatif","8":"product_cat-themes","9":"product_cat-wordpress-themes","10":"product_tag-themeforest","11":"member-discount","12":"discount-restricted","14":"first","15":"instock","16":"sale","17":"downloadable","18":"virtual","19":"sold-individually","20":"purchasable","21":"product-type-simple"},"_links":{"self":[{"href":"https:\/\/gpl-love.com\/fr\/wp-json\/wp\/v2\/product\/111862","targetHints":{"allow":["GET"]}}],"collection":[{"href":"https:\/\/gpl-love.com\/fr\/wp-json\/wp\/v2\/product"}],"about":[{"href":"https:\/\/gpl-love.com\/fr\/wp-json\/wp\/v2\/types\/product"}],"replies":[{"embeddable":true,"href":"https:\/\/gpl-love.com\/fr\/wp-json\/wp\/v2\/comments?post=111862"}],"wp:featuredmedia":[{"embeddable":true,"href":"https:\/\/gpl-love.com\/fr\/wp-json\/wp\/v2\/media\/145705"}],"wp:attachment":[{"href":"https:\/\/gpl-love.com\/fr\/wp-json\/wp\/v2\/media?parent=111862"}],"wp:term":[{"taxonomy":"product_brand","embeddable":true,"href":"https:\/\/gpl-love.com\/fr\/wp-json\/wp\/v2\/product_brand?post=111862"},{"taxonomy":"product_cat","embeddable":true,"href":"https:\/\/gpl-love.com\/fr\/wp-json\/wp\/v2\/product_cat?post=111862"},{"taxonomy":"product_tag","embeddable":true,"href":"https:\/\/gpl-love.com\/fr\/wp-json\/wp\/v2\/product_tag?post=111862"}],"curies":[{"name":"wp","href":"https:\/\/api.w.org\/{rel}","templated":true}]}}