{"id":111860,"date":"2025-06-05T00:00:00","date_gmt":"2025-06-04T22:00:00","guid":{"rendered":"http:\/\/gpl-love.com\/fr\/produit\/interlinks-manager-internal-links-optimizer-for-wordpress\/"},"modified":"2026-03-20T23:20:28","modified_gmt":"2026-03-20T22:20:28","slug":"interlinks-manager-internal-links-optimizer-for-wordpress","status":"publish","type":"product","link":"https:\/\/gpl-love.com\/fr\/produit\/interlinks-manager-internal-links-optimizer-for-wordpress\/","title":{"rendered":"Interlinks Manager Internal Links Optimizer pour WordPress 1.41"},"content":{"rendered":"<h3>Interlinks Manager Internal Links Optimizer pour WordPress Traits<\/h3>\n<p>L&rsquo;optimiseur des liens internes Interlinks Manager pour WordPress est un outil extr\u00eamement robuste et influent qui offre aux propri\u00e9taires de sites Web la possibilit\u00e9 d&rsquo;am\u00e9liorer leurs liens internes, augmentant ainsi \u00e0 la fois le classement des moteurs de recherche et l&rsquo;exp\u00e9rience utilisateur. Ce plugin remarquable facilite la cr\u00e9ation et la gestion sans effort de liens internes, l&rsquo;analyse de la structure du site Web et l&rsquo;am\u00e9lioration de l&rsquo;organisation de contenu. De plus, ce plugin poss\u00e8de un tableau de fonctionnalit\u00e9s impressionnantes, telles que la cartographie et l&rsquo;analyse des mots cl\u00e9s, les suggestions de liens automatiques, ainsi que les options de redirection des liens. De plus, il fournit aux utilisateurs des rapports et des analyses m\u00e9ticuleux, les permettant de suivre m\u00e9ticuleusement leurs progr\u00e8s et d&rsquo;identifier efficacement les domaines n\u00e9cessitant une am\u00e9lioration. Dans l&rsquo;ensemble, l&rsquo;indispensabilit\u00e9 de l&rsquo;optimiseur des liens internes du gestionnaire Interlinks pour WordPress ne peut pas \u00eatre surestim\u00e9e pour les personnes d\u00e9sireuses d&rsquo;am\u00e9liorer les prouesses de r\u00e9f\u00e9rencement et de favoriser l&rsquo;engagement des utilisateurs sur leurs sites Web respectifs.<\/p>\n<ul>\n<li>Maximise la liaison interne dans votre site WordPress<\/li>\n<li>Aide \u00e0 am\u00e9liorer la navigation du site et l&rsquo;exp\u00e9rience utilisateur<\/li>\n<li>Stimule le r\u00e9f\u00e9rencement en augmentant la visibilit\u00e9 des pages importantes<\/li>\n<li>Cr\u00e9e automatiquement des liens internes en fonction de la pertinence des mots cl\u00e9s<\/li>\n<li>Permet la personnalisation manuelle et le contr\u00f4le de la structure de liaison interne<\/li>\n<li>Compatible avec les plugins SEO populaires comme Yoast et All in One SEO<\/li>\n<li>Gave le temps en rationalisant le processus de liaison interne<\/li>\n<li>Fournit des rapports et des analyses approfondis pour suivre les performances de liaison interne<\/li>\n<li>Aide \u00e0 r\u00e9duire les taux de rebond et \u00e0 augmenter<\/li>\n<li>Interface conviviale pour une configuration et une gestion faciles<\/li>\n<\/ul>\n","protected":false},"excerpt":{"rendered":"<p>L&rsquo;optimiseur des liens internes Interlinks Manager est un outil incroyablement robuste et efficace qui a \u00e9t\u00e9 sp\u00e9cifiquement d\u00e9velopp\u00e9 pour les utilisateurs de WordPress. Sa fonction principale est d&rsquo;am\u00e9liorer et d&rsquo;optimiser les liens internes de votre site Web, ce qui entra\u00eene un trafic accru et une am\u00e9lioration des classements SEO. Gr\u00e2ce \u00e0 l&rsquo;utilisation de cet outil remarquable, vous pouvez g\u00e9rer sans effort et efficacement vos liens internes, permettant ainsi une augmentation des taux d&rsquo;engagement et de conversion. Le gestionnaire Interlinks examine de mani\u00e8re approfondie votre site Web, vous fournissant par la suite de pr\u00e9cieuses suggestions pour les liens internes pertinents qui ont le potentiel d&rsquo;am\u00e9liorer consid\u00e9rablement l&rsquo;interaction des utilisateurs et les taux de conversion globaux. De plus, cet outil vous offre la possibilit\u00e9 de personnaliser et d&rsquo;adapter les mod\u00e8les d&rsquo;interclusion en fonction de vos besoins et pr\u00e9f\u00e9rences sp\u00e9cifiques. De plus, en utilisant la fonction d&rsquo;analyse int\u00e9gr\u00e9e, vous avez la possibilit\u00e9 de surveiller et de suivre de pr\u00e8s vos progr\u00e8s, en vous assurant que vous \u00eates toujours conscient de l&rsquo;impact positif que vos efforts d&rsquo;optimisation des liens internes ont sur les performances globales de votre site Web. En substance, cet outil offre une approche exceptionnellement rationalis\u00e9e et efficace de la gestion des liens internes, conduisant finalement \u00e0 des am\u00e9liorations tangibles et notables pour votre site Web.<\/p>\n","protected":false},"featured_media":144241,"comment_status":"open","ping_status":"open","template":"","meta":[],"product_brand":[2435],"product_cat":[1335,1181,1186],"product_tag":[1231],"class_list":{"0":"post-111860","1":"product","2":"type-product","3":"status-publish","4":"has-post-thumbnail","6":"product_brand-codecanyon","7":"product_cat-seo","8":"product_cat-plugins","9":"product_cat-wordpress-plugins","10":"product_tag-codecanyon","11":"member-discount","12":"discount-restricted","14":"first","15":"instock","16":"sale","17":"downloadable","18":"virtual","19":"sold-individually","20":"purchasable","21":"product-type-simple"},"_links":{"self":[{"href":"https:\/\/gpl-love.com\/fr\/wp-json\/wp\/v2\/product\/111860","targetHints":{"allow":["GET"]}}],"collection":[{"href":"https:\/\/gpl-love.com\/fr\/wp-json\/wp\/v2\/product"}],"about":[{"href":"https:\/\/gpl-love.com\/fr\/wp-json\/wp\/v2\/types\/product"}],"replies":[{"embeddable":true,"href":"https:\/\/gpl-love.com\/fr\/wp-json\/wp\/v2\/comments?post=111860"}],"wp:featuredmedia":[{"embeddable":true,"href":"https:\/\/gpl-love.com\/fr\/wp-json\/wp\/v2\/media\/144241"}],"wp:attachment":[{"href":"https:\/\/gpl-love.com\/fr\/wp-json\/wp\/v2\/media?parent=111860"}],"wp:term":[{"taxonomy":"product_brand","embeddable":true,"href":"https:\/\/gpl-love.com\/fr\/wp-json\/wp\/v2\/product_brand?post=111860"},{"taxonomy":"product_cat","embeddable":true,"href":"https:\/\/gpl-love.com\/fr\/wp-json\/wp\/v2\/product_cat?post=111860"},{"taxonomy":"product_tag","embeddable":true,"href":"https:\/\/gpl-love.com\/fr\/wp-json\/wp\/v2\/product_tag?post=111860"}],"curies":[{"name":"wp","href":"https:\/\/api.w.org\/{rel}","templated":true}]}}