{"id":111858,"date":"2021-02-15T00:00:00","date_gmt":"2021-02-14T23:00:00","guid":{"rendered":"http:\/\/gpl-love.com\/fr\/produit\/divi-filter-grid\/"},"modified":"2026-03-20T23:00:56","modified_gmt":"2026-03-20T22:00:56","slug":"divi-filter-grid","status":"publish","type":"product","link":"https:\/\/gpl-love.com\/fr\/produit\/divi-filter-grid\/","title":{"rendered":"Divi Filter Grid 2.5.5"},"content":{"rendered":"<h3>Divi Filter Grid Traits<\/h3>\n<p>Divi Filter Grid, un outil tr\u00e8s puissant, permet aux utilisateurs d&rsquo;\u00e9laborer des r\u00e9seaux exquis et fonctionnels sans effort sur leurs sites Web. Cet outil innovant permet aux utilisateurs de passer en tamisez sans effort leur contenu et de le pr\u00e9senter de mani\u00e8re visuellement captivante. Ainsi, il sert de solution exceptionnelle \u00e0 diverses entit\u00e9s telles que les entreprises, les blogueurs et les propri\u00e9taires de sites Web qui aspirent \u00e0 pr\u00e9senter leur \u00e9ventail de produits, de services ou de portefeuille. Le plugin s&rsquo;int\u00e8gre parfaitement au th\u00e8me Divi, augmentant ainsi la facilit\u00e9 avec laquelle les utilisateurs peuvent personnaliser l&rsquo;esth\u00e9tique et l&rsquo;ambiance de leurs sites Web. Tirant parti de son interface de glisser-d\u00e9poser conviviale, les utilisateurs peuvent rapidement forger leurs propres filtres personnalis\u00e9s, dispositions de grille et options de tri. Par cons\u00e9quent, que l&rsquo;on cherche une grille simple ou un syst\u00e8me de filtrage sophistiqu\u00e9, Divi Filter Grid est le rem\u00e8de ultime.<\/p>\n<ul>\n<li>Disposition de grille filtrable pour le th\u00e8me Divi<\/li>\n<li>Permet une organisation facile et un affichage du contenu<\/li>\n<li>Options de filtre flexible et personnalisable<\/li>\n<li>Prend en charge une vari\u00e9t\u00e9 de types de m\u00e9dias, y compris des images et des vid\u00e9os<\/li>\n<li>Conception r\u00e9active mobile pour une visualisation transparente sur tous les appareils<\/li>\n<li>Comprend plusieurs options de mise en page pour diff\u00e9rentes pr\u00e9f\u00e9rences d&rsquo;affichage<\/li>\n<li>Int\u00e9gre parfaitement avec Divi Builder<\/li>\n<li>Interface utilisateur simple pour une configuration et une personnalisation faciles<\/li>\n<li>Compatible avec les plugins et extensions populaires<\/li>\n<li>Fournit un look propre et moderne pour n&rsquo;importe quel site Web.<\/li>\n<\/ul>\n","protected":false},"excerpt":{"rendered":"<p>Divi Filter Grid est la solution parfaite pour organiser et pr\u00e9senter votre contenu dans une disposition de grille hautement personnalisable, dynamique et r\u00e9active. Ce plugin WordPress propose une interface facile \u00e0 utiliser et conviviale qui vous permet de filtrer et de trier votre contenu en fonction de divers crit\u00e8res tels que des cat\u00e9gories, des balises ou des taxonomies personnalis\u00e9es.<\/p>\n<p>La grille de filtre Divi est con\u00e7ue pour fonctionner de mani\u00e8re transparente avec le constructeur Divi, vous permettant de cr\u00e9er de superbes dispositions visuelles sans codage requis. Avec ses options de recherche et de filtre avanc\u00e9es, vos visiteurs peuvent rapidement trouver le contenu qu&rsquo;ils recherchent, am\u00e9liorant leur exp\u00e9rience utilisateur.<\/p>\n<p>Pour les d\u00e9veloppeurs, le plugin propose de nombreuses options de personnalisation. Vous pouvez facilement modifier la disposition de la grille, la typographie, les couleurs, etc. pour correspondre parfaitement \u00e0 l&rsquo;esth\u00e9tique de votre marque. De plus, la grille Divi Filter est adapt\u00e9e aux mobiles, garantissant que votre contenu a fi\u00e8re allure sur tous les appareils.<\/p>\n<p>En conclusion, le Grid Divi Filter est un plugin Powerhouse qui am\u00e9liore la fonctionnalit\u00e9 et l&rsquo;esth\u00e9tique de votre site Web, ce qui le rend plus attrayant et convivial. Investir<\/p>\n","protected":false},"featured_media":143546,"comment_status":"open","ping_status":"open","template":"","meta":[],"product_brand":[2513],"product_cat":[1189,1181,1186],"product_tag":[1603],"class_list":{"0":"post-111858","1":"product","2":"type-product","3":"status-publish","4":"has-post-thumbnail","6":"product_brand-diviplugins","7":"product_cat-personnalisation","8":"product_cat-plugins","9":"product_cat-wordpress-plugins","10":"product_tag-diviplugins","11":"member-discount","12":"discount-restricted","14":"first","15":"instock","16":"sale","17":"downloadable","18":"virtual","19":"sold-individually","20":"purchasable","21":"product-type-simple"},"_links":{"self":[{"href":"https:\/\/gpl-love.com\/fr\/wp-json\/wp\/v2\/product\/111858","targetHints":{"allow":["GET"]}}],"collection":[{"href":"https:\/\/gpl-love.com\/fr\/wp-json\/wp\/v2\/product"}],"about":[{"href":"https:\/\/gpl-love.com\/fr\/wp-json\/wp\/v2\/types\/product"}],"replies":[{"embeddable":true,"href":"https:\/\/gpl-love.com\/fr\/wp-json\/wp\/v2\/comments?post=111858"}],"wp:featuredmedia":[{"embeddable":true,"href":"https:\/\/gpl-love.com\/fr\/wp-json\/wp\/v2\/media\/143546"}],"wp:attachment":[{"href":"https:\/\/gpl-love.com\/fr\/wp-json\/wp\/v2\/media?parent=111858"}],"wp:term":[{"taxonomy":"product_brand","embeddable":true,"href":"https:\/\/gpl-love.com\/fr\/wp-json\/wp\/v2\/product_brand?post=111858"},{"taxonomy":"product_cat","embeddable":true,"href":"https:\/\/gpl-love.com\/fr\/wp-json\/wp\/v2\/product_cat?post=111858"},{"taxonomy":"product_tag","embeddable":true,"href":"https:\/\/gpl-love.com\/fr\/wp-json\/wp\/v2\/product_tag?post=111858"}],"curies":[{"name":"wp","href":"https:\/\/api.w.org\/{rel}","templated":true}]}}