{"id":111856,"date":"2025-03-25T00:00:00","date_gmt":"2025-03-24T23:00:00","guid":{"rendered":"http:\/\/gpl-love.com\/fr\/produit\/pw-woocommerce-gift-cards\/"},"modified":"2026-04-10T18:37:29","modified_gmt":"2026-04-10T16:37:29","slug":"pw-woocommerce-gift-cards","status":"publish","type":"product","link":"https:\/\/gpl-love.com\/fr\/produit\/pw-woocommerce-gift-cards\/","title":{"rendered":"PW WooCommerce Gift Cards Pro 3.22"},"content":{"rendered":"<h3>PW WooCommerce Gift Cards Pro Traits<\/h3>\n<p>PW WooCommerce Cawn Cards Pro est une solution de carte-cadeau globale et multiforme sp\u00e9cialement con\u00e7ue pour les magasins WooCommerce. Cette solution remarquable permet aux propri\u00e9taires de magasins de cr\u00e9er et de commercialiser sans effort des cartes-cadeaux qui affichent des conceptions sur mesure, des valeurs personnalisables et des r\u00e9glementations de rachat personnalis\u00e9es. De plus, ce plugin exceptionnel va au-del\u00e0 en incorporant des fonctionnalit\u00e9s suppl\u00e9mentaires, y compris les capacit\u00e9s d&rsquo;achat en vrac, la possibilit\u00e9 d&rsquo;\u00e9changer les cartes-cadeaux partiellement et l&rsquo;opportunit\u00e9 de surveiller et de suivre m\u00e9ticuleusement les soldes de cartes-cadeaux. En cons\u00e9quence, les cartes-cadeaux PW WooCommerce Pro offrent une exp\u00e9rience de carte-cadeau sans couture et in\u00e9gal\u00e9e aux commer\u00e7ants et aux clients. En int\u00e9grant cette solution extraordinaire dans leurs magasins WooCommerce, les commer\u00e7ants peuvent augmenter efficacement leurs chiffres de vente et cultiver la fid\u00e9lit\u00e9 in\u00e9branlable des clients, tout en offrant une option de don tr\u00e8s pratique et remarquablement flexible.<\/p>\n<ul>\n<li>Permet aux clients d&rsquo;acheter et de donner des cartes-cadeaux \u00e0 des amis et \u00e0 la famille en tant que cadeaux<\/li>\n<li>Mod\u00e8les de carte-cadeau personnalisables disponibles<\/li>\n<li>D\u00e9finissez les montants de la carte-cadeau et permettez une utilisation partielle<\/li>\n<li>Compatible avec WooCommerce, la principale plateforme de commerce \u00e9lectronique<\/li>\n<li>G\u00e9n\u00e8re automatiquement des codes de carte-cadeau uniques pour chaque achat<\/li>\n<li>Afficher et g\u00e9rer l&rsquo;\u00e9quilibre des cartes-cadeaux dans le tableau de bord d&rsquo;administration<\/li>\n<li>Envoyez des notifications de carte-cadeau aux destinataires par e-mail<\/li>\n<li>Option pour d\u00e9finir les dates d&rsquo;expiration pour les cartes-cadeaux<\/li>\n<li>Journaux d&rsquo;historique d&rsquo;achat et d&rsquo;activit\u00e9 disponibles \u00e0 des fins de suivi<\/li>\n<li>Prise en charge multi-monnaie pour les entreprises mondiales.<\/li>\n<\/ul>\n","protected":false},"excerpt":{"rendered":"<p>Si vous \u00eates \u00e0 la recherche d&rsquo;une m\u00e9thode sans effort et sans effort pour fournir des cartes-cadeaux sur votre boutique WooCommerce, ne cherchez pas plus loin que le remarquable PW WooCommerce Cawer Cards Pro. Ce plugin exceptionnellement robuste vous accorde la possibilit\u00e9 d&rsquo;adapter les cartes-cadeaux en fonction de vos pr\u00e9f\u00e9rences de marque et de conception personnelles, d&rsquo;\u00e9tablir des dates d&rsquo;expiration et des seuils de d\u00e9penses minimales, et de surveiller sans effort l&rsquo;utilisation des cartes-cadeaux. De plus, avec un large \u00e9ventail de choix de paiement et de rachat \u00e0 votre disposition, vous pouvez pr\u00e9senter sans effort \u00e0 vos clients une solution de carte-cadeau pratique et adaptable. \u00c9levez votre jeu de cartes-cadeaux \u00e0 de nouveaux sommets en acqu\u00e9rant sans d\u00e9lai PW WooCommerce Cards Pro!<\/p>\n","protected":false},"featured_media":145055,"comment_status":"open","ping_status":"open","template":"","meta":[],"product_brand":[2638],"product_cat":[1182,1200,1181],"product_tag":[1553],"class_list":{"0":"post-111856","1":"product","2":"type-product","3":"status-publish","4":"has-post-thumbnail","6":"product_brand-pimwick","7":"product_cat-commerce-electronique-plugins","8":"product_cat-commercialisation","9":"product_cat-plugins","10":"product_tag-pimwick","11":"member-discount","12":"discount-restricted","14":"first","15":"instock","16":"sale","17":"downloadable","18":"virtual","19":"sold-individually","20":"purchasable","21":"product-type-simple"},"_links":{"self":[{"href":"https:\/\/gpl-love.com\/fr\/wp-json\/wp\/v2\/product\/111856","targetHints":{"allow":["GET"]}}],"collection":[{"href":"https:\/\/gpl-love.com\/fr\/wp-json\/wp\/v2\/product"}],"about":[{"href":"https:\/\/gpl-love.com\/fr\/wp-json\/wp\/v2\/types\/product"}],"replies":[{"embeddable":true,"href":"https:\/\/gpl-love.com\/fr\/wp-json\/wp\/v2\/comments?post=111856"}],"wp:featuredmedia":[{"embeddable":true,"href":"https:\/\/gpl-love.com\/fr\/wp-json\/wp\/v2\/media\/145055"}],"wp:attachment":[{"href":"https:\/\/gpl-love.com\/fr\/wp-json\/wp\/v2\/media?parent=111856"}],"wp:term":[{"taxonomy":"product_brand","embeddable":true,"href":"https:\/\/gpl-love.com\/fr\/wp-json\/wp\/v2\/product_brand?post=111856"},{"taxonomy":"product_cat","embeddable":true,"href":"https:\/\/gpl-love.com\/fr\/wp-json\/wp\/v2\/product_cat?post=111856"},{"taxonomy":"product_tag","embeddable":true,"href":"https:\/\/gpl-love.com\/fr\/wp-json\/wp\/v2\/product_tag?post=111856"}],"curies":[{"name":"wp","href":"https:\/\/api.w.org\/{rel}","templated":true}]}}