{"id":111854,"date":"2021-04-17T00:00:00","date_gmt":"2021-04-16T22:00:00","guid":{"rendered":"http:\/\/gpl-love.com\/fr\/produit\/additional-variation-images-gallery-for-woocommerce-pro\/"},"modified":"2026-04-10T18:44:31","modified_gmt":"2026-04-10T16:44:31","slug":"additional-variation-images-gallery-for-woocommerce-pro","status":"publish","type":"product","link":"https:\/\/gpl-love.com\/fr\/produit\/additional-variation-images-gallery-for-woocommerce-pro\/","title":{"rendered":"Urban Mag News et Magazine WordPress Theme 1.3.1"},"content":{"rendered":"<h3>Urban Mag News et Magazine WordPress Theme Traits<\/h3>\n<p>Le th\u00e8me Urban Mag News and Magazine WordPress est un th\u00e8me exceptionnel et tr\u00e8s r\u00e9actif qui est sp\u00e9cialement con\u00e7u dans le but de servir des magazines en ligne, des portails d&rsquo;information et d&rsquo;autres sites \u00e9ditoriaux. Il poss\u00e8de un design de pointe et captivant qui peut \u00eatre facilement personnalis\u00e9 et adapt\u00e9 pour correspondre \u00e0 votre identit\u00e9 de marque unique. L&rsquo;une de ses qualit\u00e9s remarquables r\u00e9side dans son interface conviviale qui garantit une exp\u00e9rience utilisateur sans couture et sans effort. De plus, il offre une vaste gamme de fonctionnalit\u00e9s telles qu&rsquo;un syst\u00e8me de r\u00e9vision int\u00e9gr\u00e9, une int\u00e9gration transparente avec diverses plateformes de m\u00e9dias sociaux et une s\u00e9lection diversifi\u00e9e de formats post-post, facilitant ainsi la cr\u00e9ation de contenu captivant qui se d\u00e9marque du reste. Avec son backend robuste et une myriade de widgets personnalis\u00e9s, le th\u00e8me Urban Mag News and Magazine WordPress s&rsquo;av\u00e8re \u00eatre un choix id\u00e9al pour les personnes cherchant \u00e0 \u00e9tablir un site Web professionnel qui regorge de fonctionnalit\u00e9s avanc\u00e9es, tout en \u00e9tant optimis\u00e9 pour l&rsquo;optimisation des moteurs de recherche (r\u00e9f\u00e9rencement ) et une exp\u00e9rience utilisateur. En r\u00e9sum\u00e9, ce th\u00e8me est fortement recommand\u00e9 pour tous ceux qui cherchent \u00e0 d\u00e9velopper un magazine en ligne de haut niveau ou un site Web d&rsquo;actualit\u00e9s qui non seulement fournit du contenu convaincant, mais assure \u00e9galement un engagement in\u00e9gal\u00e9 des utilisateurs.<\/p>\n<ul>\n<li>Con\u00e7u sp\u00e9cifiquement pour les sites Web Urban News and Magazine<\/li>\n<li>Disposition enti\u00e8rement r\u00e9active pour une visualisation optimale sur tous les appareils<\/li>\n<li>Une vari\u00e9t\u00e9 de dispositions de page d&rsquo;accueil personnalisables \u00e0 choisir<\/li>\n<li>Comprend un puissant constructeur de pages glisser-d\u00e9poser pour une personnalisation facile<\/li>\n<li>Panneau d&rsquo;options de th\u00e8me \u00e9tendu pour personnaliser les couleurs, les polices et plus encore<\/li>\n<li>S&rsquo;int\u00e8gre aux plateformes de m\u00e9dias sociaux populaires pour un partage de contenu facile<\/li>\n<li>Compatible avec WooCommerce pour vendre des produits et mon\u00e9tiser votre site<\/li>\n<li>Fonctionnalit\u00e9 de recherche avanc\u00e9e pour que les utilisateurs trouvent rapidement le contenu qu&rsquo;ils recherchent<\/li>\n<li>Formats de poste personnalisables pour cr\u00e9er un look unique pour chaque article<\/li>\n<li>Regroup\u00e9 avec plusieurs widgets personnalis\u00e9s et shortcodes pour des fonctionnalit\u00e9s suppl\u00e9mentaires.<\/li>\n<\/ul>\n","protected":false},"excerpt":{"rendered":"<p>Le th\u00e8me Urban Mag News and Magazine WordPress propose un mod\u00e8le de site Web id\u00e9al pour les blogueurs et les m\u00e9dias qui cherchent \u00e0 \u00e9tablir une pr\u00e9sence en ligne sophistiqu\u00e9e et \u00e0 jour. Ce th\u00e8me offre diverses options de mise en page, des widgets personnalisables et une conception r\u00e9active, ce qui le rend sans effort pour pr\u00e9senter vos articles, images et vid\u00e9os les plus r\u00e9cents. De plus, vous avez la capacit\u00e9 d&rsquo;incorporer des en-t\u00eates et des pieds de page personnalis\u00e9s, s\u00e9lectionner dans un \u00e9ventail diversifi\u00e9 de choix de polices et int\u00e9grer de mani\u00e8re transparente les flux de m\u00e9dias sociaux, facilitant une interaction am\u00e9lior\u00e9e avec votre public. En utilisant le th\u00e8me Urban Mag, vous avez la possibilit\u00e9 d&rsquo;am\u00e9liorer votre marque en ligne et de laisser un impact durable sur vos lecteurs.<\/p>\n","protected":false},"featured_media":145668,"comment_status":"open","ping_status":"open","template":"","meta":[],"product_brand":[2433],"product_cat":[1220,1212,1213],"product_tag":[1366],"class_list":{"0":"post-111854","1":"product","2":"type-product","3":"status-publish","4":"has-post-thumbnail","6":"product_brand-themeforest","7":"product_cat-blog-magazine","8":"product_cat-themes","9":"product_cat-wordpress-themes","10":"product_tag-themeforest","11":"member-discount","12":"discount-restricted","14":"first","15":"instock","16":"sale","17":"downloadable","18":"virtual","19":"sold-individually","20":"purchasable","21":"product-type-simple"},"_links":{"self":[{"href":"https:\/\/gpl-love.com\/fr\/wp-json\/wp\/v2\/product\/111854","targetHints":{"allow":["GET"]}}],"collection":[{"href":"https:\/\/gpl-love.com\/fr\/wp-json\/wp\/v2\/product"}],"about":[{"href":"https:\/\/gpl-love.com\/fr\/wp-json\/wp\/v2\/types\/product"}],"replies":[{"embeddable":true,"href":"https:\/\/gpl-love.com\/fr\/wp-json\/wp\/v2\/comments?post=111854"}],"wp:featuredmedia":[{"embeddable":true,"href":"https:\/\/gpl-love.com\/fr\/wp-json\/wp\/v2\/media\/145668"}],"wp:attachment":[{"href":"https:\/\/gpl-love.com\/fr\/wp-json\/wp\/v2\/media?parent=111854"}],"wp:term":[{"taxonomy":"product_brand","embeddable":true,"href":"https:\/\/gpl-love.com\/fr\/wp-json\/wp\/v2\/product_brand?post=111854"},{"taxonomy":"product_cat","embeddable":true,"href":"https:\/\/gpl-love.com\/fr\/wp-json\/wp\/v2\/product_cat?post=111854"},{"taxonomy":"product_tag","embeddable":true,"href":"https:\/\/gpl-love.com\/fr\/wp-json\/wp\/v2\/product_tag?post=111854"}],"curies":[{"name":"wp","href":"https:\/\/api.w.org\/{rel}","templated":true}]}}