{"id":111853,"date":"2021-10-03T00:00:00","date_gmt":"2021-10-02T22:00:00","guid":{"rendered":"http:\/\/gpl-love.com\/fr\/produit\/rafflepress-pro-the-best-wordpress-giveaway-and-contest-plugin\/"},"modified":"2026-04-10T18:37:41","modified_gmt":"2026-04-10T16:37:41","slug":"rafflepress-pro-the-best-wordpress-giveaway-and-contest-plugin","status":"publish","type":"product","link":"https:\/\/gpl-love.com\/fr\/produit\/rafflepress-pro-the-best-wordpress-giveaway-and-contest-plugin\/","title":{"rendered":"RafflePress Pro The Best WordPress Giveaway et Contest Plugin 1.9.0"},"content":{"rendered":"<h3>RafflePress Pro The Best WordPress Giveaway et Contest Plugin Traits<\/h3>\n<p>Rafflepress Pro, un plugin WordPress exceptionnel de qualit\u00e9 remarquable, permet \u00e0 ses utilisateurs de g\u00e9n\u00e9rer et d&rsquo;administrer sans effort des cadeaux et des concours. Offrant une interface conviviale et une large gamme d&rsquo;options personnalisables, Rafflepress Pro appara\u00eet comme la solution ultime pour les entreprises et les blogueurs cherchant \u00e0 am\u00e9liorer l&rsquo;engagement et \u00e0 \u00e9tendre leur public. Ce plugin est fortifi\u00e9 avec des fonctionnalit\u00e9s robustes, y compris l&rsquo;int\u00e9gration transparente avec les plateformes de m\u00e9dias sociaux, l&rsquo;incorporation de strat\u00e9gies de marketing par e-mail et la fourniture d&rsquo;outils de suivi et d&rsquo;analyse de pointe. En tirant parti de Rafflepress Pro, les utilisateurs peuvent d\u00e9velopper des formulaires d&rsquo;entr\u00e9e personnalis\u00e9s, \u00e9tablir des m\u00e9canismes de s\u00e9lection des gagnants automatis\u00e9s et superviser facilement les entr\u00e9es et les prix. Que l&rsquo;objectif soit d&rsquo;ex\u00e9cuter un cadeau simple ou un concours plus complexe, sans la moindre doute, Rafflepress Pro appara\u00eet comme le premier choix pour s&rsquo;int\u00e9grer \u00e0 son site Web WordPress.<\/p>\n<ul>\n<li>Construisez et ex\u00e9cutez de beaux cadeaux efficaces sur votre site Web WordPress<\/li>\n<li>Cr\u00e9er des concours engageants qui attirent l&rsquo;attention et augmentent le trafic de votre site Web<\/li>\n<li>Tirez parti de l&rsquo;int\u00e9gration des m\u00e9dias sociaux pour \u00e9tendre rapidement la port\u00e9e de votre cadeau et stimuler l&rsquo;engagement<\/li>\n<li>Personnalisez votre cadeau ou votre concours avec des mod\u00e8les et des th\u00e8mes attrayants pour correspondre \u00e0 votre marque<\/li>\n<li>L&rsquo;interface intuitive et conviviale facilite la cr\u00e9ation et la gestion de vos cadeaux et concours<\/li>\n<li>Compatible avec une vari\u00e9t\u00e9 de plateformes de marketing par e-mail et de CRM, notamment MailChimp, ConvertKit, et plus<\/li>\n<li>Acc\u00e8s \u00e0 des fonctionnalit\u00e9s avanc\u00e9es comme le partage viral, les cadeaux en plusieurs \u00e9tapes et la protection contre la fraude avec la mise \u00e0 niveau de la version Pro<\/li>\n<li>Le soutien et les mises \u00e0 jour continues garantissent que votre cadeau ou votre concours reste toujours \u00e0 jour et enti\u00e8rement fonctionnel.<\/li>\n<\/ul>\n","protected":false},"excerpt":{"rendered":"<p>Rafflepress Pro, le plugin WordPress in\u00e9gal\u00e9 con\u00e7u pour faciliter l&rsquo;h\u00e9bergement de cadeaux et de concours captivants sur votre site Web estim\u00e9, poss\u00e8de une interface intuitive et un \u00e9ventail d&rsquo;options de personnalisation qui vous permettent de former sans effort et favoriser l&rsquo;engagement. Que votre ambition consiste \u00e0 \u00e9largir votre liste de diffusion, \u00e0 allumer une ferveur sur les plateformes de m\u00e9dias sociaux ou \u00e0 exprimer votre gratitude \u00e0 votre client\u00e8le d\u00e9vou\u00e9e, RafflePress Pro englobe tous les outils et fonctionnalit\u00e9s essentiels requis pour votre triomphe. Par cons\u00e9quent, pourquoi retarder plus longtemps? \u00c9levez votre exp\u00e9rience en mettant \u00e0 niveau vers Rafflepress Pro aujourd&rsquo;hui et commencez \u00e0 op\u00e9rer des cadeaux et des concours triomphants avec un air de professionnalisme accompli!<\/p>\n","protected":false},"featured_media":145070,"comment_status":"open","ping_status":"closed","template":"","meta":[],"product_brand":[2640],"product_cat":[1189,1181,1186],"product_tag":[1599],"class_list":{"0":"post-111853","1":"product","2":"type-product","3":"status-publish","4":"has-post-thumbnail","6":"product_brand-rafflepress","7":"product_cat-personnalisation","8":"product_cat-plugins","9":"product_cat-wordpress-plugins","10":"product_tag-rafflepress","11":"member-discount","12":"discount-restricted","14":"first","15":"instock","16":"sale","17":"downloadable","18":"virtual","19":"sold-individually","20":"purchasable","21":"product-type-simple"},"_links":{"self":[{"href":"https:\/\/gpl-love.com\/fr\/wp-json\/wp\/v2\/product\/111853","targetHints":{"allow":["GET"]}}],"collection":[{"href":"https:\/\/gpl-love.com\/fr\/wp-json\/wp\/v2\/product"}],"about":[{"href":"https:\/\/gpl-love.com\/fr\/wp-json\/wp\/v2\/types\/product"}],"replies":[{"embeddable":true,"href":"https:\/\/gpl-love.com\/fr\/wp-json\/wp\/v2\/comments?post=111853"}],"wp:featuredmedia":[{"embeddable":true,"href":"https:\/\/gpl-love.com\/fr\/wp-json\/wp\/v2\/media\/145070"}],"wp:attachment":[{"href":"https:\/\/gpl-love.com\/fr\/wp-json\/wp\/v2\/media?parent=111853"}],"wp:term":[{"taxonomy":"product_brand","embeddable":true,"href":"https:\/\/gpl-love.com\/fr\/wp-json\/wp\/v2\/product_brand?post=111853"},{"taxonomy":"product_cat","embeddable":true,"href":"https:\/\/gpl-love.com\/fr\/wp-json\/wp\/v2\/product_cat?post=111853"},{"taxonomy":"product_tag","embeddable":true,"href":"https:\/\/gpl-love.com\/fr\/wp-json\/wp\/v2\/product_tag?post=111853"}],"curies":[{"name":"wp","href":"https:\/\/api.w.org\/{rel}","templated":true}]}}